{"id":87975,"date":"2025-08-11T14:13:33","date_gmt":"2025-08-11T14:13:33","guid":{"rendered":"https:\/\/brandss.com.py\/index\/?post_type=product&#038;p=87975"},"modified":"2026-03-17T17:34:09","modified_gmt":"2026-03-17T17:34:09","slug":"perfume-masculino-maison-alhambra-toro-pour-homme-edp-100ml","status":"publish","type":"product","link":"https:\/\/brandss.com.py\/index\/producto\/perfume-masculino-maison-alhambra-toro-pour-homme-edp-100ml\/","title":{"rendered":"PERFUME MASCULINO MAISON ALHAMBRA TORO POUR HOMME EDP 100ML"},"content":{"rendered":"<p><img loading=\"lazy\" decoding=\"async\" class=\"\" src=\"https:\/\/perfumescorp.com\/cdn\/shop\/collections\/Maison_Alhambra.webp?v=1690164948\" alt=\"CASA ALHAMBRA \u2013 Perfumes Corp\" width=\"106\" height=\"106\" \/><\/p>\n<h1>TORO POUR HOMME<\/h1>\n<p>Es una fragancia masculina con car\u00e1cter, que crea una armon\u00eda perfecta entre notas especiadas, dulces y amaderadas. Este perfume est\u00e1 dise\u00f1ado para el hombre moderno y seguro de s\u00ed mismo que busca un aroma potente y sofisticado. Experimenta el encanto de la masculinidad con Toro Pour Homme, una fragancia amaderada que combina c\u00edtricos, especias y notas terrosas para crear un aroma cautivador.<\/p>\n<p><img decoding=\"async\" class=\"alignleft\" src=\"https:\/\/http2.mlstatic.com\/D_NQ_NP_681188-MLA84026606788_052025-O.webp\" \/><\/p>\n<h3>Notas Olfativas<\/h3>\n<p data-start=\"385\" data-end=\"780\"><span>Toro Pour Homme es una fragancia de la familia olfativa Arom\u00e1tica para Hombres. Esta fragrancia es nueva.\u00a0Toro Pour Homme se lanz\u00f3 en 2022. <\/span><\/p>\n<p data-start=\"385\" data-end=\"780\"><span>Las notas de salida son una vibrante combinaci\u00f3n de pomelo y naranja que cautiva los sentidos. En el coraz\u00f3n, una mezcla de pimienta y geranio le otorga a la fragancia una profundidad rica, especiada y floral. En el fondo, vetiver, cedro, pachul\u00ed y benju\u00ed proporcionan un final sensual y duradero que te acompa\u00f1ar\u00e1 durante muchas horas.<\/span><\/p>\n<p data-start=\"813\" data-end=\"933\"><strong data-start=\"813\" data-end=\"827\"><span>Notas de salida:<\/span><\/strong><span>\u00a0pomelo, naranja.<\/span><\/p>\n<p data-start=\"813\" data-end=\"933\"><br data-start=\"853\" data-end=\"856\" \/><strong data-start=\"856\" data-end=\"871\"><span>Notas de coraz\u00f3n:<\/span><\/strong><span>\u00a0pimienta, geranio.<\/span><\/p>\n<p data-start=\"813\" data-end=\"933\"><br data-start=\"887\" data-end=\"890\" \/><strong data-start=\"890\" data-end=\"905\"><span>Notas de fondo:<\/span><\/strong><span>\u00a0vetiver, madera de cedro, pachul\u00ed, benju\u00ed.<\/span><\/p>\n","protected":false},"excerpt":{"rendered":"<p>TORO POUR HOMME Es una fragancia masculina con car\u00e1cter, que crea una armon\u00eda perfecta entre notas especiadas, dulces y amaderadas.<\/p>\n","protected":false},"featured_media":87976,"comment_status":"open","ping_status":"closed","template":"","meta":{"nf_dc_page":""},"product_brand":[107],"product_cat":[84],"product_tag":[143],"class_list":{"0":"post-87975","1":"product","2":"type-product","3":"status-publish","4":"has-post-thumbnail","6":"product_brand-maison-alhambra","7":"product_cat-perfumeria","8":"product_tag-143","10":"first","11":"instock","12":"sale","13":"shipping-taxable","14":"purchasable","15":"product-type-simple"},"_links":{"self":[{"href":"https:\/\/brandss.com.py\/index\/wp-json\/wp\/v2\/product\/87975","targetHints":{"allow":["GET"]}}],"collection":[{"href":"https:\/\/brandss.com.py\/index\/wp-json\/wp\/v2\/product"}],"about":[{"href":"https:\/\/brandss.com.py\/index\/wp-json\/wp\/v2\/types\/product"}],"replies":[{"embeddable":true,"href":"https:\/\/brandss.com.py\/index\/wp-json\/wp\/v2\/comments?post=87975"}],"version-history":[{"count":1,"href":"https:\/\/brandss.com.py\/index\/wp-json\/wp\/v2\/product\/87975\/revisions"}],"predecessor-version":[{"id":87983,"href":"https:\/\/brandss.com.py\/index\/wp-json\/wp\/v2\/product\/87975\/revisions\/87983"}],"wp:featuredmedia":[{"embeddable":true,"href":"https:\/\/brandss.com.py\/index\/wp-json\/wp\/v2\/media\/87976"}],"wp:attachment":[{"href":"https:\/\/brandss.com.py\/index\/wp-json\/wp\/v2\/media?parent=87975"}],"wp:term":[{"taxonomy":"product_brand","embeddable":true,"href":"https:\/\/brandss.com.py\/index\/wp-json\/wp\/v2\/product_brand?post=87975"},{"taxonomy":"product_cat","embeddable":true,"href":"https:\/\/brandss.com.py\/index\/wp-json\/wp\/v2\/product_cat?post=87975"},{"taxonomy":"product_tag","embeddable":true,"href":"https:\/\/brandss.com.py\/index\/wp-json\/wp\/v2\/product_tag?post=87975"}],"curies":[{"name":"wp","href":"https:\/\/api.w.org\/{rel}","templated":true}]}}