{"id":87984,"date":"2025-08-11T16:35:20","date_gmt":"2025-08-11T16:35:20","guid":{"rendered":"https:\/\/brandss.com.py\/index\/?post_type=product&#038;p=87984"},"modified":"2025-12-09T14:42:08","modified_gmt":"2025-12-09T14:42:08","slug":"perfume-femenino-maison-alhambra-olivia-edp-80ml","status":"publish","type":"product","link":"https:\/\/brandss.com.py\/index\/producto\/perfume-femenino-maison-alhambra-olivia-edp-80ml\/","title":{"rendered":"PERFUME FEMENINO MAISON ALHAMBRA OLIVIA EDP 80ML"},"content":{"rendered":"<p><img loading=\"lazy\" decoding=\"async\" class=\"\" src=\"https:\/\/perfumescorp.com\/cdn\/shop\/collections\/Maison_Alhambra.webp?v=1690164948\" alt=\"CASA ALHAMBRA \u2013 Perfumes Corp\" width=\"81\" height=\"81\" \/><\/p>\n<h1>OLIVIA<\/h1>\n<p>Es un perfume sofisticado y elegante que crea una armon\u00eda perfecta entre notas frescas, florales y amaderadas. El perfume Olivia ofrece la combinaci\u00f3n perfecta de elegancia sutil y una experiencia olfativa duradera y cautivadora.<\/p>\n<p><span>Es un cautivador homenaje a la elegancia femenina,esta encantadora fragancia floral ambarada te envuelve en calidez y sofisticaci\u00f3n, convirti\u00e9ndola en la opci\u00f3n perfecta para cualquier ocasi\u00f3n.<\/span><\/p>\n<p><span>Olivia est\u00e1 creada para despertar los sentidos, ofreciendo una experiencia olfativa inolvidable. D\u00e9jate seducir por el encanto radiante y la confianza que te brinda esta exquisita fragancia hoy mismo.<\/span><\/p>\n<p><img loading=\"lazy\" decoding=\"async\" class=\"alignleft\" src=\"https:\/\/yaraparfum.hu\/cdn\/shop\/files\/maison-alhambra-olivia-edp-80-ml-746436.png?v=1744195313&amp;width=1445\" width=\"452\" height=\"452\" \/><\/p>\n<h3>Notas Olfativas<\/h3>\n<p>&nbsp;<\/p>\n<p data-start=\"457\" data-end=\"880\"><span>La fragancia se abre con jazm\u00edn y lirio florecientes, seguidos de una combinaci\u00f3n de mandarina fresca y jengibre. En el coraz\u00f3n, sensuales matices de vainilla y sal aportan riqueza y sofisticaci\u00f3n. En el fondo, la magistral delicadeza del \u00e1mbar y el s\u00e1ndalo cierra la composici\u00f3n, creando un efecto duradero y encantador.<\/span><\/p>\n<p data-start=\"813\" data-end=\"933\"><strong data-start=\"813\" data-end=\"827\"><span>Notas de salida:\u00a0<\/span><\/strong><span>jazm\u00edn, lirio, mandarina, jengibre.<\/span><\/p>\n<p data-start=\"813\" data-end=\"933\"><br data-start=\"853\" data-end=\"856\" \/><strong data-start=\"856\" data-end=\"871\"><span>Notas de coraz\u00f3n:\u00a0<\/span><\/strong><span>vainilla, sal.<\/span><\/p>\n<p data-start=\"813\" data-end=\"933\"><br data-start=\"887\" data-end=\"890\" \/><strong data-start=\"890\" data-end=\"905\"><span>Notas de fondo:\u00a0<\/span><\/strong><span>\u00e1mbar, s\u00e1ndalo.<\/span><\/p>\n","protected":false},"excerpt":{"rendered":"<p>OLIVIA Es un perfume sofisticado y elegante que crea una armon\u00eda perfecta entre notas frescas, florales y amaderadas. El perfume<\/p>\n","protected":false},"featured_media":87987,"comment_status":"open","ping_status":"closed","template":"","meta":{"nf_dc_page":""},"product_brand":[107],"product_cat":[84],"product_tag":[1648],"class_list":{"0":"post-87984","1":"product","2":"type-product","3":"status-publish","4":"has-post-thumbnail","6":"product_brand-maison-alhambra","7":"product_cat-perfumeria","8":"product_tag-1648","10":"first","11":"outofstock","12":"shipping-taxable","13":"purchasable","14":"product-type-simple"},"_links":{"self":[{"href":"https:\/\/brandss.com.py\/index\/wp-json\/wp\/v2\/product\/87984","targetHints":{"allow":["GET"]}}],"collection":[{"href":"https:\/\/brandss.com.py\/index\/wp-json\/wp\/v2\/product"}],"about":[{"href":"https:\/\/brandss.com.py\/index\/wp-json\/wp\/v2\/types\/product"}],"replies":[{"embeddable":true,"href":"https:\/\/brandss.com.py\/index\/wp-json\/wp\/v2\/comments?post=87984"}],"version-history":[{"count":1,"href":"https:\/\/brandss.com.py\/index\/wp-json\/wp\/v2\/product\/87984\/revisions"}],"predecessor-version":[{"id":87993,"href":"https:\/\/brandss.com.py\/index\/wp-json\/wp\/v2\/product\/87984\/revisions\/87993"}],"wp:featuredmedia":[{"embeddable":true,"href":"https:\/\/brandss.com.py\/index\/wp-json\/wp\/v2\/media\/87987"}],"wp:attachment":[{"href":"https:\/\/brandss.com.py\/index\/wp-json\/wp\/v2\/media?parent=87984"}],"wp:term":[{"taxonomy":"product_brand","embeddable":true,"href":"https:\/\/brandss.com.py\/index\/wp-json\/wp\/v2\/product_brand?post=87984"},{"taxonomy":"product_cat","embeddable":true,"href":"https:\/\/brandss.com.py\/index\/wp-json\/wp\/v2\/product_cat?post=87984"},{"taxonomy":"product_tag","embeddable":true,"href":"https:\/\/brandss.com.py\/index\/wp-json\/wp\/v2\/product_tag?post=87984"}],"curies":[{"name":"wp","href":"https:\/\/api.w.org\/{rel}","templated":true}]}}