{"id":87994,"date":"2025-08-11T16:53:22","date_gmt":"2025-08-11T16:53:22","guid":{"rendered":"https:\/\/brandss.com.py\/index\/?post_type=product&#038;p=87994"},"modified":"2026-03-17T16:40:24","modified_gmt":"2026-03-17T16:40:24","slug":"perfume-femenino-vurv-victorieux-femme-100ml","status":"publish","type":"product","link":"https:\/\/brandss.com.py\/index\/producto\/perfume-femenino-vurv-victorieux-femme-100ml\/","title":{"rendered":"PERFUME FEMENINO VURV VICTORIEUX FEMME EDP 100ML"},"content":{"rendered":"<p><img loading=\"lazy\" decoding=\"async\" class=\"\" src=\"https:\/\/www.intenseoud.com\/cdn\/shop\/files\/Forever_Young_-_Vurv.jpg?v=1739047971\" alt=\"Salvage Eau De Parfum Spray 100ML (3.4 OZ) by Vurv | A Zesty, Spicy Blend with Fresh Bergamot and a Warm, Woody Finish. | Intense Oud\" width=\"150\" height=\"150\" \/><\/p>\n<p>VICTORIEUX FEMME 100ML<\/p>\n<div class=\"trix-content\">\n<div>es una fragancia elegante y femenina que combina sofisticaci\u00f3n, dulzura y poder sensual en un solo frasco. Desde la primera pulverizaci\u00f3n, revela una salida chispeante y afrutada con notas de naranja y bergamota que iluminan el esp\u00edritu.<\/div>\n<div>El coraz\u00f3n floral envuelve con delicadeza gracias a la rosa, el jazm\u00edn y la flor de azahar, ofreciendo una sensaci\u00f3n de feminidad radiante. En el fondo, la calidez del almizcle y la vainilla se mezcla con maderas suaves para dar paso a una estela envolvente, duradera y seductora. Perfecto para mujeres que desean destacar con elegancia durante todo el d\u00eda.<\/div>\n<div><img loading=\"lazy\" decoding=\"async\" class=\"wp-image-87996 alignleft\" src=\"https:\/\/brandss.com.py\/index\/wp-content\/uploads\/2025\/08\/victorieux-fem-d-400x283.jpg\" alt=\"\" width=\"298\" height=\"211\" srcset=\"https:\/\/brandss.com.py\/index\/wp-content\/uploads\/2025\/08\/victorieux-fem-d-400x283.jpg 400w, https:\/\/brandss.com.py\/index\/wp-content\/uploads\/2025\/08\/victorieux-fem-d-768x543.jpg 768w, https:\/\/brandss.com.py\/index\/wp-content\/uploads\/2025\/08\/victorieux-fem-d-430x304.jpg 430w, https:\/\/brandss.com.py\/index\/wp-content\/uploads\/2025\/08\/victorieux-fem-d-700x495.jpg 700w, https:\/\/brandss.com.py\/index\/wp-content\/uploads\/2025\/08\/victorieux-fem-d-150x106.jpg 150w, https:\/\/brandss.com.py\/index\/wp-content\/uploads\/2025\/08\/victorieux-fem-d.jpg 841w\" sizes=\"auto, (max-width: 298px) 100vw, 298px\" \/><\/div>\n<div>\n<div><strong>&#8211; Edici\u00f3n:<\/strong>\u00a0Victorieux Femme.<\/div>\n<div><strong>&#8211; Tipo:<\/strong>\u00a0Eau de Parfum.<\/div>\n<div><strong>&#8211; Contenido:<\/strong>\u00a0100ml.<\/div>\n<div><strong>&#8211; G\u00e9nero:<\/strong>\u00a0Femenino.<\/div>\n<div><strong>&#8211; Notas de salida:<\/strong>\u00a0Naranja, bergamota.<\/div>\n<div><strong>&#8211; Notas de coraz\u00f3n:<\/strong>\u00a0Rosa, jazm\u00edn, flor de azahar.<\/div>\n<div><strong>&#8211; Notas de fondo:<\/strong>\u00a0Almizcle, vainilla, maderas suaves.<\/div>\n<\/div>\n<div><\/div>\n<\/div>\n","protected":false},"excerpt":{"rendered":"<p>VICTORIEUX FEMME 100ML es una fragancia elegante y femenina que combina sofisticaci\u00f3n, dulzura y poder sensual en un solo frasco.<\/p>\n","protected":false},"featured_media":87997,"comment_status":"open","ping_status":"closed","template":"","meta":{"nf_dc_page":""},"product_brand":[785],"product_cat":[84],"product_tag":[903],"class_list":{"0":"post-87994","1":"product","2":"type-product","3":"status-publish","4":"has-post-thumbnail","6":"product_brand-vurv","7":"product_cat-perfumeria","8":"product_tag-903","10":"first","11":"outofstock","12":"shipping-taxable","13":"purchasable","14":"product-type-simple"},"_links":{"self":[{"href":"https:\/\/brandss.com.py\/index\/wp-json\/wp\/v2\/product\/87994","targetHints":{"allow":["GET"]}}],"collection":[{"href":"https:\/\/brandss.com.py\/index\/wp-json\/wp\/v2\/product"}],"about":[{"href":"https:\/\/brandss.com.py\/index\/wp-json\/wp\/v2\/types\/product"}],"replies":[{"embeddable":true,"href":"https:\/\/brandss.com.py\/index\/wp-json\/wp\/v2\/comments?post=87994"}],"version-history":[{"count":3,"href":"https:\/\/brandss.com.py\/index\/wp-json\/wp\/v2\/product\/87994\/revisions"}],"predecessor-version":[{"id":88009,"href":"https:\/\/brandss.com.py\/index\/wp-json\/wp\/v2\/product\/87994\/revisions\/88009"}],"wp:featuredmedia":[{"embeddable":true,"href":"https:\/\/brandss.com.py\/index\/wp-json\/wp\/v2\/media\/87997"}],"wp:attachment":[{"href":"https:\/\/brandss.com.py\/index\/wp-json\/wp\/v2\/media?parent=87994"}],"wp:term":[{"taxonomy":"product_brand","embeddable":true,"href":"https:\/\/brandss.com.py\/index\/wp-json\/wp\/v2\/product_brand?post=87994"},{"taxonomy":"product_cat","embeddable":true,"href":"https:\/\/brandss.com.py\/index\/wp-json\/wp\/v2\/product_cat?post=87994"},{"taxonomy":"product_tag","embeddable":true,"href":"https:\/\/brandss.com.py\/index\/wp-json\/wp\/v2\/product_tag?post=87994"}],"curies":[{"name":"wp","href":"https:\/\/api.w.org\/{rel}","templated":true}]}}