{"id":88010,"date":"2025-08-12T11:12:03","date_gmt":"2025-08-12T11:12:03","guid":{"rendered":"https:\/\/brandss.com.py\/index\/?post_type=product&#038;p=88010"},"modified":"2026-03-17T16:41:55","modified_gmt":"2026-03-17T16:41:55","slug":"perfume-masculino-vurv-royce-black-100ml","status":"publish","type":"product","link":"https:\/\/brandss.com.py\/index\/producto\/perfume-masculino-vurv-royce-black-100ml\/","title":{"rendered":"PERFUME MASCULINO VURV ROYCE BLACK EDP 100ML"},"content":{"rendered":"<p><img loading=\"lazy\" decoding=\"async\" class=\"\" src=\"https:\/\/www.parfumonline.ch\/media\/brand\/brand\/vurv.png\" alt=\"Vurv\" width=\"181\" height=\"97\" \/><\/p>\n<h1>Royce Black<\/h1>\n<p>Royce Black, debuta con notas jugosas condimentadas con pimienta, canela y comino.<\/p>\n<p>Las notas florales junto al s\u00e1ndalo contrarrestan perfectamente la esencia, convirti\u00e9ndola en una fragancia apreciada y persistente.<\/p>\n<p>Ingredientes Notas de salida: naranja, pimienta, notas afrutadas Notas medias: canela, comino, clavo, notas florales Notas b\u00e1sicas; s\u00e1ndalo, \u00e1mbar, haba tonka<\/p>\n<p>Una fragancia \u00e1rabe especiada y amaderada, perfecta para la estaci\u00f3n fr\u00eda.<\/p>\n<p><img loading=\"lazy\" decoding=\"async\" class=\" wp-image-88018 alignleft\" src=\"https:\/\/brandss.com.py\/index\/wp-content\/uploads\/2025\/08\/royce-black-d-400x283.jpg\" alt=\"\" width=\"249\" height=\"176\" srcset=\"https:\/\/brandss.com.py\/index\/wp-content\/uploads\/2025\/08\/royce-black-d-400x283.jpg 400w, https:\/\/brandss.com.py\/index\/wp-content\/uploads\/2025\/08\/royce-black-d-768x543.jpg 768w, https:\/\/brandss.com.py\/index\/wp-content\/uploads\/2025\/08\/royce-black-d-430x304.jpg 430w, https:\/\/brandss.com.py\/index\/wp-content\/uploads\/2025\/08\/royce-black-d-700x495.jpg 700w, https:\/\/brandss.com.py\/index\/wp-content\/uploads\/2025\/08\/royce-black-d-150x106.jpg 150w, https:\/\/brandss.com.py\/index\/wp-content\/uploads\/2025\/08\/royce-black-d.jpg 841w\" sizes=\"auto, (max-width: 249px) 100vw, 249px\" \/><\/p>\n<p>Notas de Salida: Manzana, Clavo, Pimienta Rosa<br \/>\nNotas de coraz\u00f3n: Iris, fruta de enebro<br \/>\nNotas de fondo: Oud, \u00e1mbar y romero.<\/p>\n","protected":false},"excerpt":{"rendered":"<p>Royce Black Royce Black, debuta con notas jugosas condimentadas con pimienta, canela y comino. Las notas florales junto al s\u00e1ndalo<\/p>\n","protected":false},"featured_media":88019,"comment_status":"open","ping_status":"closed","template":"","meta":{"nf_dc_page":""},"product_brand":[785],"product_cat":[84],"product_tag":[905],"class_list":{"0":"post-88010","1":"product","2":"type-product","3":"status-publish","4":"has-post-thumbnail","6":"product_brand-vurv","7":"product_cat-perfumeria","8":"product_tag-905","10":"first","11":"outofstock","12":"shipping-taxable","13":"purchasable","14":"product-type-simple"},"_links":{"self":[{"href":"https:\/\/brandss.com.py\/index\/wp-json\/wp\/v2\/product\/88010","targetHints":{"allow":["GET"]}}],"collection":[{"href":"https:\/\/brandss.com.py\/index\/wp-json\/wp\/v2\/product"}],"about":[{"href":"https:\/\/brandss.com.py\/index\/wp-json\/wp\/v2\/types\/product"}],"replies":[{"embeddable":true,"href":"https:\/\/brandss.com.py\/index\/wp-json\/wp\/v2\/comments?post=88010"}],"version-history":[{"count":2,"href":"https:\/\/brandss.com.py\/index\/wp-json\/wp\/v2\/product\/88010\/revisions"}],"predecessor-version":[{"id":88036,"href":"https:\/\/brandss.com.py\/index\/wp-json\/wp\/v2\/product\/88010\/revisions\/88036"}],"wp:featuredmedia":[{"embeddable":true,"href":"https:\/\/brandss.com.py\/index\/wp-json\/wp\/v2\/media\/88019"}],"wp:attachment":[{"href":"https:\/\/brandss.com.py\/index\/wp-json\/wp\/v2\/media?parent=88010"}],"wp:term":[{"taxonomy":"product_brand","embeddable":true,"href":"https:\/\/brandss.com.py\/index\/wp-json\/wp\/v2\/product_brand?post=88010"},{"taxonomy":"product_cat","embeddable":true,"href":"https:\/\/brandss.com.py\/index\/wp-json\/wp\/v2\/product_cat?post=88010"},{"taxonomy":"product_tag","embeddable":true,"href":"https:\/\/brandss.com.py\/index\/wp-json\/wp\/v2\/product_tag?post=88010"}],"curies":[{"name":"wp","href":"https:\/\/api.w.org\/{rel}","templated":true}]}}