{"id":88011,"date":"2025-08-12T10:59:15","date_gmt":"2025-08-12T10:59:15","guid":{"rendered":"https:\/\/brandss.com.py\/index\/?post_type=product&#038;p=88011"},"modified":"2025-12-09T11:36:00","modified_gmt":"2025-12-09T11:36:00","slug":"perfume-femenino-lattafa-sutoor-edp-100ml","status":"publish","type":"product","link":"https:\/\/brandss.com.py\/index\/producto\/perfume-femenino-lattafa-sutoor-edp-100ml\/","title":{"rendered":"PERFUME FEMENINO LATTAFA SUTOOR EDP 100ML"},"content":{"rendered":"<p><img loading=\"lazy\" decoding=\"async\" class=\"\" src=\"https:\/\/myscentjourney.s3.us-east-2.amazonaws.com\/2022\/02\/14\/29KIascent_j_marca_1644871114_202.png\" alt=\"MSJ::LATTAFA\" width=\"83\" height=\"99\" \/><\/p>\n<h1>SUTOOR<\/h1>\n<p>Es una lujosa fragancia tropical que combina la dulzura afrutada con un toque especiado, dise\u00f1ada para cautivar y cautivar. Creado para mujeres, este perfume ofrece un aroma rico y profundo, perfecto para cualquier ocasi\u00f3n, ya sea un cumplea\u00f1os, un aniversario o una celebraci\u00f3n especial.<\/p>\n<p><span dir=\"auto\">El perfume Sutoor es una armoniosa mezcla de notas frutales y florales, lo que lo convierte en una opci\u00f3n vers\u00e1til para cualquier ocasi\u00f3n. Esta fragancia de oud \u00e1rabe destaca por su car\u00e1cter rico y profundo y el equilibrio perfecto entre dulzor y especias, ideal para quienes aprecian los aromas refinados y cautivadores.<\/span><\/p>\n<ul>\n<li><strong><span dir=\"auto\">Aroma rico y duradero:<\/span><\/strong><span dir=\"auto\">\u00a0experimente una fragancia que perdura durante todo el d\u00eda y deja una estela memorable.<\/span><\/li>\n<li><strong><span dir=\"auto\">Atractivo vers\u00e1til:<\/span><\/strong><span dir=\"auto\"> perfecto para cualquier evento o uso diario.<\/span><\/li>\n<li><strong><span dir=\"auto\">Lujo asequible:<\/span><\/strong><span dir=\"auto\">\u00a0disfrute de una fragancia de oud \u00e1rabe de alta calidad sin gastar una fortuna.<\/span><\/li>\n<\/ul>\n<p><img loading=\"lazy\" decoding=\"async\" class=\"alignleft\" src=\"https:\/\/opulensi.com\/cdn\/shop\/files\/Sutoor100mlbyLattafaBottleperfumenotes.jpg?v=1726852888&amp;width=1946\" width=\"479\" height=\"479\" \/><\/p>\n<h3>Notas Olfativas<\/h3>\n<p>&nbsp;<\/p>\n<p>D\u00e9jate envolver por los acordes de melocot\u00f3n y especias, con la flor del jazm\u00edn, que se eleva en un vals ambarino sobre la hierba arom\u00e1tica ancestral Davana para reposar lentamente sobre una deliciosa vaina de vainilla con pachul\u00ed.<\/p>\n<p>Una fragancia gourmet, a la vez frutal y floral, que deleitar\u00e1 a las mujeres m\u00e1s refinadas. Sutoor de Lattafa Perfumes es una fragancia de la familia olfativa para Mujeres. Esta fragrancia es nueva. Sutoor se lanz\u00f3 en 2022.<\/p>\n<p><span>Sutoor EDP es una fragancia de la familia olfativa floral frutal<\/span><span>\u00a0para\u00a0<span dir=\"ltr\" lang=\"es-MX\">mujeres<\/span>. Con una concentraci\u00f3n del tipo Eau de Parfum, ofrece una duradera y alta intensidad arom\u00e1tica en la piel. Sus notas est\u00e1n compuestas por los siguientes ingredientes.<\/span><\/p>\n<p>&nbsp;<\/p>\n<p>&nbsp;<\/p>\n<p><strong>Notas de salida:<\/strong> durazno (melocot\u00f3n), cardamomo, naranja sanguina y heliotropo.<\/p>\n<p><strong>Notas de coraz\u00f3n:<\/strong> ron, brandi, Davana y jazm\u00edn.<\/p>\n<p><strong>Notas de fondo:<\/strong> vainilla, benju\u00ed, madera de cachemira, s\u00e1ndalo, vetiver, styrax, pachul\u00ed, l\u00e1dano y haba tonka.<\/p>\n","protected":false},"excerpt":{"rendered":"<p>SUTOOR Es una lujosa fragancia tropical que combina la dulzura afrutada con un toque especiado, dise\u00f1ada para cautivar y cautivar.<\/p>\n","protected":false},"featured_media":88012,"comment_status":"open","ping_status":"closed","template":"","meta":{"nf_dc_page":""},"product_brand":[109],"product_cat":[84],"product_tag":[689],"class_list":{"0":"post-88011","1":"product","2":"type-product","3":"status-publish","4":"has-post-thumbnail","6":"product_brand-lattafa","7":"product_cat-perfumeria","8":"product_tag-689","10":"first","11":"instock","12":"shipping-taxable","13":"purchasable","14":"product-type-simple"},"_links":{"self":[{"href":"https:\/\/brandss.com.py\/index\/wp-json\/wp\/v2\/product\/88011","targetHints":{"allow":["GET"]}}],"collection":[{"href":"https:\/\/brandss.com.py\/index\/wp-json\/wp\/v2\/product"}],"about":[{"href":"https:\/\/brandss.com.py\/index\/wp-json\/wp\/v2\/types\/product"}],"replies":[{"embeddable":true,"href":"https:\/\/brandss.com.py\/index\/wp-json\/wp\/v2\/comments?post=88011"}],"version-history":[{"count":1,"href":"https:\/\/brandss.com.py\/index\/wp-json\/wp\/v2\/product\/88011\/revisions"}],"predecessor-version":[{"id":88017,"href":"https:\/\/brandss.com.py\/index\/wp-json\/wp\/v2\/product\/88011\/revisions\/88017"}],"wp:featuredmedia":[{"embeddable":true,"href":"https:\/\/brandss.com.py\/index\/wp-json\/wp\/v2\/media\/88012"}],"wp:attachment":[{"href":"https:\/\/brandss.com.py\/index\/wp-json\/wp\/v2\/media?parent=88011"}],"wp:term":[{"taxonomy":"product_brand","embeddable":true,"href":"https:\/\/brandss.com.py\/index\/wp-json\/wp\/v2\/product_brand?post=88011"},{"taxonomy":"product_cat","embeddable":true,"href":"https:\/\/brandss.com.py\/index\/wp-json\/wp\/v2\/product_cat?post=88011"},{"taxonomy":"product_tag","embeddable":true,"href":"https:\/\/brandss.com.py\/index\/wp-json\/wp\/v2\/product_tag?post=88011"}],"curies":[{"name":"wp","href":"https:\/\/api.w.org\/{rel}","templated":true}]}}