{"id":88024,"date":"2025-08-12T12:04:10","date_gmt":"2025-08-12T12:04:10","guid":{"rendered":"https:\/\/brandss.com.py\/index\/?post_type=product&#038;p=88024"},"modified":"2026-03-24T14:05:59","modified_gmt":"2026-03-24T14:05:59","slug":"perfume-femenino-vurv-roses-love-edp-100ml","status":"publish","type":"product","link":"https:\/\/brandss.com.py\/index\/producto\/perfume-femenino-vurv-roses-love-edp-100ml\/","title":{"rendered":"PERFUME FEMENINO VURV ROSES LOVE EDP 100ML"},"content":{"rendered":"<p><img loading=\"lazy\" decoding=\"async\" class=\"\" src=\"https:\/\/www.parfumonline.ch\/media\/brand\/brand\/vurv.png\" alt=\"Vurv\" width=\"212\" height=\"114\" \/><\/p>\n<h1>LOVE ROSES<\/h1>\n<p><span data-huuid=\"2517919142798961059\"> Se describe como una fragancia que combina notas afrutadas y florales con matices amaderados, reflejando pasi\u00f3n y romance.<span class=\"pjBG2e\" data-cid=\"23e2ce27-9489-466c-ace0-863b92d5ecc5\"><span class=\"UV3uM\">\u00a0<\/span><\/span><\/span><\/p>\n<p><span data-huuid=\"2517919142798962468\">La fragancia busca ser duradera y est\u00e1 elaborada con ingredientes naturales, lo que la hace adecuada incluso para pieles sensibles.<span class=\"pjBG2e\" data-cid=\"ed00a276-d8b5-45ec-a4be-e539c778b96c\"><span class=\"UV3uM\">\u00a0<\/span><\/span><\/span><\/p>\n<p>El envase presenta un dise\u00f1o elegante con tonos rosados y detalles en oro rosa, que evocan una est\u00e9tica rom\u00e1ntica y femenina.<span class=\"pjBG2e\" data-cid=\"1356ccdc-8396-429d-816f-8cf76aa24897\"><span class=\"UV3uM\">\u00a0<\/span><\/span><\/p>\n<p>es una fragancia suave, fresca y dulce, basada en un perfil floral-musky que combina la elegancia del iris y la rosa con la calidez aterciopelada del almizcle.<\/p>\n<p>Las flores de cedro blanco agregan un toque delicado y levemente amaderado en el coraz\u00f3n<\/p>\n<p><img loading=\"lazy\" decoding=\"async\" class=\"wp-image-88031 alignleft\" src=\"https:\/\/brandss.com.py\/index\/wp-content\/uploads\/2025\/08\/roses-love-d-400x287.jpg\" alt=\"\" width=\"277\" height=\"199\" srcset=\"https:\/\/brandss.com.py\/index\/wp-content\/uploads\/2025\/08\/roses-love-d-400x287.jpg 400w, https:\/\/brandss.com.py\/index\/wp-content\/uploads\/2025\/08\/roses-love-d-768x551.jpg 768w, https:\/\/brandss.com.py\/index\/wp-content\/uploads\/2025\/08\/roses-love-d-430x308.jpg 430w, https:\/\/brandss.com.py\/index\/wp-content\/uploads\/2025\/08\/roses-love-d-700x502.jpg 700w, https:\/\/brandss.com.py\/index\/wp-content\/uploads\/2025\/08\/roses-love-d-150x108.jpg 150w, https:\/\/brandss.com.py\/index\/wp-content\/uploads\/2025\/08\/roses-love-d.jpg 841w\" sizes=\"auto, (max-width: 277px) 100vw, 277px\" \/><\/p>\n<p data-start=\"116\" data-end=\"162\"><strong data-start=\"116\" data-end=\"148\">Notas de salida:<\/strong> iris y rosa<\/p>\n<p data-start=\"165\" data-end=\"226\"><strong data-start=\"165\" data-end=\"201\">Notas de coraz\u00f3n:<\/strong> flores de cedro blanco<\/p>\n<p data-start=\"229\" data-end=\"308\"><strong data-start=\"229\" data-end=\"261\">Notas de fondo:<\/strong> almizcle<\/p>\n","protected":false},"excerpt":{"rendered":"<p>LOVE ROSES Se describe como una fragancia que combina notas afrutadas y florales con matices amaderados, reflejando pasi\u00f3n y romance.\u00a0<\/p>\n","protected":false},"featured_media":88032,"comment_status":"open","ping_status":"closed","template":"","meta":{"nf_dc_page":""},"product_brand":[785],"product_cat":[84],"product_tag":[821],"class_list":{"0":"post-88024","1":"product","2":"type-product","3":"status-publish","4":"has-post-thumbnail","6":"product_brand-vurv","7":"product_cat-perfumeria","8":"product_tag-821","10":"first","11":"instock","12":"shipping-taxable","13":"purchasable","14":"product-type-simple"},"_links":{"self":[{"href":"https:\/\/brandss.com.py\/index\/wp-json\/wp\/v2\/product\/88024","targetHints":{"allow":["GET"]}}],"collection":[{"href":"https:\/\/brandss.com.py\/index\/wp-json\/wp\/v2\/product"}],"about":[{"href":"https:\/\/brandss.com.py\/index\/wp-json\/wp\/v2\/types\/product"}],"replies":[{"embeddable":true,"href":"https:\/\/brandss.com.py\/index\/wp-json\/wp\/v2\/comments?post=88024"}],"version-history":[{"count":1,"href":"https:\/\/brandss.com.py\/index\/wp-json\/wp\/v2\/product\/88024\/revisions"}],"predecessor-version":[{"id":88035,"href":"https:\/\/brandss.com.py\/index\/wp-json\/wp\/v2\/product\/88024\/revisions\/88035"}],"wp:featuredmedia":[{"embeddable":true,"href":"https:\/\/brandss.com.py\/index\/wp-json\/wp\/v2\/media\/88032"}],"wp:attachment":[{"href":"https:\/\/brandss.com.py\/index\/wp-json\/wp\/v2\/media?parent=88024"}],"wp:term":[{"taxonomy":"product_brand","embeddable":true,"href":"https:\/\/brandss.com.py\/index\/wp-json\/wp\/v2\/product_brand?post=88024"},{"taxonomy":"product_cat","embeddable":true,"href":"https:\/\/brandss.com.py\/index\/wp-json\/wp\/v2\/product_cat?post=88024"},{"taxonomy":"product_tag","embeddable":true,"href":"https:\/\/brandss.com.py\/index\/wp-json\/wp\/v2\/product_tag?post=88024"}],"curies":[{"name":"wp","href":"https:\/\/api.w.org\/{rel}","templated":true}]}}