{"id":88025,"date":"2025-08-12T11:45:52","date_gmt":"2025-08-12T11:45:52","guid":{"rendered":"https:\/\/brandss.com.py\/index\/?post_type=product&#038;p=88025"},"modified":"2026-03-28T16:18:35","modified_gmt":"2026-03-28T16:18:35","slug":"perfume-unisex-lattafa-thameen-collection-musk-sugar-plum-edp-100ml","status":"publish","type":"product","link":"https:\/\/brandss.com.py\/index\/producto\/perfume-unisex-lattafa-thameen-collection-musk-sugar-plum-edp-100ml\/","title":{"rendered":"PERFUME UNISEX LATTAFA THAMEEN COLLECTION MUSK SUGAR PLUM EDP 100ML"},"content":{"rendered":"<p><img loading=\"lazy\" decoding=\"async\" class=\"\" src=\"https:\/\/myscentjourney.s3.us-east-2.amazonaws.com\/2022\/02\/14\/29KIascent_j_marca_1644871114_202.png\" alt=\"MSJ::LATTAFA\" width=\"94\" height=\"112\" \/><\/p>\n<h1>THAMEEN COLLECTION MUSK SUGAR PLUM<\/h1>\n<p>Del\u00e9itese con el encantador encanto de Musk Sugar Plum (Thameen Collection) y experimente la esencia armoniosa y encantadora que aporta a su vida. Musk Sugar Plum es m\u00e1s que un simple perfume; es una celebraci\u00f3n de la elegancia frutal y la gracia floral en perfecta armon\u00eda. Con su presentaci\u00f3n garantiza una generosa dosis de esta cautivadora fragancia, permiti\u00e9ndote sumergirte en la esencia de la belleza encantadora y la dulce seducci\u00f3n d\u00eda tras d\u00eda.<\/p>\n<p><img loading=\"lazy\" decoding=\"async\" class=\"alignleft\" src=\"https:\/\/http2.mlstatic.com\/D_NQ_NP_2X_643624-MLA78560615722_082024-F.webp\" width=\"553\" height=\"446\" \/><\/p>\n<h3>Notas Olfativas<\/h3>\n<p>&nbsp;<\/p>\n<p><span dir=\"auto\">Musk Sugar Plum (Thameen Collection) es una fragancia cautivadora que combina la dulzura de la ciruela y la fruta fresca con la elegancia floral del jazm\u00edn, todo ello sobre una base de \u00e1mbar y almizcle para crear una experiencia olfativa armoniosa y encantadora. <\/span><span dir=\"auto\">La fragancia se abre con una explosi\u00f3n exuberante y afrutada de ciruela y la elegante seducci\u00f3n del jazm\u00edn en las notas de salida. Esta primera impresi\u00f3n es dulce y floral, preparando el terreno para el cautivador viaje que nos espera.<\/span><\/p>\n<p><span dir=\"auto\">En el coraz\u00f3n de la fragancia, las notas florales y la fruta fresca siguen brillando, aportando profundidad y complejidad a la composici\u00f3n. Estas notas medias crean una sensaci\u00f3n de frescura y vitalidad, evocando la imagen de una fruta madura y suculenta.<\/span><\/p>\n<p><span dir=\"auto\">A medida que la fragancia evoluciona y perdura, se asienta en el c\u00e1lido y acogedor abrazo del \u00e1mbar y el almizcle en las notas de fondo. Estas notas de fondo proporcionan una base acogedora y sensual, dejando una estela duradera y memorable de dulzura y sofisticaci\u00f3n.<\/span><\/p>\n<p><span dir=\"auto\">En esencia, Musk Sugar Plum se despliega con las siguientes notas deliciosas:<\/span><\/p>\n<ul>\n<li><strong><span dir=\"auto\">Notas de salida:<\/span><\/strong><span dir=\"auto\"> ciruela, jazm\u00edn.<\/span><\/li>\n<li><strong><span dir=\"auto\">Notas de coraz\u00f3n:<\/span><\/strong><span dir=\"auto\"> notas florales, fruta fresca.<\/span><\/li>\n<li><strong><span dir=\"auto\">Notas de fondo:<\/span><\/strong><span dir=\"auto\"> \u00c1mbar, Almizcle.<\/span><\/li>\n<\/ul>\n","protected":false},"excerpt":{"rendered":"<p>THAMEEN COLLECTION MUSK SUGAR PLUM Del\u00e9itese con el encantador encanto de Musk Sugar Plum (Thameen Collection) y experimente la esencia<\/p>\n","protected":false},"featured_media":88026,"comment_status":"open","ping_status":"closed","template":"","meta":{"nf_dc_page":""},"product_brand":[109],"product_cat":[84],"product_tag":[688],"class_list":{"0":"post-88025","1":"product","2":"type-product","3":"status-publish","4":"has-post-thumbnail","6":"product_brand-lattafa","7":"product_cat-perfumeria","8":"product_tag-688","10":"first","11":"outofstock","12":"sale","13":"shipping-taxable","14":"purchasable","15":"product-type-simple"},"_links":{"self":[{"href":"https:\/\/brandss.com.py\/index\/wp-json\/wp\/v2\/product\/88025","targetHints":{"allow":["GET"]}}],"collection":[{"href":"https:\/\/brandss.com.py\/index\/wp-json\/wp\/v2\/product"}],"about":[{"href":"https:\/\/brandss.com.py\/index\/wp-json\/wp\/v2\/types\/product"}],"replies":[{"embeddable":true,"href":"https:\/\/brandss.com.py\/index\/wp-json\/wp\/v2\/comments?post=88025"}],"version-history":[{"count":1,"href":"https:\/\/brandss.com.py\/index\/wp-json\/wp\/v2\/product\/88025\/revisions"}],"predecessor-version":[{"id":88030,"href":"https:\/\/brandss.com.py\/index\/wp-json\/wp\/v2\/product\/88025\/revisions\/88030"}],"wp:featuredmedia":[{"embeddable":true,"href":"https:\/\/brandss.com.py\/index\/wp-json\/wp\/v2\/media\/88026"}],"wp:attachment":[{"href":"https:\/\/brandss.com.py\/index\/wp-json\/wp\/v2\/media?parent=88025"}],"wp:term":[{"taxonomy":"product_brand","embeddable":true,"href":"https:\/\/brandss.com.py\/index\/wp-json\/wp\/v2\/product_brand?post=88025"},{"taxonomy":"product_cat","embeddable":true,"href":"https:\/\/brandss.com.py\/index\/wp-json\/wp\/v2\/product_cat?post=88025"},{"taxonomy":"product_tag","embeddable":true,"href":"https:\/\/brandss.com.py\/index\/wp-json\/wp\/v2\/product_tag?post=88025"}],"curies":[{"name":"wp","href":"https:\/\/api.w.org\/{rel}","templated":true}]}}