{"id":88042,"date":"2025-08-12T14:32:01","date_gmt":"2025-08-12T14:32:01","guid":{"rendered":"https:\/\/brandss.com.py\/index\/?post_type=product&#038;p=88042"},"modified":"2026-03-31T16:19:31","modified_gmt":"2026-03-31T16:19:31","slug":"perfume-masculino-adyan-oud-essential-edp-100ml","status":"publish","type":"product","link":"https:\/\/brandss.com.py\/index\/producto\/perfume-masculino-adyan-oud-essential-edp-100ml\/","title":{"rendered":"PERFUME MASCULINO ADYAN OUD ESSENTIAL EDP 100ML"},"content":{"rendered":"<p><img loading=\"lazy\" decoding=\"async\" class=\"\" src=\"https:\/\/rafaelos.com\/cdn\/shop\/files\/adyanlogo_2dc9ca67-cb71-40cd-bc9a-2a77987d8902.jpg?v=1737927703&amp;width=1445\" alt=\"ADYAN Riviera 3.4 oz 100 ml EDP \u2013 Rafaelos\" width=\"74\" height=\"73\" \/><\/p>\n<h1>OUD ESSENTIAL<\/h1>\n<p>Es una fragancia opulenta que impone su presencia con elegancia, ideal para los amantes de los perfumes con alma \u00e1rabe y estructura con cuerpo. <span dir=\"auto\">Oud Essential<\/span><span dir=\"auto\">\u00a0es una oda a la nobleza del oud, una madera preciosa venerada en la perfumer\u00eda oriental. Esta fragancia es intensa, envolvente y lujosa, creada para quienes aprecian los perfumes con una fuerte personalidad. Su composici\u00f3n combina oud con especias ex\u00f3ticas y notas de \u00e1mbar, creando una estela impactante, misteriosa y sumamente elegante.<\/span><\/p>\n<p>&nbsp;<\/p>\n<h3>Notas Olfativas<\/h3>\n<p><img loading=\"lazy\" decoding=\"async\" class=\"alignleft\" src=\"https:\/\/londonmusk.com\/wp-content\/uploads\/2024\/08\/oud_essential_poster_1x1-2-1.jpg.webp\" width=\"479\" height=\"479\" \/><\/p>\n<p>El equilibrio de notas de la fragancia Oud Essential permite clasificarla como un perfume de oud con rosa fresca o con almizcle, jazm\u00edn y pachul\u00ed. La intensidad del oud se ve refinada por notas florales de rosa fresca y un toque de naranja dulce en la salida.<\/p>\n<p>Las notas medias realzan la calidez, sensualidad y riqueza de esta fragancia combinando el sensual jazm\u00edn, el profundo pachul\u00ed, el suave y refrescante almizcle, el cedro bals\u00e1mico y el dulce \u00e1mbar. El perfil arom\u00e1tico concluye con oud y cipriol.<\/p>\n<p>El oud aporta profundidad y complejidad a la fragancia, mientras que el cipriol aporta un matiz ahumado y a cuero, asegurando un final profundo y c\u00e1lido a este lujoso perfume de oud.<\/p>\n<p>&nbsp;<\/p>\n<p><strong>Notas de salida:<\/strong> Azafr\u00e1n, nuez moscada y lavanda..<\/p>\n<p><strong>Notas de coraz\u00f3n:<\/strong> Madera de oud.<\/p>\n<p><strong>Notas de fondo:<\/strong> Pachul\u00ed y almizcle.<\/p>\n","protected":false},"excerpt":{"rendered":"<p>OUD ESSENTIAL Es una fragancia opulenta que impone su presencia con elegancia, ideal para los amantes de los perfumes con<\/p>\n","protected":false},"featured_media":88044,"comment_status":"open","ping_status":"closed","template":"","meta":{"nf_dc_page":""},"product_brand":[1972],"product_cat":[84],"product_tag":[3330],"class_list":{"0":"post-88042","1":"product","2":"type-product","3":"status-publish","4":"has-post-thumbnail","6":"product_brand-adyan","7":"product_cat-perfumeria","8":"product_tag-3330","10":"first","11":"instock","12":"shipping-taxable","13":"purchasable","14":"product-type-simple"},"_links":{"self":[{"href":"https:\/\/brandss.com.py\/index\/wp-json\/wp\/v2\/product\/88042","targetHints":{"allow":["GET"]}}],"collection":[{"href":"https:\/\/brandss.com.py\/index\/wp-json\/wp\/v2\/product"}],"about":[{"href":"https:\/\/brandss.com.py\/index\/wp-json\/wp\/v2\/types\/product"}],"replies":[{"embeddable":true,"href":"https:\/\/brandss.com.py\/index\/wp-json\/wp\/v2\/comments?post=88042"}],"version-history":[{"count":2,"href":"https:\/\/brandss.com.py\/index\/wp-json\/wp\/v2\/product\/88042\/revisions"}],"predecessor-version":[{"id":88050,"href":"https:\/\/brandss.com.py\/index\/wp-json\/wp\/v2\/product\/88042\/revisions\/88050"}],"wp:featuredmedia":[{"embeddable":true,"href":"https:\/\/brandss.com.py\/index\/wp-json\/wp\/v2\/media\/88044"}],"wp:attachment":[{"href":"https:\/\/brandss.com.py\/index\/wp-json\/wp\/v2\/media?parent=88042"}],"wp:term":[{"taxonomy":"product_brand","embeddable":true,"href":"https:\/\/brandss.com.py\/index\/wp-json\/wp\/v2\/product_brand?post=88042"},{"taxonomy":"product_cat","embeddable":true,"href":"https:\/\/brandss.com.py\/index\/wp-json\/wp\/v2\/product_cat?post=88042"},{"taxonomy":"product_tag","embeddable":true,"href":"https:\/\/brandss.com.py\/index\/wp-json\/wp\/v2\/product_tag?post=88042"}],"curies":[{"name":"wp","href":"https:\/\/api.w.org\/{rel}","templated":true}]}}