{"id":88051,"date":"2025-08-12T16:53:06","date_gmt":"2025-08-12T16:53:06","guid":{"rendered":"https:\/\/brandss.com.py\/index\/?post_type=product&#038;p=88051"},"modified":"2025-08-12T16:53:33","modified_gmt":"2025-08-12T16:53:33","slug":"perfume-unisex-adyan-musk-essential-edp-100ml","status":"publish","type":"product","link":"https:\/\/brandss.com.py\/index\/producto\/perfume-unisex-adyan-musk-essential-edp-100ml\/","title":{"rendered":"PERFUME UNISEX ADYAN MUSK ESSENTIAL EDP 100ML"},"content":{"rendered":"<p><img loading=\"lazy\" decoding=\"async\" class=\"\" src=\"https:\/\/rafaelos.com\/cdn\/shop\/files\/adyanlogo_2dc9ca67-cb71-40cd-bc9a-2a77987d8902.jpg?v=1737927703&amp;width=1445\" alt=\"ADYAN Riviera 3.4 oz 100 ml EDP \u2013 Rafaelos\" width=\"112\" height=\"110\" \/><\/p>\n<h1>MUSK ESSENTIAL<\/h1>\n<p><em><strong><span dir=\"auto\">Un viaje olfativo radiante que eleva el \u00e1nimo.<\/span><\/strong><\/em><\/p>\n<p>Sum\u00e9rjase en la esencia pura de Musk Essential. Esta exquisita fragancia captura el encanto perdurable del almizcle, envolvi\u00e9ndote en su irresistible encanto. Con sus notas puras y cautivadoras, \u201cMusk Essential\u201d crea un aura de discreta elegancia que perdura durante todo el d\u00eda. Deje que el cautivador abrazo de \u201cMusk Essential\u201d se convierta en una parte esencial de su viaje personal, irradiando sofisticaci\u00f3n sin esfuerzo all\u00e1 donde vaya. <span dir=\"auto\">Sobria pero inolvidable, Musk Essential es ideal para quienes aprecian los aromas limpios y sensuales con profundidad y car\u00e1cter.<\/span><\/p>\n<p data-start=\"612\" data-end=\"816\"><span dir=\"auto\">La composici\u00f3n est\u00e1 cuidadosamente mezclada para evocar calidez, calma y confianza, lo que la hace ideal tanto para el d\u00eda a d\u00eda como para las veladas \u00edntimas. Es una fragancia que evoca lujo y perdura con gracia.<\/span><\/p>\n<p data-start=\"612\" data-end=\"816\"><img decoding=\"async\" class=\"alignleft\" src=\"https:\/\/http2.mlstatic.com\/D_NQ_NP_770259-MLA79360860451_092024-O.webp\" \/><\/p>\n<h3>Notas Olfativas<\/h3>\n<p>&nbsp;<\/p>\n<p>Musk Essential, se describe como un aroma limpio y fresco, similar a la sensaci\u00f3n de reci\u00e9n salido de la ducha.<\/p>\n<p>A medida que se desarrolla, la fragancia se vuelve m\u00e1s c\u00e1lida y sensual, con notas de vainilla y \u00e1mbar.<\/p>\n<p>Perfume Adyan Musk Essential EDP unisex 100mL, descubre el encanto y la sofisticaci\u00f3n.<\/p>\n<ul>\n<li><strong>Notas de salida:<\/strong>\u00a0almizcle blanco y notas florales.<\/li>\n<li><strong>Notas de coraz\u00f3n:<\/strong>\u00a0vainilla y \u00e1mbar ligero.<\/li>\n<li><strong>Notas de fondo:<\/strong>\u00a0seda de madera, almizcle y ambroxan.<\/li>\n<\/ul>\n","protected":false},"excerpt":{"rendered":"<p>MUSK ESSENTIAL Un viaje olfativo radiante que eleva el \u00e1nimo. Sum\u00e9rjase en la esencia pura de Musk Essential. Esta exquisita<\/p>\n","protected":false},"featured_media":88053,"comment_status":"open","ping_status":"closed","template":"","meta":{"nf_dc_page":""},"product_brand":[],"product_cat":[84],"product_tag":[],"class_list":{"0":"post-88051","1":"product","2":"type-product","3":"status-publish","4":"has-post-thumbnail","6":"product_cat-perfumeria","8":"first","9":"instock","10":"shipping-taxable","11":"purchasable","12":"product-type-simple"},"_links":{"self":[{"href":"https:\/\/brandss.com.py\/index\/wp-json\/wp\/v2\/product\/88051","targetHints":{"allow":["GET"]}}],"collection":[{"href":"https:\/\/brandss.com.py\/index\/wp-json\/wp\/v2\/product"}],"about":[{"href":"https:\/\/brandss.com.py\/index\/wp-json\/wp\/v2\/types\/product"}],"replies":[{"embeddable":true,"href":"https:\/\/brandss.com.py\/index\/wp-json\/wp\/v2\/comments?post=88051"}],"version-history":[{"count":1,"href":"https:\/\/brandss.com.py\/index\/wp-json\/wp\/v2\/product\/88051\/revisions"}],"predecessor-version":[{"id":88057,"href":"https:\/\/brandss.com.py\/index\/wp-json\/wp\/v2\/product\/88051\/revisions\/88057"}],"wp:featuredmedia":[{"embeddable":true,"href":"https:\/\/brandss.com.py\/index\/wp-json\/wp\/v2\/media\/88053"}],"wp:attachment":[{"href":"https:\/\/brandss.com.py\/index\/wp-json\/wp\/v2\/media?parent=88051"}],"wp:term":[{"taxonomy":"product_brand","embeddable":true,"href":"https:\/\/brandss.com.py\/index\/wp-json\/wp\/v2\/product_brand?post=88051"},{"taxonomy":"product_cat","embeddable":true,"href":"https:\/\/brandss.com.py\/index\/wp-json\/wp\/v2\/product_cat?post=88051"},{"taxonomy":"product_tag","embeddable":true,"href":"https:\/\/brandss.com.py\/index\/wp-json\/wp\/v2\/product_tag?post=88051"}],"curies":[{"name":"wp","href":"https:\/\/api.w.org\/{rel}","templated":true}]}}