{"id":88052,"date":"2025-08-18T10:29:55","date_gmt":"2025-08-18T10:29:55","guid":{"rendered":"https:\/\/brandss.com.py\/index\/?post_type=product&#038;p=88052"},"modified":"2026-03-17T13:03:23","modified_gmt":"2026-03-17T13:03:23","slug":"perfume-femenino-vurv-pink-lumiere-edp-100ml","status":"publish","type":"product","link":"https:\/\/brandss.com.py\/index\/producto\/perfume-femenino-vurv-pink-lumiere-edp-100ml\/","title":{"rendered":"PERFUME FEMENINO VURV PINK LUMIERE BLUSH INTENSE EDP 100ML"},"content":{"rendered":"<p><img loading=\"lazy\" decoding=\"async\" class=\"\" src=\"https:\/\/www.parfumonline.ch\/media\/brand\/brand\/vurv.png\" alt=\"Vurv\" width=\"211\" height=\"113\" \/><\/p>\n<h1>PINK LUMIERE BLUSH INTENSE<\/h1>\n<div class=\"WaaZC\">\n<div class=\"RJPOee EIJn2\">\n<div class=\"rPeykc\" data-hveid=\"CAQQAQ\" data-ved=\"2ahUKEwjskdjM-4WPAxXrrJUCHdY8HPYQo_EKegQIBBAB\">\n<p>es una fragancia encantadora que encarna la elegancia y la sensualidad femeninas. Con su armoniosa combinaci\u00f3n de notas dulces, florales y afrutadas, esta fragancia es ideal para mujeres que buscan una declaraci\u00f3n de estilo glamuroso y rom\u00e1ntico. El brillante frasco rosa realza el encanto juguet\u00f3n y lujoso de este perfume.<\/p>\n<p><img loading=\"lazy\" decoding=\"async\" class=\" wp-image-88153 alignleft\" src=\"https:\/\/brandss.com.py\/index\/wp-content\/uploads\/2025\/08\/pink-lumiere-intense-d-400x287.jpg\" alt=\"\" width=\"246\" height=\"176\" srcset=\"https:\/\/brandss.com.py\/index\/wp-content\/uploads\/2025\/08\/pink-lumiere-intense-d-400x287.jpg 400w, https:\/\/brandss.com.py\/index\/wp-content\/uploads\/2025\/08\/pink-lumiere-intense-d-768x551.jpg 768w, https:\/\/brandss.com.py\/index\/wp-content\/uploads\/2025\/08\/pink-lumiere-intense-d-430x308.jpg 430w, https:\/\/brandss.com.py\/index\/wp-content\/uploads\/2025\/08\/pink-lumiere-intense-d-700x502.jpg 700w, https:\/\/brandss.com.py\/index\/wp-content\/uploads\/2025\/08\/pink-lumiere-intense-d-150x108.jpg 150w, https:\/\/brandss.com.py\/index\/wp-content\/uploads\/2025\/08\/pink-lumiere-intense-d.jpg 841w\" sizes=\"auto, (max-width: 246px) 100vw, 246px\" \/><\/p>\n<p>Nota de salida : Cereza<br \/>\nNota de coraz\u00f3n : peon\u00eda roja<br \/>\nNota de fondo : vainilla<\/p>\n<\/div>\n<\/div>\n<\/div>\n","protected":false},"excerpt":{"rendered":"<p>PINK LUMIERE BLUSH INTENSE es una fragancia encantadora que encarna la elegancia y la sensualidad femeninas. Con su armoniosa combinaci\u00f3n<\/p>\n","protected":false},"featured_media":88149,"comment_status":"open","ping_status":"closed","template":"","meta":{"nf_dc_page":""},"product_brand":[785],"product_cat":[84],"product_tag":[822],"class_list":{"0":"post-88052","1":"product","2":"type-product","3":"status-publish","4":"has-post-thumbnail","6":"product_brand-vurv","7":"product_cat-perfumeria","8":"product_tag-822","10":"first","11":"instock","12":"shipping-taxable","13":"purchasable","14":"product-type-simple"},"_links":{"self":[{"href":"https:\/\/brandss.com.py\/index\/wp-json\/wp\/v2\/product\/88052","targetHints":{"allow":["GET"]}}],"collection":[{"href":"https:\/\/brandss.com.py\/index\/wp-json\/wp\/v2\/product"}],"about":[{"href":"https:\/\/brandss.com.py\/index\/wp-json\/wp\/v2\/types\/product"}],"replies":[{"embeddable":true,"href":"https:\/\/brandss.com.py\/index\/wp-json\/wp\/v2\/comments?post=88052"}],"version-history":[{"count":4,"href":"https:\/\/brandss.com.py\/index\/wp-json\/wp\/v2\/product\/88052\/revisions"}],"predecessor-version":[{"id":88167,"href":"https:\/\/brandss.com.py\/index\/wp-json\/wp\/v2\/product\/88052\/revisions\/88167"}],"wp:featuredmedia":[{"embeddable":true,"href":"https:\/\/brandss.com.py\/index\/wp-json\/wp\/v2\/media\/88149"}],"wp:attachment":[{"href":"https:\/\/brandss.com.py\/index\/wp-json\/wp\/v2\/media?parent=88052"}],"wp:term":[{"taxonomy":"product_brand","embeddable":true,"href":"https:\/\/brandss.com.py\/index\/wp-json\/wp\/v2\/product_brand?post=88052"},{"taxonomy":"product_cat","embeddable":true,"href":"https:\/\/brandss.com.py\/index\/wp-json\/wp\/v2\/product_cat?post=88052"},{"taxonomy":"product_tag","embeddable":true,"href":"https:\/\/brandss.com.py\/index\/wp-json\/wp\/v2\/product_tag?post=88052"}],"curies":[{"name":"wp","href":"https:\/\/api.w.org\/{rel}","templated":true}]}}