{"id":88077,"date":"2025-08-13T11:43:43","date_gmt":"2025-08-13T11:43:43","guid":{"rendered":"https:\/\/brandss.com.py\/index\/?post_type=product&#038;p=88077"},"modified":"2025-08-13T11:45:23","modified_gmt":"2025-08-13T11:45:23","slug":"perfume-femenino-ajmal-aurum-edp-75ml","status":"publish","type":"product","link":"https:\/\/brandss.com.py\/index\/producto\/perfume-femenino-ajmal-aurum-edp-75ml\/","title":{"rendered":"PERFUME FEMENINO AJMAL AURUM EDP 75ML"},"content":{"rendered":"<p><img loading=\"lazy\" decoding=\"async\" class=\"\" src=\"https:\/\/in.ajmal.com\/cdn\/shop\/files\/AJMAL_LOGO_-_Copy_2.png?v=1744959948&amp;width=600\" alt=\"Ajmal Perfumes India\" width=\"64\" height=\"114\" \/><\/p>\n<h1>AURUM<\/h1>\n<p>Es una fragancia maravillosamente equilibrada que captura el esp\u00edritu de la juventud, la autocomplacencia y el glamour.\u00a0Sum\u00e9rgete en el lujoso y encantador aroma de Aurum, un Eau De Parfum de 75 ml de Ajmal. Esta exquisita fragancia combina con maestr\u00eda frutas vibrantes, elegantes notas florales y c\u00e1lidas y reconfortantes notas de fondo, creando un aroma que irradia sofisticaci\u00f3n y belleza atemporal.<img loading=\"lazy\" decoding=\"async\" class=\"alignleft\" src=\"https:\/\/perfumescardales.com.ar\/wp-content\/uploads\/2024\/05\/aurum-4.jpg\" width=\"664\" height=\"664\" \/><\/p>\n<p>Aurum es una fragancia que irradia elegancia y encanto, perfecta para quienes aprecian un aroma refinado y cautivador. Ya sea para ocasiones especiales o para disfrutar a diario, este exquisito perfume promete envolverte en un velo de lujo y seducci\u00f3n, dejando una huella imborrable dondequiera que vayas.<\/p>\n<p>&nbsp;<\/p>\n<h3>Notas Olfativas<\/h3>\n<p>&nbsp;<\/p>\n<p>Aurum es un perfume femenino lanzado en 2011. Deleita tus sentidos con esta exquisita y exquisita fragancia floral afrutada. Las frescas notas de salida de lim\u00f3n y frambuesa tienen un toque picante, a la vez que se mantienen dulces y ligeras. Las notas medias de jazm\u00edn embriagador, flor de azahar y gardenia cl\u00e1sica crean el centro floral de la fragancia. La base es un contraste c\u00e1lido y terroso con respecto a las fragancias anteriores, con vainilla, \u00e1mbar anim\u00e1lico, almizcle y un toque amaderado. La fragancia tiene una sensaci\u00f3n de naturaleza sin sacrificar la dulzura ni la durabilidad.<\/p>\n<p>El perfume Aurum de Ajmal es una fragancia de la familia olfativa floral frutal para mujeres.<\/p>\n<ul>\n<li><strong>Notas de salida:<\/strong> Frambuesa y lim\u00f3n (lima \u00e1cida).<\/li>\n<li><strong>Notas de coraz\u00f3n:<\/strong> Notas afrutadas, gardenia, flor de azahar del naranjo, jazm\u00edn y notas especiadas.<\/li>\n<li><strong>Notas de fondo:<\/strong> Vainilla, notas atalcadas, \u00e1mbar, almizcle y notas amaderadas.<\/li>\n<\/ul>\n","protected":false},"excerpt":{"rendered":"<p>AURUM Es una fragancia maravillosamente equilibrada que captura el esp\u00edritu de la juventud, la autocomplacencia y el glamour.\u00a0Sum\u00e9rgete en el<\/p>\n","protected":false},"featured_media":88078,"comment_status":"open","ping_status":"closed","template":"","meta":{"nf_dc_page":""},"product_brand":[],"product_cat":[84],"product_tag":[],"class_list":{"0":"post-88077","1":"product","2":"type-product","3":"status-publish","4":"has-post-thumbnail","6":"product_cat-perfumeria","8":"first","9":"outofstock","10":"shipping-taxable","11":"purchasable","12":"product-type-simple"},"_links":{"self":[{"href":"https:\/\/brandss.com.py\/index\/wp-json\/wp\/v2\/product\/88077","targetHints":{"allow":["GET"]}}],"collection":[{"href":"https:\/\/brandss.com.py\/index\/wp-json\/wp\/v2\/product"}],"about":[{"href":"https:\/\/brandss.com.py\/index\/wp-json\/wp\/v2\/types\/product"}],"replies":[{"embeddable":true,"href":"https:\/\/brandss.com.py\/index\/wp-json\/wp\/v2\/comments?post=88077"}],"version-history":[{"count":1,"href":"https:\/\/brandss.com.py\/index\/wp-json\/wp\/v2\/product\/88077\/revisions"}],"predecessor-version":[{"id":88084,"href":"https:\/\/brandss.com.py\/index\/wp-json\/wp\/v2\/product\/88077\/revisions\/88084"}],"wp:featuredmedia":[{"embeddable":true,"href":"https:\/\/brandss.com.py\/index\/wp-json\/wp\/v2\/media\/88078"}],"wp:attachment":[{"href":"https:\/\/brandss.com.py\/index\/wp-json\/wp\/v2\/media?parent=88077"}],"wp:term":[{"taxonomy":"product_brand","embeddable":true,"href":"https:\/\/brandss.com.py\/index\/wp-json\/wp\/v2\/product_brand?post=88077"},{"taxonomy":"product_cat","embeddable":true,"href":"https:\/\/brandss.com.py\/index\/wp-json\/wp\/v2\/product_cat?post=88077"},{"taxonomy":"product_tag","embeddable":true,"href":"https:\/\/brandss.com.py\/index\/wp-json\/wp\/v2\/product_tag?post=88077"}],"curies":[{"name":"wp","href":"https:\/\/api.w.org\/{rel}","templated":true}]}}