{"id":88112,"date":"2025-08-16T17:35:21","date_gmt":"2025-08-16T17:35:21","guid":{"rendered":"https:\/\/brandss.com.py\/index\/?post_type=product&#038;p=88112"},"modified":"2026-03-30T18:44:21","modified_gmt":"2026-03-30T18:44:21","slug":"perfume-unisex-hamidi-addicted-imperial-parfum-edp-120ml","status":"publish","type":"product","link":"https:\/\/brandss.com.py\/index\/producto\/perfume-unisex-hamidi-addicted-imperial-parfum-edp-120ml\/","title":{"rendered":"PERFUME UNISEX HAMIDI ADDICTED IMPERIAL PARFUM EDP 120ML"},"content":{"rendered":"<p><img loading=\"lazy\" decoding=\"async\" class=\"\" src=\"https:\/\/www.hamidi.us\/cdn\/shop\/files\/LOGO_2_HAMIDI_PNG.png?v=1739567192\" alt=\"HAMIDI USA\" width=\"99\" height=\"99\" \/><\/p>\n<h1>ADDICTED IMPERIAL<\/h1>\n<p>Descubre un aura de realeza con Addicted Imperial, una fragancia cautivadora que impregna la esencia de poder y confianza. Puedes expresar tu personalidad de muchas maneras, pero el perfume Addicted Imperial en tu piel se encargar\u00e1 de que nunca pase desapercibida. Disfruta de lo mejor que te ofrece el mundo de los perfumes y observa lo que va a suceder.<\/p>\n<p><img loading=\"lazy\" decoding=\"async\" class=\"alignleft\" src=\"https:\/\/www.intenseoud.com\/cdn\/shop\/files\/IMPERIAL_3.png?v=1713908596\" width=\"461\" height=\"461\" \/><\/p>\n<h3>Notas Olfativas<\/h3>\n<p>&nbsp;<\/p>\n<p><span dir=\"auto\">La fragancia se abre con un estallido de bergamota c\u00edtrica, complementada con la jugosa dulzura de los frutos rojos y las frescas notas acu\u00e1ticas de los acordes marinos. <\/span><\/p>\n<p><span dir=\"auto\">A medida que se despliega, las delicadas notas florales de violeta se mezclan con la calidez del s\u00e1ndalo y la frescura de la madera blanca, evocando la tranquilidad de un refugio junto al mar. <\/span><\/p>\n<p><span dir=\"auto\">Finalmente, las notas de fondo de vetiver, almizcle y ambrox\u00e1n enra\u00edzan la fragancia con su presencia esencial, dejando una impresi\u00f3n duradera de profundidad y encanto.<\/span><\/p>\n<p>&nbsp;<\/p>\n<ul>\n<li><strong><span dir=\"auto\">Notas de salida:<\/span><\/strong><span dir=\"auto\">\u00a0bergamota, frutos rojos, acordes marinos.<\/span><\/li>\n<li><strong><span dir=\"auto\">Notas de coraz\u00f3n:<\/span><\/strong><span dir=\"auto\"> violeta, s\u00e1ndalo, madera blanca.<\/span><\/li>\n<li><strong><span dir=\"auto\">Notas de fondo:<\/span><\/strong><span dir=\"auto\"> vetiver, almizcle, ambroxan.<\/span><\/li>\n<\/ul>\n","protected":false},"excerpt":{"rendered":"<p>ADDICTED IMPERIAL Descubre un aura de realeza con Addicted Imperial, una fragancia cautivadora que impregna la esencia de poder y<\/p>\n","protected":false},"featured_media":88113,"comment_status":"open","ping_status":"closed","template":"","meta":{"nf_dc_page":""},"product_brand":[2254],"product_cat":[84],"product_tag":[2256],"class_list":{"0":"post-88112","1":"product","2":"type-product","3":"status-publish","4":"has-post-thumbnail","6":"product_brand-hamidi","7":"product_cat-perfumeria","8":"product_tag-2256","10":"first","11":"instock","12":"sale","13":"shipping-taxable","14":"purchasable","15":"product-type-simple"},"_links":{"self":[{"href":"https:\/\/brandss.com.py\/index\/wp-json\/wp\/v2\/product\/88112","targetHints":{"allow":["GET"]}}],"collection":[{"href":"https:\/\/brandss.com.py\/index\/wp-json\/wp\/v2\/product"}],"about":[{"href":"https:\/\/brandss.com.py\/index\/wp-json\/wp\/v2\/types\/product"}],"replies":[{"embeddable":true,"href":"https:\/\/brandss.com.py\/index\/wp-json\/wp\/v2\/comments?post=88112"}],"version-history":[{"count":1,"href":"https:\/\/brandss.com.py\/index\/wp-json\/wp\/v2\/product\/88112\/revisions"}],"predecessor-version":[{"id":88119,"href":"https:\/\/brandss.com.py\/index\/wp-json\/wp\/v2\/product\/88112\/revisions\/88119"}],"wp:featuredmedia":[{"embeddable":true,"href":"https:\/\/brandss.com.py\/index\/wp-json\/wp\/v2\/media\/88113"}],"wp:attachment":[{"href":"https:\/\/brandss.com.py\/index\/wp-json\/wp\/v2\/media?parent=88112"}],"wp:term":[{"taxonomy":"product_brand","embeddable":true,"href":"https:\/\/brandss.com.py\/index\/wp-json\/wp\/v2\/product_brand?post=88112"},{"taxonomy":"product_cat","embeddable":true,"href":"https:\/\/brandss.com.py\/index\/wp-json\/wp\/v2\/product_cat?post=88112"},{"taxonomy":"product_tag","embeddable":true,"href":"https:\/\/brandss.com.py\/index\/wp-json\/wp\/v2\/product_tag?post=88112"}],"curies":[{"name":"wp","href":"https:\/\/api.w.org\/{rel}","templated":true}]}}