{"id":88120,"date":"2025-08-16T17:48:04","date_gmt":"2025-08-16T17:48:04","guid":{"rendered":"https:\/\/brandss.com.py\/index\/?post_type=product&#038;p=88120"},"modified":"2025-09-24T13:13:11","modified_gmt":"2025-09-24T13:13:11","slug":"bruma-corporal-femenino-armaf-club-de-nuit-imperiale-150ml","status":"publish","type":"product","link":"https:\/\/brandss.com.py\/index\/producto\/bruma-corporal-femenino-armaf-club-de-nuit-imperiale-150ml\/","title":{"rendered":"BRUMA CORPORAL FEMENINO ARMAF CLUB DE NUIT IMPERIALE 150ML"},"content":{"rendered":"<p><img loading=\"lazy\" decoding=\"async\" class=\"\" src=\"https:\/\/vectorseek.com\/wp-content\/uploads\/2023\/12\/ARMAF-Logo-Vector.svg--300x300.png\" alt=\"ARMAF logo in PNG SVG Vector format - Free Download\" width=\"82\" height=\"82\" \/><\/p>\n<h1>CLUB DE NUIT IMPERIALE<\/h1>\n<p class=\"short-desc\"><span dir=\"auto\">La Bruma Corporal Armaf Club De Nuit Imperiale ofrece una fragancia refinada, perfecta para mujeres que buscan un aroma refrescante. Su f\u00e1cil aplicaci\u00f3n proporciona una frescura duradera, ideal para uso diario o para ocasiones especiales. Disfruta de una experiencia revitalizante que te har\u00e1 sentir segura todo el d\u00eda.<\/span><\/p>\n<p>&nbsp;<\/p>\n<p><strong><span dir=\"auto\">Fragancia sofisticada<\/span><\/strong><\/p>\n<p><span dir=\"auto\">Club De Nuit Imperiale Body Mist ofrece una fragancia \u00fanica y refinada, ofreciendo un aroma sofisticado que atrae a las mujeres que aprecian la elegancia y la frescura. Su aroma cautivador persiste durante todo el d\u00eda, asegur\u00e1ndote de sentirte segura y fresca.<\/span><\/p>\n<p><strong><span dir=\"auto\">Bruma conveniente y refrescante<\/span><\/strong><\/p>\n<p><span dir=\"auto\">Esta bruma corporal proporciona un roc\u00edo refrescante que es perfecto para una aplicaci\u00f3n r\u00e1pida y en movimiento. La bruma fina asegura una cobertura uniforme, ayud\u00e1ndote a mantenerte fresca y rejuvenecida durante todo el d\u00eda con el m\u00ednimo esfuerzo.<\/span><\/p>\n<p><strong><span dir=\"auto\">Frescura duradera<\/span><\/strong><\/p>\n<p><span dir=\"auto\">Dise\u00f1ado para durar, este body mist ofrece una frescura duradera. El aroma se mantiene vibrante y estimulante, manteni\u00e9ndote con energ\u00eda y segura sin importar a d\u00f3nde te lleve el d\u00eda.<\/span><\/p>\n<p><strong><span dir=\"auto\">Compacto y apto para viajes<\/span><\/strong><\/p>\n<p><span dir=\"auto\">Con su tama\u00f1o de 150 ml, este body mist es pr\u00e1ctico y port\u00e1til. Cabe f\u00e1cilmente en tu bolso, lo que lo hace ideal para llevar contigo durante todo el d\u00eda o mientras viajas.<\/span><\/p>\n<p><strong><span dir=\"auto\">Ideal para uso diario<\/span><\/strong><\/p>\n<p><span dir=\"auto\">Club De Nuit Imperiale Body Mist es perfecto para el uso diario. Ya sea para el trabajo, salidas informales o eventos especiales, su fragancia vers\u00e1til garantiza que te sientas fresco y seguro para cualquier ocasi\u00f3n.<\/span><\/p>\n<p>&nbsp;<\/p>\n<h3>Notas Olfativas<\/h3>\n<p>&nbsp;<\/p>\n<p><span dir=\"auto\"><strong>Notas de salida:<\/strong> Lichi, bergamota y nuez moscada.<\/span><\/p>\n<p><span dir=\"auto\"><strong>Notas de coraz\u00f3n:<\/strong> rosa turca, peon\u00eda, almizcle y vainilla.<\/span><\/p>\n<p><span dir=\"auto\"><strong>Notas de fondo:<\/strong> rosa turca, peon\u00eda, almizcle y vainilla.<\/span><\/p>\n","protected":false},"excerpt":{"rendered":"<p>CLUB DE NUIT IMPERIALE La Bruma Corporal Armaf Club De Nuit Imperiale ofrece una fragancia refinada, perfecta para mujeres que<\/p>\n","protected":false},"featured_media":88121,"comment_status":"open","ping_status":"closed","template":"","meta":{"nf_dc_page":""},"product_brand":[106],"product_cat":[84],"product_tag":[165],"class_list":{"0":"post-88120","1":"product","2":"type-product","3":"status-publish","4":"has-post-thumbnail","6":"product_brand-armaf","7":"product_cat-perfumeria","8":"product_tag-165","10":"first","11":"instock","12":"shipping-taxable","13":"purchasable","14":"product-type-simple"},"_links":{"self":[{"href":"https:\/\/brandss.com.py\/index\/wp-json\/wp\/v2\/product\/88120","targetHints":{"allow":["GET"]}}],"collection":[{"href":"https:\/\/brandss.com.py\/index\/wp-json\/wp\/v2\/product"}],"about":[{"href":"https:\/\/brandss.com.py\/index\/wp-json\/wp\/v2\/types\/product"}],"replies":[{"embeddable":true,"href":"https:\/\/brandss.com.py\/index\/wp-json\/wp\/v2\/comments?post=88120"}],"version-history":[{"count":1,"href":"https:\/\/brandss.com.py\/index\/wp-json\/wp\/v2\/product\/88120\/revisions"}],"predecessor-version":[{"id":88122,"href":"https:\/\/brandss.com.py\/index\/wp-json\/wp\/v2\/product\/88120\/revisions\/88122"}],"wp:featuredmedia":[{"embeddable":true,"href":"https:\/\/brandss.com.py\/index\/wp-json\/wp\/v2\/media\/88121"}],"wp:attachment":[{"href":"https:\/\/brandss.com.py\/index\/wp-json\/wp\/v2\/media?parent=88120"}],"wp:term":[{"taxonomy":"product_brand","embeddable":true,"href":"https:\/\/brandss.com.py\/index\/wp-json\/wp\/v2\/product_brand?post=88120"},{"taxonomy":"product_cat","embeddable":true,"href":"https:\/\/brandss.com.py\/index\/wp-json\/wp\/v2\/product_cat?post=88120"},{"taxonomy":"product_tag","embeddable":true,"href":"https:\/\/brandss.com.py\/index\/wp-json\/wp\/v2\/product_tag?post=88120"}],"curies":[{"name":"wp","href":"https:\/\/api.w.org\/{rel}","templated":true}]}}