{"id":88126,"date":"2025-08-16T18:23:00","date_gmt":"2025-08-16T18:23:00","guid":{"rendered":"https:\/\/brandss.com.py\/index\/?post_type=product&#038;p=88126"},"modified":"2025-09-24T13:16:40","modified_gmt":"2025-09-24T13:16:40","slug":"bruma-corporal-unisex-armaf-club-de-nuit-milestone-150ml","status":"publish","type":"product","link":"https:\/\/brandss.com.py\/index\/producto\/bruma-corporal-unisex-armaf-club-de-nuit-milestone-150ml\/","title":{"rendered":"BRUMA CORPORAL UNISEX ARMAF CLUB DE NUIT MILESTONE 150ML"},"content":{"rendered":"<p><img loading=\"lazy\" decoding=\"async\" class=\"\" src=\"https:\/\/vectorseek.com\/wp-content\/uploads\/2023\/12\/ARMAF-Logo-Vector.svg--300x300.png\" alt=\"ARMAF logo in PNG SVG Vector format - Free Download\" width=\"81\" height=\"81\" \/><\/p>\n<h1>CLUB DE NUIT MILESTONE<\/h1>\n<p class=\"short-desc\"><span dir=\"auto\">Club De Nuit Milestone ofrece una fragancia refrescante, dise\u00f1ada para que te sientas seguro todo el d\u00eda. Su aroma duradero proporciona una experiencia fresca y revitalizante. Perfecto para uso diario o para ocasiones especiales, se presenta en un pr\u00e1ctico frasco de 150 ml.<\/span><\/p>\n<p>&nbsp;<\/p>\n<p><strong><span dir=\"auto\">Fragancia vers\u00e1til y vigorizante<\/span><\/strong><\/p>\n<p><span dir=\"auto\">Club De Nuit Milestone Body Mist ofrece una fragancia sofisticada y vigorizante dise\u00f1ada para hombres y mujeres. Su aroma fresco deja una impresi\u00f3n duradera y aumenta la confianza durante todo el d\u00eda.<\/span><\/p>\n<p><strong><span dir=\"auto\">Frescura duradera<\/span><\/strong><\/p>\n<p><span dir=\"auto\">Esta bruma corporal ofrece una frescura duradera, lo que garantiza que te mantengas fresco y fragante desde la ma\u00f1ana hasta la noche. Es perfecto para d\u00edas ajetreados o salidas nocturnas.<\/span><\/p>\n<p><strong><span dir=\"auto\">Aplicaci\u00f3n uniforme<\/span><\/strong><\/p>\n<p><span dir=\"auto\">La aplicaci\u00f3n de bruma fina asegura una distribuci\u00f3n suave y uniforme de la fragancia. Proporciona la cantidad justa de aroma sin abrumar, manteni\u00e9ndote c\u00f3modo durante todo el d\u00eda.<\/span><\/p>\n<p><strong><span dir=\"auto\">Conveniente y port\u00e1til<\/span><\/strong><\/p>\n<p><span dir=\"auto\">El tama\u00f1o de 150 ml hace que esta bruma corporal sea port\u00e1til y f\u00e1cil de llevar, ofreci\u00e9ndote un impulso refrescante en cualquier momento que lo necesites. Perfecto para usar sobre la marcha durante viajes o actividades diarias.<\/span><\/p>\n<p><strong><span dir=\"auto\">Ideal para uso diario y especial<\/span><\/strong><\/p>\n<p><span dir=\"auto\">Ya sea para uso diario o para una ocasi\u00f3n especial, Armaf Club De Nuit Milestone Body Mist mejora tu experiencia olfativa. Deja un aroma sofisticado y refrescante que eleva tu presencia dondequiera que vayas.<\/span><\/p>\n<p><strong><span dir=\"auto\">Aumenta la confianza<\/span><\/strong><\/p>\n<p><span dir=\"auto\">Dise\u00f1ado para revitalizar y revitalizar, este body mist aumenta la confianza con su aroma masculino. Si\u00e9ntete fresco y revitalizado todo el d\u00eda, listo para afrontar cualquier reto.<\/span><\/p>\n<p>&nbsp;<\/p>\n<h3>Notas Olfativas<\/h3>\n<p><strong>Notas de salida:<\/strong> Notas marinas, frutos rojos y bergamota.<\/p>\n<p><strong>Notas de coraz\u00f3n:<\/strong> Violeta, maderas blancas y s\u00e1ndalo.<\/p>\n<p><strong>Notas de fondo:<\/strong> Almizcle, ambroxan y vetiver.<\/p>\n","protected":false},"excerpt":{"rendered":"<p>CLUB DE NUIT MILESTONE Club De Nuit Milestone ofrece una fragancia refrescante, dise\u00f1ada para que te sientas seguro todo el<\/p>\n","protected":false},"featured_media":88128,"comment_status":"open","ping_status":"closed","template":"","meta":{"nf_dc_page":""},"product_brand":[106],"product_cat":[84],"product_tag":[169],"class_list":{"0":"post-88126","1":"product","2":"type-product","3":"status-publish","4":"has-post-thumbnail","6":"product_brand-armaf","7":"product_cat-perfumeria","8":"product_tag-169","10":"first","11":"instock","12":"shipping-taxable","13":"purchasable","14":"product-type-simple"},"_links":{"self":[{"href":"https:\/\/brandss.com.py\/index\/wp-json\/wp\/v2\/product\/88126","targetHints":{"allow":["GET"]}}],"collection":[{"href":"https:\/\/brandss.com.py\/index\/wp-json\/wp\/v2\/product"}],"about":[{"href":"https:\/\/brandss.com.py\/index\/wp-json\/wp\/v2\/types\/product"}],"replies":[{"embeddable":true,"href":"https:\/\/brandss.com.py\/index\/wp-json\/wp\/v2\/comments?post=88126"}],"version-history":[{"count":2,"href":"https:\/\/brandss.com.py\/index\/wp-json\/wp\/v2\/product\/88126\/revisions"}],"predecessor-version":[{"id":88130,"href":"https:\/\/brandss.com.py\/index\/wp-json\/wp\/v2\/product\/88126\/revisions\/88130"}],"wp:featuredmedia":[{"embeddable":true,"href":"https:\/\/brandss.com.py\/index\/wp-json\/wp\/v2\/media\/88128"}],"wp:attachment":[{"href":"https:\/\/brandss.com.py\/index\/wp-json\/wp\/v2\/media?parent=88126"}],"wp:term":[{"taxonomy":"product_brand","embeddable":true,"href":"https:\/\/brandss.com.py\/index\/wp-json\/wp\/v2\/product_brand?post=88126"},{"taxonomy":"product_cat","embeddable":true,"href":"https:\/\/brandss.com.py\/index\/wp-json\/wp\/v2\/product_cat?post=88126"},{"taxonomy":"product_tag","embeddable":true,"href":"https:\/\/brandss.com.py\/index\/wp-json\/wp\/v2\/product_tag?post=88126"}],"curies":[{"name":"wp","href":"https:\/\/api.w.org\/{rel}","templated":true}]}}