{"id":88131,"date":"2025-08-16T18:37:53","date_gmt":"2025-08-16T18:37:53","guid":{"rendered":"https:\/\/brandss.com.py\/index\/?post_type=product&#038;p=88131"},"modified":"2025-09-24T13:14:03","modified_gmt":"2025-09-24T13:14:03","slug":"bruma-corporal-unisex-armaf-club-de-nuit-untold-150ml","status":"publish","type":"product","link":"https:\/\/brandss.com.py\/index\/producto\/bruma-corporal-unisex-armaf-club-de-nuit-untold-150ml\/","title":{"rendered":"BRUMA CORPORAL UNISEX ARMAF CLUB DE NUIT UNTOLD 150ML"},"content":{"rendered":"<p><img loading=\"lazy\" decoding=\"async\" class=\"\" src=\"https:\/\/vectorseek.com\/wp-content\/uploads\/2023\/12\/ARMAF-Logo-Vector.svg--300x300.png\" alt=\"ARMAF logo in PNG SVG Vector format - Free Download\" width=\"86\" height=\"86\" \/><\/p>\n<h1>CLUB DE NUIT UNTOLD<\/h1>\n<p class=\"short-desc\"><span dir=\"auto\">El perfume corporal en bruma Armaf Club De Nuit Untold ofrece una fragancia refrescante y vigorizante que perdura todo el d\u00eda. Su fina bruma garantiza una cobertura uniforme y su aroma vers\u00e1til es perfecto tanto para eventos casuales como formales. Ideal para usar a diario o para llevar.<\/span><\/p>\n<p>&nbsp;<\/p>\n<p><strong><span dir=\"auto\">Fragancia vers\u00e1til refrescante<\/span><\/strong><\/p>\n<p><span dir=\"auto\">Armaf Club De Nuit Untold Perfume Body Mist ofrece una fragancia fresca y vigorizante dise\u00f1ada para mantenerte con energ\u00eda durante todo el d\u00eda. Su composici\u00f3n arom\u00e1tica proporciona un aroma atractivo y vers\u00e1til, perfecto para diversas ocasiones.<\/span><\/p>\n<p><strong><span dir=\"auto\">Aroma duradero<\/span><\/strong><\/p>\n<p><span dir=\"auto\">Este body mist ofrece una fragancia que se mantiene fresca durante horas. Ya sea que te dirijas al trabajo o salgas por la noche, te asegura permanecer fresco y con un olor excelente durante todo el d\u00eda o la noche.<\/span><\/p>\n<p><strong><span dir=\"auto\">Cobertura uniforme<\/span><\/strong><\/p>\n<p><span dir=\"auto\">La fina pulverizaci\u00f3n permite una aplicaci\u00f3n suave y uniforme, asegurando que el aroma se distribuya suavemente por tu piel. No experimentar\u00e1s ninguna explosi\u00f3n abrumadora, solo una fragancia suave y duradera.<\/span><\/p>\n<p><strong><span dir=\"auto\">Port\u00e1til y apto para viajes<\/span><\/strong><\/p>\n<p><span dir=\"auto\">La botella de 150 ml est\u00e1 dise\u00f1ada para mayor comodidad, lo que la hace f\u00e1cil de llevar contigo. Ya sea que viajes o simplemente necesites un refresco r\u00e1pido durante el d\u00eda, tiene el tama\u00f1o perfecto para tu bolso o equipaje de mano.<\/span><\/p>\n<p><strong><span dir=\"auto\">Ideal para cualquier ocasi\u00f3n.<\/span><\/strong><\/p>\n<p><span dir=\"auto\">Ya sea para la oficina o para una ocasi\u00f3n especial, esta bruma corporal complementa cualquier evento. Su fragancia equilibrada es ideal tanto para uso diario como para ocasiones m\u00e1s formales, ofreciendo un aroma seguro y refrescante.<\/span><\/p>\n<p><strong><span dir=\"auto\">Aumenta la confianza.<\/span><\/strong><\/p>\n<p><span dir=\"auto\">El sutil aroma masculino de Armaf Club De Nuit Untold realza tu presencia, dej\u00e1ndote con una sensaci\u00f3n de seguridad y frescura durante todo el d\u00eda. Es la fragancia perfecta para llevar contigo a todas partes.<\/span><\/p>\n<p>&nbsp;<\/p>\n<h3>Notas Olfativas<\/h3>\n<p>&nbsp;<\/p>\n<p><strong>Notas de salida:<\/strong> Azafr\u00e1n y Jazm\u00edn.<\/p>\n<p><strong>Notas de coraz\u00f3n:<\/strong> Amberwood y \u00c1mbar gris.<\/p>\n<p><strong>Notas de fondo:<\/strong> Resina de abeto y cedro.<\/p>\n<p>&nbsp;<\/p>\n","protected":false},"excerpt":{"rendered":"<p>CLUB DE NUIT UNTOLD El perfume corporal en bruma Armaf Club De Nuit Untold ofrece una fragancia refrescante y vigorizante<\/p>\n","protected":false},"featured_media":88132,"comment_status":"open","ping_status":"closed","template":"","meta":{"nf_dc_page":""},"product_brand":[106],"product_cat":[84],"product_tag":[167],"class_list":{"0":"post-88131","1":"product","2":"type-product","3":"status-publish","4":"has-post-thumbnail","6":"product_brand-armaf","7":"product_cat-perfumeria","8":"product_tag-167","10":"first","11":"instock","12":"shipping-taxable","13":"purchasable","14":"product-type-simple"},"_links":{"self":[{"href":"https:\/\/brandss.com.py\/index\/wp-json\/wp\/v2\/product\/88131","targetHints":{"allow":["GET"]}}],"collection":[{"href":"https:\/\/brandss.com.py\/index\/wp-json\/wp\/v2\/product"}],"about":[{"href":"https:\/\/brandss.com.py\/index\/wp-json\/wp\/v2\/types\/product"}],"replies":[{"embeddable":true,"href":"https:\/\/brandss.com.py\/index\/wp-json\/wp\/v2\/comments?post=88131"}],"version-history":[{"count":1,"href":"https:\/\/brandss.com.py\/index\/wp-json\/wp\/v2\/product\/88131\/revisions"}],"predecessor-version":[{"id":88133,"href":"https:\/\/brandss.com.py\/index\/wp-json\/wp\/v2\/product\/88131\/revisions\/88133"}],"wp:featuredmedia":[{"embeddable":true,"href":"https:\/\/brandss.com.py\/index\/wp-json\/wp\/v2\/media\/88132"}],"wp:attachment":[{"href":"https:\/\/brandss.com.py\/index\/wp-json\/wp\/v2\/media?parent=88131"}],"wp:term":[{"taxonomy":"product_brand","embeddable":true,"href":"https:\/\/brandss.com.py\/index\/wp-json\/wp\/v2\/product_brand?post=88131"},{"taxonomy":"product_cat","embeddable":true,"href":"https:\/\/brandss.com.py\/index\/wp-json\/wp\/v2\/product_cat?post=88131"},{"taxonomy":"product_tag","embeddable":true,"href":"https:\/\/brandss.com.py\/index\/wp-json\/wp\/v2\/product_tag?post=88131"}],"curies":[{"name":"wp","href":"https:\/\/api.w.org\/{rel}","templated":true}]}}