{"id":88137,"date":"2025-08-16T19:13:34","date_gmt":"2025-08-16T19:13:34","guid":{"rendered":"https:\/\/brandss.com.py\/index\/?post_type=product&#038;p=88137"},"modified":"2025-09-26T12:53:03","modified_gmt":"2025-09-26T12:53:03","slug":"perfume-masculino-armaf-check-mate-king-edp-100ml","status":"publish","type":"product","link":"https:\/\/brandss.com.py\/index\/producto\/perfume-masculino-armaf-check-mate-king-edp-100ml\/","title":{"rendered":"PERFUME MASCULINO ARMAF CHECK MATE KING EDP 100ML"},"content":{"rendered":"<p><img loading=\"lazy\" decoding=\"async\" class=\"\" src=\"https:\/\/vectorseek.com\/wp-content\/uploads\/2023\/12\/ARMAF-Logo-Vector.svg--300x300.png\" alt=\"ARMAF logo in PNG SVG Vector format - Free Download\" width=\"106\" height=\"106\" \/><\/p>\n<h1>CHECK MATE KING<\/h1>\n<p>Es una fragancia masculina, dise\u00f1ada para aquellos que buscan dejar una impresi\u00f3n duradera y elegante. Esta fragancia se destaca por su composici\u00f3n compleja y seductora, que evoca una sensaci\u00f3n de poder y sofisticaci\u00f3n.<\/p>\n<p><span dir=\"auto\">Checkmate King es m\u00e1s que una simple fragancia; es una experiencia que captura la esencia de la masculinidad. Presentado en un elegante frasco, este EDP en spray est\u00e1 dise\u00f1ado\u00a0<\/span><span dir=\"auto\">para el hombre moderno<\/span><span dir=\"auto\">\u00a0que valora la calidad y la artesan\u00eda. Ya sea que busques un aroma \u00fanico o un regalo especial, Checkmate King es la elecci\u00f3n perfecta.<\/span><\/p>\n<p><img loading=\"lazy\" decoding=\"async\" class=\"alignleft\" src=\"https:\/\/yauras.cl\/cdn\/shop\/files\/AntonioBanderasMediterraneo_11_99cd9e23-93a1-4eb4-b974-4cb8d210f1e8_700x700.jpg?v=1743596413\" width=\"626\" height=\"626\" \/><\/p>\n<h3>Notas Olfativas<\/h3>\n<p><span dir=\"auto\">Libera un carisma innegable con\u00a0<\/span><span dir=\"auto\">Checkmate King Eau De Parfum\u00a0<\/span><span dir=\"auto\">de Armaf, una fragancia audaz y sofisticada para el hombre moderno que lidera con confianza.<\/span><\/p>\n<p><span dir=\"auto\">La fragancia se abre con una cautivadora mezcla de\u00a0<\/span><span dir=\"auto\">ciruela mirabel\u00a0<\/span><span dir=\"auto\">y\u00a0<\/span><span dir=\"auto\">notas frutales\u00a0<\/span><span dir=\"auto\">, ofreciendo una explosi\u00f3n de frescura jugosa y ligeramente \u00e1cida.<\/span><\/p>\n<p><span dir=\"auto\">En su coraz\u00f3n, una rica fusi\u00f3n de\u00a0<\/span><span dir=\"auto\">casta\u00f1as, acordes gourmand\u00a0<\/span><span dir=\"auto\">y\u00a0<\/span><span dir=\"auto\">especias\u00a0<\/span><span dir=\"auto\">crea una profundidad c\u00e1lida y acogedora con un toque de dulzura y una complejidad sutil.<\/span><\/p>\n<p><span dir=\"auto\">La fragancia se asienta sobre una base suave y lujosa de\u00a0<\/span><span dir=\"auto\">s\u00e1ndalo, \u00e1mbar, notas polvorientas\u00a0<\/span><span dir=\"auto\">y\u00a0<\/span><span dir=\"auto\">acordes bals\u00e1micos\u00a0<\/span><span dir=\"auto\">, dejando un rastro cremoso y amaderado con un toque de calidez y misterio.<\/span><\/p>\n<p><span dir=\"auto\">Perfecto para la noche o para ocasiones especiales,\u00a0<\/span><span dir=\"auto\">Checkmate King\u00a0<\/span><span dir=\"auto\">es una fragancia poderosa y llamativa para quienes llaman la atenci\u00f3n con elegancia y fuerza.<\/span><\/p>\n<p>&nbsp;<\/p>\n<div>\n<p><strong>Notas de salida:<\/strong> Ciruela Mirabel y notas afrutadas.<\/p>\n<\/div>\n<div>\n<p><strong>Notas de coraz\u00f3n:<\/strong> Casta\u00f1a, especias y Acuerdo goloso.<\/p>\n<\/div>\n<div>\n<p><strong>Notas de fondo:<\/strong> S\u00e1ndalo, \u00e1mbar, notas atalcadas y Notas bals\u00e1micas.<\/p>\n<\/div>\n","protected":false},"excerpt":{"rendered":"<p>CHECK MATE KING Es una fragancia masculina, dise\u00f1ada para aquellos que buscan dejar una impresi\u00f3n duradera y elegante. Esta fragancia<\/p>\n","protected":false},"featured_media":88138,"comment_status":"open","ping_status":"closed","template":"","meta":{"nf_dc_page":""},"product_brand":[106],"product_cat":[84],"product_tag":[181],"class_list":{"0":"post-88137","1":"product","2":"type-product","3":"status-publish","4":"has-post-thumbnail","6":"product_brand-armaf","7":"product_cat-perfumeria","8":"product_tag-181","10":"first","11":"instock","12":"shipping-taxable","13":"purchasable","14":"product-type-simple"},"_links":{"self":[{"href":"https:\/\/brandss.com.py\/index\/wp-json\/wp\/v2\/product\/88137","targetHints":{"allow":["GET"]}}],"collection":[{"href":"https:\/\/brandss.com.py\/index\/wp-json\/wp\/v2\/product"}],"about":[{"href":"https:\/\/brandss.com.py\/index\/wp-json\/wp\/v2\/types\/product"}],"replies":[{"embeddable":true,"href":"https:\/\/brandss.com.py\/index\/wp-json\/wp\/v2\/comments?post=88137"}],"version-history":[{"count":1,"href":"https:\/\/brandss.com.py\/index\/wp-json\/wp\/v2\/product\/88137\/revisions"}],"predecessor-version":[{"id":88146,"href":"https:\/\/brandss.com.py\/index\/wp-json\/wp\/v2\/product\/88137\/revisions\/88146"}],"wp:featuredmedia":[{"embeddable":true,"href":"https:\/\/brandss.com.py\/index\/wp-json\/wp\/v2\/media\/88138"}],"wp:attachment":[{"href":"https:\/\/brandss.com.py\/index\/wp-json\/wp\/v2\/media?parent=88137"}],"wp:term":[{"taxonomy":"product_brand","embeddable":true,"href":"https:\/\/brandss.com.py\/index\/wp-json\/wp\/v2\/product_brand?post=88137"},{"taxonomy":"product_cat","embeddable":true,"href":"https:\/\/brandss.com.py\/index\/wp-json\/wp\/v2\/product_cat?post=88137"},{"taxonomy":"product_tag","embeddable":true,"href":"https:\/\/brandss.com.py\/index\/wp-json\/wp\/v2\/product_tag?post=88137"}],"curies":[{"name":"wp","href":"https:\/\/api.w.org\/{rel}","templated":true}]}}