{"id":88148,"date":"2025-08-18T10:41:19","date_gmt":"2025-08-18T10:41:19","guid":{"rendered":"https:\/\/brandss.com.py\/index\/?post_type=product&#038;p=88148"},"modified":"2025-09-26T12:57:37","modified_gmt":"2025-09-26T12:57:37","slug":"perfume-femenino-armaf-check-mate-queen-edp-100ml","status":"publish","type":"product","link":"https:\/\/brandss.com.py\/index\/producto\/perfume-femenino-armaf-check-mate-queen-edp-100ml\/","title":{"rendered":"PERFUME FEMENINO ARMAF CHECK MATE QUEEN EDP 100ML"},"content":{"rendered":"<p><img loading=\"lazy\" decoding=\"async\" class=\"\" src=\"https:\/\/vectorseek.com\/wp-content\/uploads\/2023\/12\/ARMAF-Logo-Vector.svg--300x300.png\" alt=\"ARMAF logo in PNG SVG Vector format - Free Download\" width=\"58\" height=\"58\" \/><\/p>\n<h1>CHECK MATE QUEEN<\/h1>\n<p><span dir=\"auto\">Presentamos la obra maestra\u00a0<\/span><span dir=\"auto\">de Armaf<\/span><span dir=\"auto\">, <\/span><span dir=\"auto\">Checkmate Queen<\/span><span dir=\"auto\">, una cautivadora <\/span><span dir=\"auto\">fragancia femenina<\/span><span dir=\"auto\">\u00a0que promete dejar una huella imborrable.\u00a0<\/span><\/p>\n<p>D\u00e9jate seducir por Checkmate Queen, una fragancia femenina que captura la esencia del lujo y la elegancia en cada rociado. Con su singular combinaci\u00f3n de notas y su exquisito dise\u00f1o, esta fragancia es imprescindible en cualquier colecci\u00f3n de perfumes. <span dir=\"auto\"> La fragancia est\u00e1 cuidadosamente elaborada para mujeres que aprecian un aroma atemporal y moderno, lo que la convierte en la opci\u00f3n ideal para cualquier ocasi\u00f3n.<\/span><\/p>\n<p><img loading=\"lazy\" decoding=\"async\" class=\"alignleft\" src=\"https:\/\/perfumescardales.com.ar\/wp-content\/uploads\/2025\/04\/queen-1.jpg\" width=\"474\" height=\"474\" \/><\/p>\n<h3>\nNotas Olfativas<\/h3>\n<p>&nbsp;<\/p>\n<p>Checkmate Queen es el arte de seducir en silencio, una jugada maestra trazada con piel y deseo. Las notas verdes abren como una jugada elegante, fresca, segura, mientras el nardo estalla en un floral embriagador, imponente y femenino. El higo aporta una dulzura jugosa, prohibida, que roza lo carnal. Las especias susurran al o\u00eddo con picard\u00eda, como un secreto entre labios. El acorde atalcado suaviza cada curva, envolviendo todo en una nube \u00edntima y sofisticada. El s\u00e1ndalo corona el fondo con un toque c\u00e1lido, cremoso, imposible de olvidar. Checkmate Queen no juega\u2026 reina. Esta sofisticada combinaci\u00f3n garantiza un final duradero y memorable que deja una estela de encanto dondequiera que vayas.<\/p>\n<p>Checkmate Queen\u00a0de\u00a0Armaf\u00a0es un perfume perteneciente a la familia olfativa\u00a0Oriental Floral\u00a0orientado para el p\u00fablico\u00a0femenino<i>.<\/i>\u00a0Checkmate Queen\u00a0es una creaci\u00f3n de Armaf lanzada en a\u00f1o 2024.<\/p>\n<p>&nbsp;<\/p>\n<p><strong>Notas de salida: <\/strong>notas verdes y nardos.<br \/>\n<strong>Notas de coraz\u00f3n:<\/strong> higo y especias.<br \/>\n<strong>Notas de f<\/strong><b>ondo:<\/b> notas atalcadas y s\u00e1ndalo.<\/p>\n","protected":false},"excerpt":{"rendered":"<p>CHECK MATE QUEEN Presentamos la obra maestra\u00a0de Armaf, Checkmate Queen, una cautivadora fragancia femenina\u00a0que promete dejar una huella imborrable.\u00a0 D\u00e9jate<\/p>\n","protected":false},"featured_media":88156,"comment_status":"open","ping_status":"closed","template":"","meta":{"nf_dc_page":""},"product_brand":[106],"product_cat":[84],"product_tag":[584],"class_list":{"0":"post-88148","1":"product","2":"type-product","3":"status-publish","4":"has-post-thumbnail","6":"product_brand-armaf","7":"product_cat-perfumeria","8":"product_tag-584","10":"first","11":"instock","12":"sale","13":"shipping-taxable","14":"purchasable","15":"product-type-simple"},"_links":{"self":[{"href":"https:\/\/brandss.com.py\/index\/wp-json\/wp\/v2\/product\/88148","targetHints":{"allow":["GET"]}}],"collection":[{"href":"https:\/\/brandss.com.py\/index\/wp-json\/wp\/v2\/product"}],"about":[{"href":"https:\/\/brandss.com.py\/index\/wp-json\/wp\/v2\/types\/product"}],"replies":[{"embeddable":true,"href":"https:\/\/brandss.com.py\/index\/wp-json\/wp\/v2\/comments?post=88148"}],"version-history":[{"count":2,"href":"https:\/\/brandss.com.py\/index\/wp-json\/wp\/v2\/product\/88148\/revisions"}],"predecessor-version":[{"id":88165,"href":"https:\/\/brandss.com.py\/index\/wp-json\/wp\/v2\/product\/88148\/revisions\/88165"}],"wp:featuredmedia":[{"embeddable":true,"href":"https:\/\/brandss.com.py\/index\/wp-json\/wp\/v2\/media\/88156"}],"wp:attachment":[{"href":"https:\/\/brandss.com.py\/index\/wp-json\/wp\/v2\/media?parent=88148"}],"wp:term":[{"taxonomy":"product_brand","embeddable":true,"href":"https:\/\/brandss.com.py\/index\/wp-json\/wp\/v2\/product_brand?post=88148"},{"taxonomy":"product_cat","embeddable":true,"href":"https:\/\/brandss.com.py\/index\/wp-json\/wp\/v2\/product_cat?post=88148"},{"taxonomy":"product_tag","embeddable":true,"href":"https:\/\/brandss.com.py\/index\/wp-json\/wp\/v2\/product_tag?post=88148"}],"curies":[{"name":"wp","href":"https:\/\/api.w.org\/{rel}","templated":true}]}}