{"id":88183,"date":"2025-08-18T11:39:15","date_gmt":"2025-08-18T11:39:15","guid":{"rendered":"https:\/\/brandss.com.py\/index\/?post_type=product&#038;p=88183"},"modified":"2026-04-16T11:20:04","modified_gmt":"2026-04-16T11:20:04","slug":"perfume-unisex-armaf-odyssey-spectra-rainbow-edition-edp-100ml","status":"publish","type":"product","link":"https:\/\/brandss.com.py\/index\/producto\/perfume-unisex-armaf-odyssey-spectra-rainbow-edition-edp-100ml\/","title":{"rendered":"PERFUME UNISEX ARMAF ODYSSEY SPECTRA RAINBOW EDITION EDP 100ML"},"content":{"rendered":"<p><img loading=\"lazy\" decoding=\"async\" class=\"\" src=\"https:\/\/vectorseek.com\/wp-content\/uploads\/2023\/12\/ARMAF-Logo-Vector.svg--300x300.png\" alt=\"ARMAF logo in PNG SVG Vector format - Free Download\" width=\"92\" height=\"92\" \/><\/p>\n<h1>ODYSSEY SPECTRA RAINBOW EDITION<\/h1>\n<p>Es una fragancia que redefine la frescura y sofisticaci\u00f3n, ideal para aquellos que buscan un aroma \u00fanico y cautivador. Este Eau de Parfum combina magistralmente notas frescas y especiadas, ofreciendo una experiencia olfativa moderna y envolvente que dura todo el d\u00eda. Odyssey Spectra es un perfume vers\u00e1til, perfecto tanto para ocasiones casuales como para eventos especiales.<\/p>\n<p>Con su distintiva mezcla de notas frescas, florales y especiadas, Odyssey Spectra es m\u00e1s que una fragancia: es una audaz expresi\u00f3n de elegancia y encanto.<\/p>\n<p><img loading=\"lazy\" decoding=\"async\" class=\"alignleft\" src=\"https:\/\/www.atlanticoshop.com.py\/image\/catalog\/armaf\/odyssey%20spectra%20desc-1%20esp.jpg\" width=\"570\" height=\"570\" \/><\/p>\n<h3>Notas Olfativas<\/h3>\n<p>&nbsp;<\/p>\n<p><span dir=\"auto\">Odyssey Spectra\u00a0\u00a0de\u00a0Armaf es una fragancia de la familia olfativa oriental especiada para hombres y mujeres. Esta fragancia es nueva. Odyssey Spectra se lanz\u00f3 en 2024. Esta fragancia se abre con una jugosa explosi\u00f3n de manzana, realzada por la c\u00edtrica bergamota y entibiada por un toque de canela picante, creando una entrada vibrante y acogedora. <\/span><\/p>\n<p><span dir=\"auto\">El coraz\u00f3n se despliega en una armoniosa mezcla de flor de azahar y lirio de los valles, equilibrada por la arom\u00e1tica lavanda y una segunda ola de canela, que aporta suavidad y complejidad.<\/span><\/p>\n<p><span dir=\"auto\">Al asentarse, la base revela una reconfortante riqueza: la suave vainilla y el haba tonka se funden con el pachul\u00ed, el tabaco ahumado y el c\u00e1lido \u00e1mbar, ofreciendo un final profundo y envolvente. Perfecto para quienes buscan un aroma c\u00e1lido y especiado con matices frutales y florales, y una base intensa y sensual.<\/span><\/p>\n<p>&nbsp;<\/p>\n<p><strong><span dir=\"auto\">Notas de salida:<\/span><\/strong><span dir=\"auto\">\u00a0manzana, bergamota, canela.<\/span><br \/>\n<strong><span dir=\"auto\">Notas de coraz\u00f3n:<\/span><\/strong><span dir=\"auto\">\u00a0flor de naranja, lirio de los valles, canela, lavanda.<\/span><br \/>\n<strong><span dir=\"auto\">Notas de fondo:<\/span><\/strong><span dir=\"auto\">\u00a0vainilla, haba tonka, pachul\u00ed, tabaco, \u00e1mbar.<\/span><\/p>\n","protected":false},"excerpt":{"rendered":"<p>ODYSSEY SPECTRA RAINBOW EDITION Es una fragancia que redefine la frescura y sofisticaci\u00f3n, ideal para aquellos que buscan un aroma<\/p>\n","protected":false},"featured_media":88193,"comment_status":"open","ping_status":"closed","template":"","meta":{"nf_dc_page":""},"product_brand":[106],"product_cat":[84],"product_tag":[183],"class_list":{"0":"post-88183","1":"product","2":"type-product","3":"status-publish","4":"has-post-thumbnail","6":"product_brand-armaf","7":"product_cat-perfumeria","8":"product_tag-183","10":"first","11":"instock","12":"sale","13":"shipping-taxable","14":"purchasable","15":"product-type-simple"},"_links":{"self":[{"href":"https:\/\/brandss.com.py\/index\/wp-json\/wp\/v2\/product\/88183","targetHints":{"allow":["GET"]}}],"collection":[{"href":"https:\/\/brandss.com.py\/index\/wp-json\/wp\/v2\/product"}],"about":[{"href":"https:\/\/brandss.com.py\/index\/wp-json\/wp\/v2\/types\/product"}],"replies":[{"embeddable":true,"href":"https:\/\/brandss.com.py\/index\/wp-json\/wp\/v2\/comments?post=88183"}],"version-history":[{"count":1,"href":"https:\/\/brandss.com.py\/index\/wp-json\/wp\/v2\/product\/88183\/revisions"}],"predecessor-version":[{"id":88194,"href":"https:\/\/brandss.com.py\/index\/wp-json\/wp\/v2\/product\/88183\/revisions\/88194"}],"wp:featuredmedia":[{"embeddable":true,"href":"https:\/\/brandss.com.py\/index\/wp-json\/wp\/v2\/media\/88193"}],"wp:attachment":[{"href":"https:\/\/brandss.com.py\/index\/wp-json\/wp\/v2\/media?parent=88183"}],"wp:term":[{"taxonomy":"product_brand","embeddable":true,"href":"https:\/\/brandss.com.py\/index\/wp-json\/wp\/v2\/product_brand?post=88183"},{"taxonomy":"product_cat","embeddable":true,"href":"https:\/\/brandss.com.py\/index\/wp-json\/wp\/v2\/product_cat?post=88183"},{"taxonomy":"product_tag","embeddable":true,"href":"https:\/\/brandss.com.py\/index\/wp-json\/wp\/v2\/product_tag?post=88183"}],"curies":[{"name":"wp","href":"https:\/\/api.w.org\/{rel}","templated":true}]}}