{"id":88195,"date":"2025-08-18T11:54:30","date_gmt":"2025-08-18T11:54:30","guid":{"rendered":"https:\/\/brandss.com.py\/index\/?post_type=product&#038;p=88195"},"modified":"2025-09-24T13:58:21","modified_gmt":"2025-09-24T13:58:21","slug":"spray-corporal-masculino-armaf-odyssey-tyrant-200ml","status":"publish","type":"product","link":"https:\/\/brandss.com.py\/index\/producto\/spray-corporal-masculino-armaf-odyssey-tyrant-200ml\/","title":{"rendered":"SPRAY CORPORAL MASCULINO ARMAF ODYSSEY TYRANT 200ML"},"content":{"rendered":"<p><img loading=\"lazy\" decoding=\"async\" class=\"\" src=\"https:\/\/vectorseek.com\/wp-content\/uploads\/2023\/12\/ARMAF-Logo-Vector.svg--300x300.png\" alt=\"ARMAF logo in PNG SVG Vector format - Free Download\" width=\"105\" height=\"105\" \/><\/p>\n<h1>ODYSSEY TYRANT<\/h1>\n<p data-start=\"250\" data-end=\"290\"><em><strong data-start=\"250\" data-end=\"290\">\u00a1Domina el d\u00eda con poder y frescura!<\/strong><\/em><\/p>\n<p data-start=\"292\" data-end=\"561\">Atr\u00e9vete a destacar con una fragancia intensa, vibrante y decididamente masculina.\u00a0<strong data-start=\"375\" data-end=\"409\">Odyssey Tyrant Special Edition<\/strong> combina la energ\u00eda c\u00edtrica del pomelo con un coraz\u00f3n especiado, sobre una base firme de vetiver.<\/p>\n<h3 data-start=\"292\" data-end=\"561\">Notas Olfativas<\/h3>\n<p data-start=\"292\" data-end=\"561\">Odyssey Tyrant Special Edition\u00a0de\u00a0Armaf\u00a0es una fragancia de la familia olfativa Oriental Amaderada para Hombres. Esta fragrancia es nueva.\u00a0Odyssey Tyrant Special Edition\u00a0se lanz\u00f3 en 2023.<\/p>\n<p data-start=\"292\" data-end=\"561\"><strong>Notas de salida:<\/strong> toronja (pomelo) y c\u00edtricos.<\/p>\n<p data-start=\"292\" data-end=\"561\"><strong>Notas de coraz\u00f3n:<\/strong> geranio, pimienta, elem\u00ed y lavanda.<\/p>\n<p data-start=\"292\" data-end=\"561\"><strong>Notas de fondo:<\/strong> ambroxan, cedro, vetiver y notas amaderadas.<\/p>\n","protected":false},"excerpt":{"rendered":"<p>ODYSSEY TYRANT \u00a1Domina el d\u00eda con poder y frescura! Atr\u00e9vete a destacar con una fragancia intensa, vibrante y decididamente masculina.\u00a0Odyssey<\/p>\n","protected":false},"featured_media":88196,"comment_status":"open","ping_status":"closed","template":"","meta":{"nf_dc_page":""},"product_brand":[106],"product_cat":[85],"product_tag":[184],"class_list":{"0":"post-88195","1":"product","2":"type-product","3":"status-publish","4":"has-post-thumbnail","6":"product_brand-armaf","7":"product_cat-cosmeticos","8":"product_tag-184","10":"first","11":"instock","12":"shipping-taxable","13":"purchasable","14":"product-type-simple"},"_links":{"self":[{"href":"https:\/\/brandss.com.py\/index\/wp-json\/wp\/v2\/product\/88195","targetHints":{"allow":["GET"]}}],"collection":[{"href":"https:\/\/brandss.com.py\/index\/wp-json\/wp\/v2\/product"}],"about":[{"href":"https:\/\/brandss.com.py\/index\/wp-json\/wp\/v2\/types\/product"}],"replies":[{"embeddable":true,"href":"https:\/\/brandss.com.py\/index\/wp-json\/wp\/v2\/comments?post=88195"}],"version-history":[{"count":1,"href":"https:\/\/brandss.com.py\/index\/wp-json\/wp\/v2\/product\/88195\/revisions"}],"predecessor-version":[{"id":88200,"href":"https:\/\/brandss.com.py\/index\/wp-json\/wp\/v2\/product\/88195\/revisions\/88200"}],"wp:featuredmedia":[{"embeddable":true,"href":"https:\/\/brandss.com.py\/index\/wp-json\/wp\/v2\/media\/88196"}],"wp:attachment":[{"href":"https:\/\/brandss.com.py\/index\/wp-json\/wp\/v2\/media?parent=88195"}],"wp:term":[{"taxonomy":"product_brand","embeddable":true,"href":"https:\/\/brandss.com.py\/index\/wp-json\/wp\/v2\/product_brand?post=88195"},{"taxonomy":"product_cat","embeddable":true,"href":"https:\/\/brandss.com.py\/index\/wp-json\/wp\/v2\/product_cat?post=88195"},{"taxonomy":"product_tag","embeddable":true,"href":"https:\/\/brandss.com.py\/index\/wp-json\/wp\/v2\/product_tag?post=88195"}],"curies":[{"name":"wp","href":"https:\/\/api.w.org\/{rel}","templated":true}]}}