{"id":88199,"date":"2025-08-18T12:20:11","date_gmt":"2025-08-18T12:20:11","guid":{"rendered":"https:\/\/brandss.com.py\/index\/?post_type=product&#038;p=88199"},"modified":"2025-11-27T18:27:03","modified_gmt":"2025-11-27T18:27:03","slug":"perfume-masculino-vurv-profumo-intensity-collectors-edition-edp-100ml","status":"publish","type":"product","link":"https:\/\/brandss.com.py\/index\/producto\/perfume-masculino-vurv-profumo-intensity-collectors-edition-edp-100ml\/","title":{"rendered":"PERFUME MASCULINO VURV PROFUMO INTENSITY COLLECTOR&#8217;S EDITION EDP 100ML"},"content":{"rendered":"<p><img loading=\"lazy\" decoding=\"async\" class=\"\" src=\"https:\/\/www.intenseoud.com\/cdn\/shop\/files\/Forever_Young_-_Vurv.jpg?v=1739047971\" alt=\"Salvage Eau De Parfum Spray 100ML (3.4 OZ) by Vurv | A Zesty, Spicy Blend  with Fresh Bergamot and a Warm, Woody Finish. | Intense Oud\" width=\"209\" height=\"209\" \/><\/p>\n<h1>PROFUMO INTENSITY COLLECTOR&#8217;S EDITION<\/h1>\n<div class=\"flex flex-grow flex-col max-w-full gap-3 gizmo:gap-0\">\n<div class=\"min-h-[20px] text-message flex flex-col items-start gap-3 whitespace-pre-wrap break-words [.text-message+&amp;]:mt-5 overflow-x-auto\" data-message-author-role=\"assistant\" data-message-id=\"eb69da95-b38c-4d95-81ed-2d55f29c700c\">\n<div class=\"markdown prose w-full break-words dark:prose-invert light\">\n<p><span dir=\"auto\">El perfume se abre con una cautivadora mezcla de bergamota de Calabria, pomelo, notas acu\u00e1ticas y hojas de higuera en las notas de salida. Esta explosi\u00f3n inicial de notas c\u00edtricas y verdes es refrescante y vigorizante, creando una atractiva introducci\u00f3n a la fragancia.<\/span><\/p>\n<p><span dir=\"auto\">A medida que el aroma se desarrolla, se adentra en las notas de coraz\u00f3n, donde encontrar\u00e1s una combinaci\u00f3n de hojas de violeta, ambroxan, pimienta y pachul\u00ed. Este coraz\u00f3n revela una capa m\u00e1s compleja y arom\u00e1tica, equilibrando la frescura de las notas de salida con un toque especiado y terroso.<\/span><\/p>\n<p><span dir=\"auto\">El perfume alcanza su m\u00e1ximo car\u00e1cter en las notas de fondo, donde se fusionan el haba tonka, el almizcle mineral y el azafr\u00e1n. El haba tonka aporta una profundidad cremosa y dulce a la fragancia, mientras que el almizcle mineral le proporciona una cualidad limpia y sensual. El azafr\u00e1n aporta un toque de exotismo y calidez a la base, haci\u00e9ndola intrigante y duradera.<\/span><\/p>\n<p><span dir=\"auto\">Profumo Intensity Edici\u00f3n de Coleccionista es una fragancia que encarna la sofisticaci\u00f3n y la elegancia. Es ideal para ocasiones especiales y eventos formales, donde su profundidad y complejidad brillan con luz propia. Esta edici\u00f3n de coleccionista representa su exclusividad y singularidad, convirti\u00e9ndola en una pieza clave en el mundo de la perfumer\u00eda.<\/span><\/p>\n<p><img loading=\"lazy\" decoding=\"async\" class=\"wp-image-88209 alignleft\" src=\"https:\/\/brandss.com.py\/index\/wp-content\/uploads\/2025\/08\/PROFUME-INT-COLLECTION-400x283.jpg\" alt=\"\" width=\"279\" height=\"197\" srcset=\"https:\/\/brandss.com.py\/index\/wp-content\/uploads\/2025\/08\/PROFUME-INT-COLLECTION-400x283.jpg 400w, https:\/\/brandss.com.py\/index\/wp-content\/uploads\/2025\/08\/PROFUME-INT-COLLECTION-768x543.jpg 768w, https:\/\/brandss.com.py\/index\/wp-content\/uploads\/2025\/08\/PROFUME-INT-COLLECTION-430x304.jpg 430w, https:\/\/brandss.com.py\/index\/wp-content\/uploads\/2025\/08\/PROFUME-INT-COLLECTION-700x495.jpg 700w, https:\/\/brandss.com.py\/index\/wp-content\/uploads\/2025\/08\/PROFUME-INT-COLLECTION-150x106.jpg 150w, https:\/\/brandss.com.py\/index\/wp-content\/uploads\/2025\/08\/PROFUME-INT-COLLECTION.jpg 841w\" sizes=\"auto, (max-width: 279px) 100vw, 279px\" \/><\/p>\n<p>&nbsp;<\/p>\n<p>&nbsp;<\/p>\n<ul>\n<li><strong><span dir=\"auto\">Notas de salida<\/span><\/strong><span dir=\"auto\">\u00a0: Bergamota de Calabria, Pomelo, Notas Acu\u00e1ticas, Hojas de Higuera<\/span><\/li>\n<li><strong><span dir=\"auto\">Notas de coraz\u00f3n<\/span><\/strong><span dir=\"auto\">\u00a0: hojas de violeta, ambrox, pimienta, pachul\u00ed<\/span><\/li>\n<li><strong><span dir=\"auto\">Notas de fondo<\/span><\/strong><span dir=\"auto\">\u00a0: Haba tonka, almizcle mineral, azafr\u00e1n<\/span><\/li>\n<\/ul>\n<\/div>\n<\/div>\n<\/div>\n<div class=\"flex justify-between empty:hidden gizmo:mt-1 gizmo:justify-start gizmo:gap-3 lg:block gizmo:lg:flex\">\n<div class=\"text-gray-400 flex self-end lg:self-center justify-center gizmo:lg:justify-start mt-2 gizmo:mt-0 visible gap-1\">\n<p>&nbsp;<\/p>\n<\/div>\n<\/div>\n<p>&nbsp;<\/p>\n<p>&nbsp;<\/p>\n<p>&nbsp;<\/p>\n","protected":false},"excerpt":{"rendered":"<p>PROFUMO INTENSITY COLLECTOR&#8217;S EDITION El perfume se abre con una cautivadora mezcla de bergamota de Calabria, pomelo, notas acu\u00e1ticas y<\/p>\n","protected":false},"featured_media":88214,"comment_status":"open","ping_status":"closed","template":"","meta":{"nf_dc_page":""},"product_brand":[785],"product_cat":[84],"product_tag":[898],"class_list":{"0":"post-88199","1":"product","2":"type-product","3":"status-publish","4":"has-post-thumbnail","6":"product_brand-vurv","7":"product_cat-perfumeria","8":"product_tag-898","10":"first","11":"outofstock","12":"shipping-taxable","13":"purchasable","14":"product-type-simple"},"_links":{"self":[{"href":"https:\/\/brandss.com.py\/index\/wp-json\/wp\/v2\/product\/88199","targetHints":{"allow":["GET"]}}],"collection":[{"href":"https:\/\/brandss.com.py\/index\/wp-json\/wp\/v2\/product"}],"about":[{"href":"https:\/\/brandss.com.py\/index\/wp-json\/wp\/v2\/types\/product"}],"replies":[{"embeddable":true,"href":"https:\/\/brandss.com.py\/index\/wp-json\/wp\/v2\/comments?post=88199"}],"version-history":[{"count":1,"href":"https:\/\/brandss.com.py\/index\/wp-json\/wp\/v2\/product\/88199\/revisions"}],"predecessor-version":[{"id":88215,"href":"https:\/\/brandss.com.py\/index\/wp-json\/wp\/v2\/product\/88199\/revisions\/88215"}],"wp:featuredmedia":[{"embeddable":true,"href":"https:\/\/brandss.com.py\/index\/wp-json\/wp\/v2\/media\/88214"}],"wp:attachment":[{"href":"https:\/\/brandss.com.py\/index\/wp-json\/wp\/v2\/media?parent=88199"}],"wp:term":[{"taxonomy":"product_brand","embeddable":true,"href":"https:\/\/brandss.com.py\/index\/wp-json\/wp\/v2\/product_brand?post=88199"},{"taxonomy":"product_cat","embeddable":true,"href":"https:\/\/brandss.com.py\/index\/wp-json\/wp\/v2\/product_cat?post=88199"},{"taxonomy":"product_tag","embeddable":true,"href":"https:\/\/brandss.com.py\/index\/wp-json\/wp\/v2\/product_tag?post=88199"}],"curies":[{"name":"wp","href":"https:\/\/api.w.org\/{rel}","templated":true}]}}