{"id":88216,"date":"2025-08-18T13:48:33","date_gmt":"2025-08-18T13:48:33","guid":{"rendered":"https:\/\/brandss.com.py\/index\/?post_type=product&#038;p=88216"},"modified":"2026-03-17T14:03:33","modified_gmt":"2026-03-17T14:03:33","slug":"perfume-masculino-vurv-profumo-intensity-homme-edp-100ml","status":"publish","type":"product","link":"https:\/\/brandss.com.py\/index\/producto\/perfume-masculino-vurv-profumo-intensity-homme-edp-100ml\/","title":{"rendered":"PERFUME MASCULINO VURV PROFUMO INTENSITY HOMME EDP 100ML"},"content":{"rendered":"<p><img loading=\"lazy\" decoding=\"async\" class=\"\" src=\"https:\/\/www.intenseoud.com\/cdn\/shop\/files\/Forever_Young_-_Vurv.jpg?v=1739047971\" alt=\"Salvage Eau De Parfum Spray 100ML (3.4 OZ) by Vurv | A Zesty, Spicy Blend  with Fresh Bergamot and a Warm, Woody Finish. | Intense Oud\" width=\"178\" height=\"178\" \/><\/p>\n<h1>PROFUMO INTENSITY HOMME<\/h1>\n<p>un exclusivo y popular perfume \u00e1rabe en aerosol de la mundialmente reconocida gama Vurv Profumo Intensity Homme. Un aut\u00e9ntico cl\u00e1sico, estos perfumes en aerosol son tan hermosos que no parecen una joya escondida; de hecho, querr\u00e1s lucirlos al usarlos. La fragancia a\u00f1adir\u00e1 un toque de distinci\u00f3n a cualquier espacio y es ideal para usar en casa y en la oficina. Cuando necesites una dosis r\u00e1pida de tu perfume favorito.<\/p>\n<p><img loading=\"lazy\" decoding=\"async\" class=\"wp-image-88249 alignleft\" src=\"https:\/\/brandss.com.py\/index\/wp-content\/uploads\/2025\/08\/profumo-int-400x283.jpg\" alt=\"\" width=\"233\" height=\"165\" srcset=\"https:\/\/brandss.com.py\/index\/wp-content\/uploads\/2025\/08\/profumo-int-400x283.jpg 400w, https:\/\/brandss.com.py\/index\/wp-content\/uploads\/2025\/08\/profumo-int-768x543.jpg 768w, https:\/\/brandss.com.py\/index\/wp-content\/uploads\/2025\/08\/profumo-int-430x304.jpg 430w, https:\/\/brandss.com.py\/index\/wp-content\/uploads\/2025\/08\/profumo-int-700x495.jpg 700w, https:\/\/brandss.com.py\/index\/wp-content\/uploads\/2025\/08\/profumo-int-150x106.jpg 150w, https:\/\/brandss.com.py\/index\/wp-content\/uploads\/2025\/08\/profumo-int.jpg 841w\" sizes=\"auto, (max-width: 233px) 100vw, 233px\" \/><\/p>\n<p>Notas de salida: Lim\u00f3n, notas marinas.<\/p>\n<p>Notas de coraz\u00f3n: Vetiver, iris.<\/p>\n<p>Notas de fondo: Cuero, pachul\u00ed.<\/p>\n<h1><\/h1>\n","protected":false},"excerpt":{"rendered":"<p>PROFUMO INTENSITY HOMME un exclusivo y popular perfume \u00e1rabe en aerosol de la mundialmente reconocida gama Vurv Profumo Intensity Homme.<\/p>\n","protected":false},"featured_media":88211,"comment_status":"open","ping_status":"closed","template":"","meta":{"nf_dc_page":""},"product_brand":[785],"product_cat":[84],"product_tag":[897],"class_list":{"0":"post-88216","1":"product","2":"type-product","3":"status-publish","4":"has-post-thumbnail","6":"product_brand-vurv","7":"product_cat-perfumeria","8":"product_tag-897","10":"first","11":"instock","12":"shipping-taxable","13":"purchasable","14":"product-type-simple"},"_links":{"self":[{"href":"https:\/\/brandss.com.py\/index\/wp-json\/wp\/v2\/product\/88216","targetHints":{"allow":["GET"]}}],"collection":[{"href":"https:\/\/brandss.com.py\/index\/wp-json\/wp\/v2\/product"}],"about":[{"href":"https:\/\/brandss.com.py\/index\/wp-json\/wp\/v2\/types\/product"}],"replies":[{"embeddable":true,"href":"https:\/\/brandss.com.py\/index\/wp-json\/wp\/v2\/comments?post=88216"}],"version-history":[{"count":2,"href":"https:\/\/brandss.com.py\/index\/wp-json\/wp\/v2\/product\/88216\/revisions"}],"predecessor-version":[{"id":94274,"href":"https:\/\/brandss.com.py\/index\/wp-json\/wp\/v2\/product\/88216\/revisions\/94274"}],"wp:featuredmedia":[{"embeddable":true,"href":"https:\/\/brandss.com.py\/index\/wp-json\/wp\/v2\/media\/88211"}],"wp:attachment":[{"href":"https:\/\/brandss.com.py\/index\/wp-json\/wp\/v2\/media?parent=88216"}],"wp:term":[{"taxonomy":"product_brand","embeddable":true,"href":"https:\/\/brandss.com.py\/index\/wp-json\/wp\/v2\/product_brand?post=88216"},{"taxonomy":"product_cat","embeddable":true,"href":"https:\/\/brandss.com.py\/index\/wp-json\/wp\/v2\/product_cat?post=88216"},{"taxonomy":"product_tag","embeddable":true,"href":"https:\/\/brandss.com.py\/index\/wp-json\/wp\/v2\/product_tag?post=88216"}],"curies":[{"name":"wp","href":"https:\/\/api.w.org\/{rel}","templated":true}]}}