{"id":88240,"date":"2025-08-18T13:39:20","date_gmt":"2025-08-18T13:39:20","guid":{"rendered":"https:\/\/brandss.com.py\/index\/?post_type=product&#038;p=88240"},"modified":"2026-04-18T13:14:37","modified_gmt":"2026-04-18T13:14:37","slug":"perfume-femenino-armaf-club-de-nuit-maleka-edp-105ml","status":"publish","type":"product","link":"https:\/\/brandss.com.py\/index\/producto\/perfume-femenino-armaf-club-de-nuit-maleka-edp-105ml\/","title":{"rendered":"PERFUME FEMENINO ARMAF CLUB DE NUIT MALEKA EDP 105ML"},"content":{"rendered":"<p><img loading=\"lazy\" decoding=\"async\" class=\"\" src=\"https:\/\/vectorseek.com\/wp-content\/uploads\/2023\/12\/ARMAF-Logo-Vector.svg--300x300.png\" alt=\"ARMAF logo in PNG SVG Vector format - Free Download\" width=\"104\" height=\"104\" \/><\/p>\n<h1>CLUB DE NUIT MALEKA<\/h1>\n<p><span dir=\"auto\">Libera tu realeza interior con\u00a0<\/span><span dir=\"auto\">Club De Nuit Maleka<\/span><span dir=\"auto\">, una fragancia que encarna la elegancia, el poder y el misterio. Experimente el encanto de la sofisticaci\u00f3n con Club De Nuit Maleka\u00a0Eau de Parfum\u00a0para mujer, una lujosa fragancia dise\u00f1ada para la mujer moderna y segura de s\u00ed misma. Creada por la prestigiosa marca de Oriente Medio Armaf, esta exquisita fragancia encarna la elegancia y el encanto, convirti\u00e9ndola en una adici\u00f3n esencial a cualquier colecci\u00f3n de perfumes.<img loading=\"lazy\" decoding=\"async\" class=\"alignleft\" src=\"https:\/\/www.smella.es\/cdn\/shop\/files\/FullSizeRender_07461308-00c2-491f-afca-875f0c3106f9_1800x1800.jpg?v=1747163421\" width=\"613\" height=\"804\" \/><\/span><\/p>\n<p>Maleka, la reina de la noche, no necesita anunciarse: su aroma la precede, conquistando con cada paso. Una joya olfativa que seduce con lujo, misterio y poder femenino&#8230;<\/p>\n<p>&nbsp;<\/p>\n<p>&nbsp;<\/p>\n<h3>Notas Olfativas<\/h3>\n<p>&nbsp;<\/p>\n<p>&nbsp;<\/p>\n<p>Club De Nuit Maleka de Armaf es una fragancia de la familia olfativa Floral Frutal para Mujeres. Esta fragancia es nueva, se lanz\u00f3 en 2025.<\/p>\n<p>Club De Nuit Maleka es el encuentro entre la realeza moderna y la tentaci\u00f3n m\u00e1s exquisita.<\/p>\n<p>El lichi jugoso y la bergamota luminosa abren con un frescor chispeante, al que la pimienta rosa a\u00f1ade un gui\u00f1o travieso y sofisticado.<\/p>\n<p>En el coraz\u00f3n, la ra\u00edz de lirio despliega una elegancia polvosa y aterciopelada que se funde con la dulzura adictiva del pralin\u00e9.<\/p>\n<p>El s\u00e1ndalo cremoso aporta un abrazo envolvente, mientras el ambroxan deja una estela magn\u00e9tica, imposible de ignorar.<\/p>\n<p>&nbsp;<\/p>\n<p>&nbsp;<\/p>\n<p><strong>Notas de salida:<\/strong> lichi, bergamota, pimienta rosa.<\/p>\n<p><strong>Notas de coraz\u00f3n:<\/strong> ra\u00edz de lirio.<\/p>\n<p><strong>Notas de fondo:<\/strong> pralin\u00e9, s\u00e1ndalo y ambroxan.<\/p>\n","protected":false},"excerpt":{"rendered":"<p>CLUB DE NUIT MALEKA Libera tu realeza interior con\u00a0Club De Nuit Maleka, una fragancia que encarna la elegancia, el poder<\/p>\n","protected":false},"featured_media":88241,"comment_status":"open","ping_status":"closed","template":"","meta":{"nf_dc_page":""},"product_brand":[106],"product_cat":[84],"product_tag":[172],"class_list":{"0":"post-88240","1":"product","2":"type-product","3":"status-publish","4":"has-post-thumbnail","6":"product_brand-armaf","7":"product_cat-perfumeria","8":"product_tag-172","10":"first","11":"instock","12":"sale","13":"shipping-taxable","14":"purchasable","15":"product-type-simple"},"_links":{"self":[{"href":"https:\/\/brandss.com.py\/index\/wp-json\/wp\/v2\/product\/88240","targetHints":{"allow":["GET"]}}],"collection":[{"href":"https:\/\/brandss.com.py\/index\/wp-json\/wp\/v2\/product"}],"about":[{"href":"https:\/\/brandss.com.py\/index\/wp-json\/wp\/v2\/types\/product"}],"replies":[{"embeddable":true,"href":"https:\/\/brandss.com.py\/index\/wp-json\/wp\/v2\/comments?post=88240"}],"version-history":[{"count":1,"href":"https:\/\/brandss.com.py\/index\/wp-json\/wp\/v2\/product\/88240\/revisions"}],"predecessor-version":[{"id":88248,"href":"https:\/\/brandss.com.py\/index\/wp-json\/wp\/v2\/product\/88240\/revisions\/88248"}],"wp:featuredmedia":[{"embeddable":true,"href":"https:\/\/brandss.com.py\/index\/wp-json\/wp\/v2\/media\/88241"}],"wp:attachment":[{"href":"https:\/\/brandss.com.py\/index\/wp-json\/wp\/v2\/media?parent=88240"}],"wp:term":[{"taxonomy":"product_brand","embeddable":true,"href":"https:\/\/brandss.com.py\/index\/wp-json\/wp\/v2\/product_brand?post=88240"},{"taxonomy":"product_cat","embeddable":true,"href":"https:\/\/brandss.com.py\/index\/wp-json\/wp\/v2\/product_cat?post=88240"},{"taxonomy":"product_tag","embeddable":true,"href":"https:\/\/brandss.com.py\/index\/wp-json\/wp\/v2\/product_tag?post=88240"}],"curies":[{"name":"wp","href":"https:\/\/api.w.org\/{rel}","templated":true}]}}