{"id":88250,"date":"2025-08-18T14:02:57","date_gmt":"2025-08-18T14:02:57","guid":{"rendered":"https:\/\/brandss.com.py\/index\/?post_type=product&#038;p=88250"},"modified":"2025-08-18T14:03:32","modified_gmt":"2025-08-18T14:03:32","slug":"perfume-femenino-flavia-eclat-de-rosier-edp-90ml","status":"publish","type":"product","link":"https:\/\/brandss.com.py\/index\/producto\/perfume-femenino-flavia-eclat-de-rosier-edp-90ml\/","title":{"rendered":"PERFUME FEMENINO FLAVIA \u00c9CLAT DE ROSIER EDP 90ML"},"content":{"rendered":"<p><img loading=\"lazy\" decoding=\"async\" class=\"\" src=\"https:\/\/encrypted-tbn0.gstatic.com\/images?q=tbn:ANd9GcS4ULV7KFmI1zPv8EkMzvzSvp6zEkD21tbAIA&amp;s\" alt=\"Flavia Rose &amp; Oud Eau De Parfum Woman Fragrance - PLAZA\" width=\"112\" height=\"59\" \/><\/p>\n<h1>\u00c9CLAT DE ROSIER<\/h1>\n<p>Presentamos Flavia \u00c9clat de Rosier, una esencia cautivadora que te transporta a jardines ex\u00f3ticos, donde el aire se llena de aromas tentadores y colores vibrantes. Esta fragancia oriental entreteje una sinfon\u00eda de notas lujosas, creando una experiencia olfativa inolvidable.<\/p>\n<p>\u00c9clat de Rosier es una fragancia femenina delicada y luminosa que celebra la elegancia de la rosa en su forma m\u00e1s fresca y sofisticada. Es el perfume ideal para el d\u00eda, el romanticismo y la mujer que busca expresar su lado m\u00e1s elegante y natural.<\/p>\n<p>&nbsp;<\/p>\n<h3>Notas Olfativas<\/h3>\n<p>&nbsp;<\/p>\n<p>En esencia,\u00a0Flavia \u00c9clat de Rosier, es una mezcla armoniosa de frutas tropicales y delicadas flores. Imagine mangos suculentos, pi\u00f1as maduras y deliciosas bayas entrelazadas con los suaves p\u00e9talos de rosas reci\u00e9n florecidas, creando un aura de elegancia y calidez natural.<\/p>\n<p>A medida que la fragancia evoluciona, revela un sensual almizcle que a\u00f1ade profundidad y complejidad a su car\u00e1cter. Este encanto almizclado se entrelaza a la perfecci\u00f3n con acentos c\u00edtricos, que recuerdan a las naranjas ba\u00f1adas por el sol y a los limones picantes, evocando una sensaci\u00f3n de energ\u00eda alegre y vitalidad.<\/p>\n<div><strong>&#8211; Notas de salida:<\/strong> Dulce, Vainilla y Atalcado.<\/div>\n<div><strong>&#8211; Notas de coraz\u00f3n:<\/strong> Tropical y Afrutado.<\/div>\n<div><strong>&#8211; Notas de fondo:<\/strong> Almizclado, Floral y C\u00edtrico.<\/div>\n","protected":false},"excerpt":{"rendered":"<p>\u00c9CLAT DE ROSIER Presentamos Flavia \u00c9clat de Rosier, una esencia cautivadora que te transporta a jardines ex\u00f3ticos, donde el aire<\/p>\n","protected":false},"featured_media":88259,"comment_status":"open","ping_status":"closed","template":"","meta":{"nf_dc_page":""},"product_brand":[],"product_cat":[84],"product_tag":[],"class_list":{"0":"post-88250","1":"product","2":"type-product","3":"status-publish","4":"has-post-thumbnail","6":"product_cat-perfumeria","8":"first","9":"outofstock","10":"shipping-taxable","11":"purchasable","12":"product-type-simple"},"_links":{"self":[{"href":"https:\/\/brandss.com.py\/index\/wp-json\/wp\/v2\/product\/88250","targetHints":{"allow":["GET"]}}],"collection":[{"href":"https:\/\/brandss.com.py\/index\/wp-json\/wp\/v2\/product"}],"about":[{"href":"https:\/\/brandss.com.py\/index\/wp-json\/wp\/v2\/types\/product"}],"replies":[{"embeddable":true,"href":"https:\/\/brandss.com.py\/index\/wp-json\/wp\/v2\/comments?post=88250"}],"version-history":[{"count":2,"href":"https:\/\/brandss.com.py\/index\/wp-json\/wp\/v2\/product\/88250\/revisions"}],"predecessor-version":[{"id":88261,"href":"https:\/\/brandss.com.py\/index\/wp-json\/wp\/v2\/product\/88250\/revisions\/88261"}],"wp:featuredmedia":[{"embeddable":true,"href":"https:\/\/brandss.com.py\/index\/wp-json\/wp\/v2\/media\/88259"}],"wp:attachment":[{"href":"https:\/\/brandss.com.py\/index\/wp-json\/wp\/v2\/media?parent=88250"}],"wp:term":[{"taxonomy":"product_brand","embeddable":true,"href":"https:\/\/brandss.com.py\/index\/wp-json\/wp\/v2\/product_brand?post=88250"},{"taxonomy":"product_cat","embeddable":true,"href":"https:\/\/brandss.com.py\/index\/wp-json\/wp\/v2\/product_cat?post=88250"},{"taxonomy":"product_tag","embeddable":true,"href":"https:\/\/brandss.com.py\/index\/wp-json\/wp\/v2\/product_tag?post=88250"}],"curies":[{"name":"wp","href":"https:\/\/api.w.org\/{rel}","templated":true}]}}