{"id":88275,"date":"2025-08-18T14:38:55","date_gmt":"2025-08-18T14:38:55","guid":{"rendered":"https:\/\/brandss.com.py\/index\/?post_type=product&#038;p=88275"},"modified":"2026-03-30T13:39:20","modified_gmt":"2026-03-30T13:39:20","slug":"perfume-femenino-mirada-muse-beaute-blanche-edp-100ml","status":"publish","type":"product","link":"https:\/\/brandss.com.py\/index\/producto\/perfume-femenino-mirada-muse-beaute-blanche-edp-100ml\/","title":{"rendered":"PERFUME FEMENINO MIRADA MUSE BEAUTE BLANCHE EDP 100ML"},"content":{"rendered":"<p><img loading=\"lazy\" decoding=\"async\" class=\"\" src=\"https:\/\/fimgs.net\/mdimg\/dizajneri\/o.6784.jpg\" alt=\"Mirada Fragancias Y Colonias\" width=\"110\" height=\"90\" \/><\/p>\n<h1>MUSE BEAUTE BLANCHE<\/h1>\n<p>Descubre tu encanto m\u00e1gico con Muse Beaut\u00e9 Blanche, un Eau de Parfum que evoca sofisticaci\u00f3n y misterio. Deja que su cautivadora mezcla atraiga a tus admiradores, dejando un rastro de elegancia dondequiera que vayas.<\/p>\n<p>&nbsp;<\/p>\n<h3>Notas Olfativas<\/h3>\n<p>&nbsp;<\/p>\n<p>Muse Beaut\u00e9 Blanche EDP de Mirada es una fragancia femenina que combina delicadas flores blancas con un toque fresco y verde, creando una experiencia olfativa refinada. Su aura ambarada y almizclada aporta profundidad y elegancia que perdura todo el d\u00eda.<\/p>\n<p>El perfume\u00a0<span dir=\"ltr\" lang=\"es-PY\">Muse Beaut\u00e9 Blanche EDP<\/span><span dir=\"ltr\" lang=\"es-MX\">\u00a0de\u00a0<\/span><span dir=\"ltr\" lang=\"es-PY\">Mirada<\/span><span dir=\"ltr\" lang=\"es-MX\">\u00a0<\/span>es una fragancia de la familia olfativa\u00a0<span dir=\"ltr\" lang=\"es-MX\">chipre floral<\/span>\u00a0para\u00a0<span dir=\"ltr\" lang=\"es-MX\">mujeres<\/span>.\u00a0<span dir=\"ltr\" lang=\"es-PY\">Con una concentraci\u00f3n tipo Eau de Parfum, ofrece una alta intensidad y durabilidad en la piel. Sus notas arom\u00e1ticas se componen de los siguientes ingredientes.<\/span><\/p>\n<ul>\n<li><span dir=\"ltr\" lang=\"es-PY\"><strong>Notas de salida:<\/strong> Jazm\u00edn Sambac.<\/span><\/li>\n<li><span dir=\"ltr\" lang=\"es-PY\"><strong>Notas de coraz\u00f3n:\u00a0<\/strong><\/span><span dir=\"ltr\" lang=\"es-PY\">Notas verdes<\/span><span dir=\"ltr\" lang=\"es-MX\">\u00a0y\u00a0<\/span><span dir=\"ltr\" lang=\"es-PY\">magnolia.<\/span><\/li>\n<li><span dir=\"ltr\" lang=\"es-PY\"><strong>Notas de fondo:\u00a0<\/strong><\/span><span dir=\"ltr\" lang=\"es-MX\">N<\/span><span dir=\"ltr\" lang=\"es-PY\">eroli, rosa<\/span><span dir=\"ltr\" lang=\"es-MX\">\u00a0y\u00a0<\/span><span dir=\"ltr\" lang=\"es-PY\">almizcle.<\/span><\/li>\n<\/ul>\n","protected":false},"excerpt":{"rendered":"<p>MUSE BEAUTE BLANCHE Descubre tu encanto m\u00e1gico con Muse Beaut\u00e9 Blanche, un Eau de Parfum que evoca sofisticaci\u00f3n y misterio.<\/p>\n","protected":false},"featured_media":88277,"comment_status":"open","ping_status":"closed","template":"","meta":{"nf_dc_page":""},"product_brand":[],"product_cat":[84],"product_tag":[],"class_list":{"0":"post-88275","1":"product","2":"type-product","3":"status-publish","4":"has-post-thumbnail","6":"product_cat-perfumeria","8":"first","9":"outofstock","10":"shipping-taxable","11":"purchasable","12":"product-type-simple"},"_links":{"self":[{"href":"https:\/\/brandss.com.py\/index\/wp-json\/wp\/v2\/product\/88275","targetHints":{"allow":["GET"]}}],"collection":[{"href":"https:\/\/brandss.com.py\/index\/wp-json\/wp\/v2\/product"}],"about":[{"href":"https:\/\/brandss.com.py\/index\/wp-json\/wp\/v2\/types\/product"}],"replies":[{"embeddable":true,"href":"https:\/\/brandss.com.py\/index\/wp-json\/wp\/v2\/comments?post=88275"}],"version-history":[{"count":1,"href":"https:\/\/brandss.com.py\/index\/wp-json\/wp\/v2\/product\/88275\/revisions"}],"predecessor-version":[{"id":88281,"href":"https:\/\/brandss.com.py\/index\/wp-json\/wp\/v2\/product\/88275\/revisions\/88281"}],"wp:featuredmedia":[{"embeddable":true,"href":"https:\/\/brandss.com.py\/index\/wp-json\/wp\/v2\/media\/88277"}],"wp:attachment":[{"href":"https:\/\/brandss.com.py\/index\/wp-json\/wp\/v2\/media?parent=88275"}],"wp:term":[{"taxonomy":"product_brand","embeddable":true,"href":"https:\/\/brandss.com.py\/index\/wp-json\/wp\/v2\/product_brand?post=88275"},{"taxonomy":"product_cat","embeddable":true,"href":"https:\/\/brandss.com.py\/index\/wp-json\/wp\/v2\/product_cat?post=88275"},{"taxonomy":"product_tag","embeddable":true,"href":"https:\/\/brandss.com.py\/index\/wp-json\/wp\/v2\/product_tag?post=88275"}],"curies":[{"name":"wp","href":"https:\/\/api.w.org\/{rel}","templated":true}]}}