{"id":88282,"date":"2025-08-18T14:53:57","date_gmt":"2025-08-18T14:53:57","guid":{"rendered":"https:\/\/brandss.com.py\/index\/?post_type=product&#038;p=88282"},"modified":"2026-03-30T13:39:20","modified_gmt":"2026-03-30T13:39:20","slug":"perfume-femenino-mirada-muse-rose-musc-edp-100ml","status":"publish","type":"product","link":"https:\/\/brandss.com.py\/index\/producto\/perfume-femenino-mirada-muse-rose-musc-edp-100ml\/","title":{"rendered":"PERFUME FEMENINO MIRADA MUSE ROSE MUSC EDP 100ML"},"content":{"rendered":"<p><img loading=\"lazy\" decoding=\"async\" class=\"\" src=\"https:\/\/fimgs.net\/mdimg\/dizajneri\/o.6784.jpg\" alt=\"Mirada Fragancias Y Colonias\" width=\"85\" height=\"69\" \/><\/p>\n<h1>MUSE ROSE MUSC<\/h1>\n<p>Es una delicada fragancia femenina que encarna la gracia y la sofisticaci\u00f3n, convirti\u00e9ndola en la compa\u00f1era perfecta para momentos inolvidables en tu vida.<\/p>\n<h3>Notas Olfativas<\/h3>\n<p>Muse Rose Musc EDP de Mirada es una fragancia femenina vibrante y seductora que se abre con un toque jugoso y ligeramente picante. Su coraz\u00f3n floral envuelve los sentidos con elegancia, mientras que la base c\u00e1lida y cremosa deja una estela inolvidable. Perfecta para brillar en cualquier ocasi\u00f3n.<\/p>\n<p>El perfume\u00a0<span dir=\"ltr\" lang=\"es-MX\">Muse Rose Musc<\/span> es una fragancia de la familia olfativa f<span dir=\"ltr\" lang=\"es-MX\">rutal floral<\/span>\u00a0para\u00a0<span dir=\"ltr\" lang=\"es-MX\">mujeres<\/span>.\u00a0<span dir=\"ltr\" lang=\"es-PY\">Con una concentraci\u00f3n tipo Eau de Parfum, ofrece una alta intensidad y durabilidad en la piel. Sus notas arom\u00e1ticas se componen de los siguientes ingredientes.<\/span><\/p>\n<ul>\n<li><span dir=\"ltr\" lang=\"es-PY\"><strong>Notas de salida:<\/strong> Pera, bergamota, fresa y pimienta rosa.<\/span><\/li>\n<li><span dir=\"ltr\" lang=\"es-PY\"><strong>Notas de coraz\u00f3n:\u00a0<\/strong><\/span><span dir=\"ltr\" lang=\"es-PY\">Rosa y jazm\u00edn.<\/span><\/li>\n<li><span dir=\"ltr\" lang=\"es-PY\"><strong>Notas de fondo:\u00a0<\/strong><\/span><span dir=\"ltr\" lang=\"es-PY\">Almizcle blanco, vainilla, pachul\u00ed y cedro.<\/span><\/li>\n<\/ul>\n","protected":false},"excerpt":{"rendered":"<p>MUSE ROSE MUSC Es una delicada fragancia femenina que encarna la gracia y la sofisticaci\u00f3n, convirti\u00e9ndola en la compa\u00f1era perfecta<\/p>\n","protected":false},"featured_media":88287,"comment_status":"open","ping_status":"closed","template":"","meta":{"nf_dc_page":""},"product_brand":[],"product_cat":[84],"product_tag":[],"class_list":{"0":"post-88282","1":"product","2":"type-product","3":"status-publish","4":"has-post-thumbnail","6":"product_cat-perfumeria","8":"first","9":"outofstock","10":"shipping-taxable","11":"purchasable","12":"product-type-simple"},"_links":{"self":[{"href":"https:\/\/brandss.com.py\/index\/wp-json\/wp\/v2\/product\/88282","targetHints":{"allow":["GET"]}}],"collection":[{"href":"https:\/\/brandss.com.py\/index\/wp-json\/wp\/v2\/product"}],"about":[{"href":"https:\/\/brandss.com.py\/index\/wp-json\/wp\/v2\/types\/product"}],"replies":[{"embeddable":true,"href":"https:\/\/brandss.com.py\/index\/wp-json\/wp\/v2\/comments?post=88282"}],"version-history":[{"count":1,"href":"https:\/\/brandss.com.py\/index\/wp-json\/wp\/v2\/product\/88282\/revisions"}],"predecessor-version":[{"id":88288,"href":"https:\/\/brandss.com.py\/index\/wp-json\/wp\/v2\/product\/88282\/revisions\/88288"}],"wp:featuredmedia":[{"embeddable":true,"href":"https:\/\/brandss.com.py\/index\/wp-json\/wp\/v2\/media\/88287"}],"wp:attachment":[{"href":"https:\/\/brandss.com.py\/index\/wp-json\/wp\/v2\/media?parent=88282"}],"wp:term":[{"taxonomy":"product_brand","embeddable":true,"href":"https:\/\/brandss.com.py\/index\/wp-json\/wp\/v2\/product_brand?post=88282"},{"taxonomy":"product_cat","embeddable":true,"href":"https:\/\/brandss.com.py\/index\/wp-json\/wp\/v2\/product_cat?post=88282"},{"taxonomy":"product_tag","embeddable":true,"href":"https:\/\/brandss.com.py\/index\/wp-json\/wp\/v2\/product_tag?post=88282"}],"curies":[{"name":"wp","href":"https:\/\/api.w.org\/{rel}","templated":true}]}}