{"id":88303,"date":"2025-08-18T17:00:40","date_gmt":"2025-08-18T17:00:40","guid":{"rendered":"https:\/\/brandss.com.py\/index\/?post_type=product&#038;p=88303"},"modified":"2025-08-18T17:34:12","modified_gmt":"2025-08-18T17:34:12","slug":"perfume-unisex-sahari-ikhtiyari-edp-100ml","status":"publish","type":"product","link":"https:\/\/brandss.com.py\/index\/producto\/perfume-unisex-sahari-ikhtiyari-edp-100ml\/","title":{"rendered":"PERFUME UNISEX SAHARI IKHTIYARI EDP 100ML"},"content":{"rendered":"<p><img loading=\"lazy\" decoding=\"async\" class=\"\" src=\"https:\/\/www.excellenceimp.com.br\/images\/stories\/virtuemart\/manufacturer\/resized\/0-Sahari_0x400.jpg\" alt=\"Manufacturer Details SAHARI\" width=\"156\" height=\"73\" \/><\/p>\n<h1>IKHTIYARI<\/h1>\n<p><span dir=\"auto\">Es un lujoso Eau de Parfum unisex, dise\u00f1ado para quienes destacan sin esfuerzo. Su exclusiva fragancia es perfecta para quienes llaman la atenci\u00f3n y la admiraci\u00f3n dondequiera que vayan.<\/span><\/p>\n<p>Ikhtiyari Sahari no es solo un perfume, es una declaraci\u00f3n personal. Inspirada en la individualidad y la elegancia, esta refinada fragancia celebra el poder de la elecci\u00f3n, el estilo y la autoexpresi\u00f3n. Creada para quienes eligen la sofisticaci\u00f3n como su segunda piel, Ikhtiyari significa &#8220;Mi Elecci\u00f3n&#8221;, y esta fragancia hace que esa elecci\u00f3n sea inolvidable.<\/p>\n<p><em><strong><span dir=\"auto\">Personal y atemporal:<\/span><\/strong><\/em><br \/>\n<span dir=\"auto\">una fragancia que se siente profundamente individual, creada para quienes definen la elegancia en sus propios t\u00e9rminos.<\/span><\/p>\n<p><em><strong><span dir=\"auto\">Composici\u00f3n unisex equilibrada:<\/span><\/strong><\/em><br \/>\n<span dir=\"auto\">mezclada armoniosamente tanto para hombres como para mujeres, ofreciendo calidez, sofisticaci\u00f3n y claridad.<\/span><\/p>\n<p><em><strong><span dir=\"auto\">Ingredientes premium:<\/span><\/strong><\/em><br \/>\n<span dir=\"auto\">Con flores finas, maderas raras y almizcle para un aroma suave y cambiante.<\/span><\/p>\n<p><em><strong><span dir=\"auto\">Presentaci\u00f3n elegante:<\/span><\/strong><\/em><br \/>\n<span dir=\"auto\">Envasado en una elegante botella de color marfil o arena mate con detalles dorados, inspirada en la serena belleza del desierto.<\/span><\/p>\n<p><em><strong><span dir=\"auto\">Lujo cotidiano:<\/span><\/strong><\/em><br \/>\n<span dir=\"auto\">ideal para uso diario, ocasiones especiales o como un aroma exclusivo.<\/span><\/p>\n<p>&nbsp;<\/p>\n<h3>Notas Olfativas<\/h3>\n<p>&nbsp;<\/p>\n<p>Ikhtiyari de Sahari es una fragancia unisex intensa y envolvente que se abre con la audacia del co\u00f1ac. Su c\u00e1lido coraz\u00f3n combina vainilla, canela y roble, mientras que el fondo dulce y amaderado de pralin\u00e9, haba tonka y s\u00e1ndalo deja una estela sofisticada.<\/p>\n<ul>\n<li><strong><span dir=\"auto\">Notas de salida:<\/span><\/strong><span dir=\"auto\"> Co\u00f1ac.<\/span><\/li>\n<li><strong><span dir=\"auto\">Notas de coraz\u00f3n:<\/span><\/strong><span dir=\"auto\"> vainilla, canela, roble.<\/span><\/li>\n<li><strong><span dir=\"auto\">Notas de fondo:<\/span><\/strong><span dir=\"auto\"> Haba tonka, pralin\u00e9, s\u00e1ndalo.<\/span><\/li>\n<\/ul>\n","protected":false},"excerpt":{"rendered":"<p>IKHTIYARI Es un lujoso Eau de Parfum unisex, dise\u00f1ado para quienes destacan sin esfuerzo. Su exclusiva fragancia es perfecta para<\/p>\n","protected":false},"featured_media":88307,"comment_status":"open","ping_status":"closed","template":"","meta":{"nf_dc_page":""},"product_brand":[],"product_cat":[84],"product_tag":[],"class_list":{"0":"post-88303","1":"product","2":"type-product","3":"status-publish","4":"has-post-thumbnail","6":"product_cat-perfumeria","8":"first","9":"instock","10":"shipping-taxable","11":"purchasable","12":"product-type-simple"},"_links":{"self":[{"href":"https:\/\/brandss.com.py\/index\/wp-json\/wp\/v2\/product\/88303","targetHints":{"allow":["GET"]}}],"collection":[{"href":"https:\/\/brandss.com.py\/index\/wp-json\/wp\/v2\/product"}],"about":[{"href":"https:\/\/brandss.com.py\/index\/wp-json\/wp\/v2\/types\/product"}],"replies":[{"embeddable":true,"href":"https:\/\/brandss.com.py\/index\/wp-json\/wp\/v2\/comments?post=88303"}],"version-history":[{"count":1,"href":"https:\/\/brandss.com.py\/index\/wp-json\/wp\/v2\/product\/88303\/revisions"}],"predecessor-version":[{"id":88310,"href":"https:\/\/brandss.com.py\/index\/wp-json\/wp\/v2\/product\/88303\/revisions\/88310"}],"wp:featuredmedia":[{"embeddable":true,"href":"https:\/\/brandss.com.py\/index\/wp-json\/wp\/v2\/media\/88307"}],"wp:attachment":[{"href":"https:\/\/brandss.com.py\/index\/wp-json\/wp\/v2\/media?parent=88303"}],"wp:term":[{"taxonomy":"product_brand","embeddable":true,"href":"https:\/\/brandss.com.py\/index\/wp-json\/wp\/v2\/product_brand?post=88303"},{"taxonomy":"product_cat","embeddable":true,"href":"https:\/\/brandss.com.py\/index\/wp-json\/wp\/v2\/product_cat?post=88303"},{"taxonomy":"product_tag","embeddable":true,"href":"https:\/\/brandss.com.py\/index\/wp-json\/wp\/v2\/product_tag?post=88303"}],"curies":[{"name":"wp","href":"https:\/\/api.w.org\/{rel}","templated":true}]}}