{"id":88321,"date":"2025-08-18T18:15:26","date_gmt":"2025-08-18T18:15:26","guid":{"rendered":"https:\/\/brandss.com.py\/index\/?post_type=product&#038;p=88321"},"modified":"2026-03-28T16:18:35","modified_gmt":"2026-03-28T16:18:35","slug":"perfume-masculino-lattafa-al-dur-al-maknoon-silver-edp-100ml","status":"publish","type":"product","link":"https:\/\/brandss.com.py\/index\/producto\/perfume-masculino-lattafa-al-dur-al-maknoon-silver-edp-100ml\/","title":{"rendered":"PERFUME MASCULINO LATTAFA AL DUR AL MAKNOON SILVER EDP 100ML"},"content":{"rendered":"<p><img loading=\"lazy\" decoding=\"async\" class=\"\" src=\"https:\/\/myscentjourney.s3.us-east-2.amazonaws.com\/2022\/02\/14\/29KIascent_j_marca_1644871114_202.png\" alt=\"MSJ::LATTAFA\" width=\"103\" height=\"123\" \/><\/p>\n<h1>AL DUR AL MAKNOON SILVER<\/h1>\n<p><span dir=\"auto\">Sum\u00e9rgete en la sofisticaci\u00f3n y el encanto de Al Dur Al Maknoon Silver, una fragancia dise\u00f1ada para quienes aprecian la calidad y la distinci\u00f3n. Perfecta para el d\u00eda o la noche, complementa tu estilo con naturalidad, dejando una huella imborrable dondequiera que vayas.<\/span><\/p>\n<p><span dir=\"auto\">Ya sea para ti o para regalar, esta fragancia encarna el lujo y la sofisticaci\u00f3n, convirti\u00e9ndola en una adici\u00f3n atemporal a cualquier colecci\u00f3n de perfumes. <\/span><span dir=\"auto\">Al Dur Al Maknoon Silver trasciende las fragancias comunes con su composici\u00f3n compleja pero armoniosa. Cada nota se selecciona cuidadosamente para evocar una sensaci\u00f3n de refinamiento e individualidad, garantizando que cada aplicaci\u00f3n sea una declaraci\u00f3n de estilo y sofisticaci\u00f3n.<\/span><\/p>\n<p><span dir=\"auto\">Experimente hoy mismo el encanto de Al Dur Al Maknoon Silver. Despierte sus sentidos y del\u00e9itese con una fragancia que celebra el arte de la perfumer\u00eda con su distintiva combinaci\u00f3n de frescura afrutada y matices profundos y sensuales. Ya sea para un look casual o para ocasiones especiales, promete una experiencia olfativa inolvidable.<\/span><\/p>\n<p><img decoding=\"async\" class=\"alignleft\" src=\"https:\/\/acdn-us.mitiendanube.com\/stores\/005\/164\/317\/products\/captura-de-pantalla-2025-05-16-171629-8545b6c8ab10df749217474274534420-1024-1024.png\" \/><\/p>\n<h3>Notas Olfativas<\/h3>\n<p>&nbsp;<\/p>\n<p><span dir=\"auto\">Descubre Al Dur Al Maknoon Silver, una cautivadora fragancia unisex que combina a la perfecci\u00f3n refrescantes notas frutales con c\u00e1lidos acordes terrosos para una experiencia olfativa inolvidable. Con una vibrante composici\u00f3n inicial de pi\u00f1a, bergamota y manzana, esta fragancia despierta los sentidos con sus vigorizantes notas de salida.<\/span><\/p>\n<p><span dir=\"auto\">A medida que la fragancia evoluciona, las notas de coraz\u00f3n de abedul, pachul\u00ed y jazm\u00edn a\u00f1aden una dimensi\u00f3n elegante e intrigante, creando una mezcla armoniosa que cautiva y seduce. Finalmente, las notas de fondo de cuero, almizcle, musgo de roble y \u00e1mbar proporcionan una base rica y sensual, asegurando una experiencia arom\u00e1tica duradera y memorable mucho despu\u00e9s de la \u00faltima aplicaci\u00f3n.<\/span><\/p>\n<h4><\/h4>\n<ul>\n<li><strong><span dir=\"auto\">Notas de salida:<\/span><\/strong><span dir=\"auto\">\u00a0Pi\u00f1a, bergamota, manzana.<\/span><\/li>\n<li><strong><span dir=\"auto\">Notas de coraz\u00f3n:<\/span><\/strong><span dir=\"auto\"> Abedul, Pachul\u00ed, Jazm\u00edn.<\/span><\/li>\n<li><strong><span dir=\"auto\">Notas de base:<\/span><\/strong><span dir=\"auto\">\u00a0cuero, almizcle, musgo de roble, \u00e1mbar.<\/span><\/li>\n<\/ul>\n","protected":false},"excerpt":{"rendered":"<p>AL DUR AL MAKNOON SILVER Sum\u00e9rgete en la sofisticaci\u00f3n y el encanto de Al Dur Al Maknoon Silver, una fragancia<\/p>\n","protected":false},"featured_media":88322,"comment_status":"open","ping_status":"closed","template":"","meta":{"nf_dc_page":""},"product_brand":[109],"product_cat":[84],"product_tag":[610],"class_list":{"0":"post-88321","1":"product","2":"type-product","3":"status-publish","4":"has-post-thumbnail","6":"product_brand-lattafa","7":"product_cat-perfumeria","8":"product_tag-610","10":"first","11":"outofstock","12":"shipping-taxable","13":"purchasable","14":"product-type-simple"},"_links":{"self":[{"href":"https:\/\/brandss.com.py\/index\/wp-json\/wp\/v2\/product\/88321","targetHints":{"allow":["GET"]}}],"collection":[{"href":"https:\/\/brandss.com.py\/index\/wp-json\/wp\/v2\/product"}],"about":[{"href":"https:\/\/brandss.com.py\/index\/wp-json\/wp\/v2\/types\/product"}],"replies":[{"embeddable":true,"href":"https:\/\/brandss.com.py\/index\/wp-json\/wp\/v2\/comments?post=88321"}],"version-history":[{"count":1,"href":"https:\/\/brandss.com.py\/index\/wp-json\/wp\/v2\/product\/88321\/revisions"}],"predecessor-version":[{"id":88329,"href":"https:\/\/brandss.com.py\/index\/wp-json\/wp\/v2\/product\/88321\/revisions\/88329"}],"wp:featuredmedia":[{"embeddable":true,"href":"https:\/\/brandss.com.py\/index\/wp-json\/wp\/v2\/media\/88322"}],"wp:attachment":[{"href":"https:\/\/brandss.com.py\/index\/wp-json\/wp\/v2\/media?parent=88321"}],"wp:term":[{"taxonomy":"product_brand","embeddable":true,"href":"https:\/\/brandss.com.py\/index\/wp-json\/wp\/v2\/product_brand?post=88321"},{"taxonomy":"product_cat","embeddable":true,"href":"https:\/\/brandss.com.py\/index\/wp-json\/wp\/v2\/product_cat?post=88321"},{"taxonomy":"product_tag","embeddable":true,"href":"https:\/\/brandss.com.py\/index\/wp-json\/wp\/v2\/product_tag?post=88321"}],"curies":[{"name":"wp","href":"https:\/\/api.w.org\/{rel}","templated":true}]}}