{"id":88354,"date":"2025-08-18T19:04:41","date_gmt":"2025-08-18T19:04:41","guid":{"rendered":"https:\/\/brandss.com.py\/index\/?post_type=product&#038;p=88354"},"modified":"2025-08-18T19:05:38","modified_gmt":"2025-08-18T19:05:38","slug":"bruma-corporal-femenino-victorias-secret-coconut-sol-shimmer-250ml","status":"publish","type":"product","link":"https:\/\/brandss.com.py\/index\/producto\/bruma-corporal-femenino-victorias-secret-coconut-sol-shimmer-250ml\/","title":{"rendered":"BRUMA CORPORAL FEMENINO VICTORIA&#8217;S SECRET COCONUT SOL SHIMMER 250ML"},"content":{"rendered":"<p><img loading=\"lazy\" decoding=\"async\" class=\"\" src=\"https:\/\/images.seeklogo.com\/logo-png\/23\/2\/victorias-secret-logo-png_seeklogo-230179.png\" alt=\"Victoria's Secret Logo PNG Vectors Free Download\" width=\"75\" height=\"75\" \/><\/p>\n<h1>COCONUT SOL SHIMMER<\/h1>\n<p>La colonia\u00a0Coconut Sol Shimmer\u00a0de Victoria&#8217;s Secret pertenece a la familia olfativa frutal y est\u00e1 dise\u00f1ada especialmente para mujeres. Su fragancia envuelve la piel con un aroma delicioso y duradero. Su composici\u00f3n incluye las siguientes notas:<\/p>\n<ul>\n<li><strong>Notas de salida:<\/strong>\u00a0Coco rallado y brisa marina<\/li>\n<li><strong>Notas de coraz\u00f3n:<\/strong>\u00a0Girasol mexicano y fruta del drag\u00f3n<\/li>\n<li><span><span dir=\"ltr\" lang=\"es-MX\"><strong>Notas de fondo:<\/strong><\/span><span dir=\"ltr\" lang=\"es-MX\"><strong>\u00a0<\/strong>Cedro blanco y almizcle iluminado por el sol<\/span><\/span><\/li>\n<\/ul>\n","protected":false},"excerpt":{"rendered":"<p>COCONUT SOL SHIMMER La colonia\u00a0Coconut Sol Shimmer\u00a0de Victoria&#8217;s Secret pertenece a la familia olfativa frutal y est\u00e1 dise\u00f1ada especialmente para<\/p>\n","protected":false},"featured_media":88355,"comment_status":"open","ping_status":"closed","template":"","meta":{"nf_dc_page":""},"product_brand":[],"product_cat":[84],"product_tag":[],"class_list":{"0":"post-88354","1":"product","2":"type-product","3":"status-publish","4":"has-post-thumbnail","6":"product_cat-perfumeria","8":"first","9":"instock","10":"shipping-taxable","11":"purchasable","12":"product-type-simple"},"_links":{"self":[{"href":"https:\/\/brandss.com.py\/index\/wp-json\/wp\/v2\/product\/88354","targetHints":{"allow":["GET"]}}],"collection":[{"href":"https:\/\/brandss.com.py\/index\/wp-json\/wp\/v2\/product"}],"about":[{"href":"https:\/\/brandss.com.py\/index\/wp-json\/wp\/v2\/types\/product"}],"replies":[{"embeddable":true,"href":"https:\/\/brandss.com.py\/index\/wp-json\/wp\/v2\/comments?post=88354"}],"version-history":[{"count":1,"href":"https:\/\/brandss.com.py\/index\/wp-json\/wp\/v2\/product\/88354\/revisions"}],"predecessor-version":[{"id":88356,"href":"https:\/\/brandss.com.py\/index\/wp-json\/wp\/v2\/product\/88354\/revisions\/88356"}],"wp:featuredmedia":[{"embeddable":true,"href":"https:\/\/brandss.com.py\/index\/wp-json\/wp\/v2\/media\/88355"}],"wp:attachment":[{"href":"https:\/\/brandss.com.py\/index\/wp-json\/wp\/v2\/media?parent=88354"}],"wp:term":[{"taxonomy":"product_brand","embeddable":true,"href":"https:\/\/brandss.com.py\/index\/wp-json\/wp\/v2\/product_brand?post=88354"},{"taxonomy":"product_cat","embeddable":true,"href":"https:\/\/brandss.com.py\/index\/wp-json\/wp\/v2\/product_cat?post=88354"},{"taxonomy":"product_tag","embeddable":true,"href":"https:\/\/brandss.com.py\/index\/wp-json\/wp\/v2\/product_tag?post=88354"}],"curies":[{"name":"wp","href":"https:\/\/api.w.org\/{rel}","templated":true}]}}