{"id":88357,"date":"2025-08-19T10:46:00","date_gmt":"2025-08-19T10:46:00","guid":{"rendered":"https:\/\/brandss.com.py\/index\/?post_type=product&#038;p=88357"},"modified":"2026-04-02T11:03:36","modified_gmt":"2026-04-02T11:03:36","slug":"perfume-femenino-police-to-be-my-avatar-for-woman-edp-125ml","status":"publish","type":"product","link":"https:\/\/brandss.com.py\/index\/producto\/perfume-femenino-police-to-be-my-avatar-for-woman-edp-125ml\/","title":{"rendered":"PERFUME FEMENINO POLICE TO BE MY AVATAR FOR WOMAN EDP 125ML"},"content":{"rendered":"<p><img loading=\"lazy\" decoding=\"async\" class=\"\" src=\"https:\/\/m.media-amazon.com\/images\/S\/aplus-media\/sota\/49fd393e-894a-4e2b-9bf5-157dee888e82.__CR0,0,600,180_PT0_SX600_V1___.jpg\" alt=\"Amazon.com: Police Icon Eau de Parfum, 4.2 onzas : Belleza y Cuidado  Personal\" width=\"133\" height=\"40\" \/><\/p>\n<h1>TO BE MY AVATAR FOR WOMAN<\/h1>\n<p>Un viaje olfativo entre la sensualidad y los sue\u00f1os, capaz de materializar lo abstracto. Esta nueva propuesta de Police contin\u00faa el estilo inconfundible de la marca, reconocida por su esp\u00edritu rebelde. Tras su extraordinario frasco con forma de calavera se esconde algo original que causa sensaci\u00f3n y te ayuda a destacar entre la multitud. Para quienes desaf\u00edan las convenciones, viven al ritmo de la aventura y buscan explorar nuevos horizontes, esta nueva fragancia reflejar\u00e1 tanto su mundo interior como su exterior.<\/p>\n<p>Expresa tu feminidad en cada universo. Police To Be My.Avatar para ella es una fragancia fresca, vibrante y afrutada, una sinfon\u00eda de sensualidad y enso\u00f1aci\u00f3n que despertar\u00e1 tus sentidos.<\/p>\n<p><img loading=\"lazy\" decoding=\"async\" class=\"alignleft\" src=\"https:\/\/m.media-amazon.com\/images\/I\/81x7ZmcEaFL._AC_SL1500_.jpg\" width=\"534\" height=\"534\" \/><\/p>\n<h3>Notas Olfativas<\/h3>\n<p><span dir=\"auto\">Police To Be My.Avatar es un dulce sue\u00f1o, la fragancia perfecta que te transportar\u00e1 a una nueva dimensi\u00f3n.<\/span><br \/>\n<span dir=\"auto\">Un aroma cautivador y seductor, una explosi\u00f3n de energ\u00eda y sensualidad que iluminar\u00e1 tu d\u00eda e intensificar\u00e1 tus sentidos por la noche.<\/span><\/p>\n<p><span dir=\"auto\">Comienza con una explosi\u00f3n de mango y mandarina, para una experiencia jugosa y multidimensional. <\/span><\/p>\n<p><span dir=\"auto\">En el coraz\u00f3n, las notas frutales y florales de osmanto se iluminan con almizcles blancos, cuyas facetas florales y ligeramente afrutadas se perciben desde el principio, creando una melod\u00eda armoniosa para tus sentidos. <\/span><\/p>\n<p><span dir=\"auto\">Las notas amaderadas modernas y vibrantes son las protagonistas del fondo, donde Clearwood\u00ae, una mol\u00e9cula innovadora derivada de un proceso biotecnol\u00f3gico blanco, se envuelve en los c\u00e1lidos y sensuales matices del az\u00facar de ca\u00f1a.<\/span><\/p>\n<p>&nbsp;<\/p>\n<p><span dir=\"auto\">\u2022<strong> Notas de salida:<\/strong> lim\u00f3n, mandarina y mango.<\/span><br \/>\n<span dir=\"auto\">\u2022<strong> Notas de coraz\u00f3n:<\/strong> almizcles blancos, osmanto y flor de loto.<\/span><br \/>\n<span dir=\"auto\">\u2022<strong> Notas de fondo:<\/strong> madera de cedro, ca\u00f1a de az\u00facar y Clearwood\u00ae.<\/span><\/p>\n","protected":false},"excerpt":{"rendered":"<p>TO BE MY AVATAR FOR WOMAN Un viaje olfativo entre la sensualidad y los sue\u00f1os, capaz de materializar lo abstracto.<\/p>\n","protected":false},"featured_media":88358,"comment_status":"open","ping_status":"closed","template":"","meta":{"nf_dc_page":""},"product_brand":[2029],"product_cat":[84],"product_tag":[3355],"class_list":{"0":"post-88357","1":"product","2":"type-product","3":"status-publish","4":"has-post-thumbnail","6":"product_brand-police","7":"product_cat-perfumeria","8":"product_tag-3355","10":"first","11":"instock","12":"sale","13":"shipping-taxable","14":"purchasable","15":"product-type-simple"},"_links":{"self":[{"href":"https:\/\/brandss.com.py\/index\/wp-json\/wp\/v2\/product\/88357","targetHints":{"allow":["GET"]}}],"collection":[{"href":"https:\/\/brandss.com.py\/index\/wp-json\/wp\/v2\/product"}],"about":[{"href":"https:\/\/brandss.com.py\/index\/wp-json\/wp\/v2\/types\/product"}],"replies":[{"embeddable":true,"href":"https:\/\/brandss.com.py\/index\/wp-json\/wp\/v2\/comments?post=88357"}],"version-history":[{"count":1,"href":"https:\/\/brandss.com.py\/index\/wp-json\/wp\/v2\/product\/88357\/revisions"}],"predecessor-version":[{"id":88363,"href":"https:\/\/brandss.com.py\/index\/wp-json\/wp\/v2\/product\/88357\/revisions\/88363"}],"wp:featuredmedia":[{"embeddable":true,"href":"https:\/\/brandss.com.py\/index\/wp-json\/wp\/v2\/media\/88358"}],"wp:attachment":[{"href":"https:\/\/brandss.com.py\/index\/wp-json\/wp\/v2\/media?parent=88357"}],"wp:term":[{"taxonomy":"product_brand","embeddable":true,"href":"https:\/\/brandss.com.py\/index\/wp-json\/wp\/v2\/product_brand?post=88357"},{"taxonomy":"product_cat","embeddable":true,"href":"https:\/\/brandss.com.py\/index\/wp-json\/wp\/v2\/product_cat?post=88357"},{"taxonomy":"product_tag","embeddable":true,"href":"https:\/\/brandss.com.py\/index\/wp-json\/wp\/v2\/product_tag?post=88357"}],"curies":[{"name":"wp","href":"https:\/\/api.w.org\/{rel}","templated":true}]}}