{"id":88365,"date":"2025-08-19T11:11:51","date_gmt":"2025-08-19T11:11:51","guid":{"rendered":"https:\/\/brandss.com.py\/index\/?post_type=product&#038;p=88365"},"modified":"2026-03-20T10:31:09","modified_gmt":"2026-03-20T10:31:09","slug":"perfume-masculino-police-to-be-born-to-shine-for-man-edt-125ml","status":"publish","type":"product","link":"https:\/\/brandss.com.py\/index\/producto\/perfume-masculino-police-to-be-born-to-shine-for-man-edt-125ml\/","title":{"rendered":"PERFUME MASCULINO POLICE TO BE BORN TO SHINE FOR MAN EDT 125ML"},"content":{"rendered":"<p><img loading=\"lazy\" decoding=\"async\" class=\"\" src=\"https:\/\/m.media-amazon.com\/images\/S\/aplus-media\/sota\/49fd393e-894a-4e2b-9bf5-157dee888e82.__CR0,0,600,180_PT0_SX600_V1___.jpg\" alt=\"Amazon.com: Police Icon Eau de Parfum, 4.2 onzas : Belleza y Cuidado  Personal\" width=\"120\" height=\"36\" \/><\/p>\n<h1>TO BE BORN TO SHINE FOR MAN<\/h1>\n<p><span dir=\"auto\">\u00a0Es el nuevo lanzamiento exclusivo que se suma a la colecci\u00f3n \u00fanica de calaveras ic\u00f3nicas de POLICE.\u00a0 <\/span><span dir=\"auto\">Police TO BE BORN TO SHINE es una invitaci\u00f3n a sumergirse en un universo de infinitas oportunidades, lujo sin complejos y \u00e9xito. Dedicado a quienes desean destacar y BRILLAR CON SU ESTILO \u00daNICO. <\/span><span dir=\"auto\">Quienes eligen TO BE BORN TO SHINE expresan su fuerte personalidad, que no pasa desapercibida, transformando d\u00edas comunes en momentos memorables.<\/span><\/p>\n<p><img loading=\"lazy\" decoding=\"async\" class=\"alignleft\" src=\"https:\/\/th-test-11.slatic.net\/p\/6e5fd18a8346b1ced82a8491ba38ee65.jpg\" width=\"577\" height=\"577\" \/><\/p>\n<h3>Notas Olfativas<\/h3>\n<p>El Perfume Masculino Police To Be Born To Shine EDT 125 ml es una fragancia foug\u00e8re oriental vibrante y magn\u00e9tica.<\/p>\n<p><span dir=\"auto\">Esta fragancia se atreve a traspasar los l\u00edmites y juega con los sentidos, para un hombre que irradia poder y energ\u00eda. <\/span><span dir=\"auto\">Notas frescas y brillantes se unen a notas c\u00e1lidas y suaves para crear una uni\u00f3n explosiva. <\/span><\/p>\n<p><span dir=\"auto\">La creaci\u00f3n se abre con notas verdes de menta y un toque de manzana y mandarina; el coraz\u00f3n se envuelve en la rica canela de Madagascar, combinada con lavanda y cardamomo.<\/span><br \/>\n<span dir=\"auto\">El fondo amaderado es potente, audaz, ambarado y elegantemente matizado con toques de cuero.<\/span><br \/>\n<span dir=\"auto\">\u00abUna fragancia seductora desarrollada por la singular firma creativa de Emilie Coppermann\u00bb.<\/span><\/p>\n<div class=\"item d-flex flex-column flex-lg-row\">\n<div class=\"esp d-flex align-items-center bor\"><strong>Notas de salida:<\/strong> Mandarina, manzana y menta.<\/div>\n<div><\/div>\n<\/div>\n<div class=\"item d-flex flex-column flex-lg-row\">\n<div class=\"esp d-flex align-items-center bor\"><strong>Notas de coraz\u00f3n:<\/strong> Canela, cardamomo y lavanda.<\/div>\n<div><\/div>\n<\/div>\n<div class=\"item d-flex flex-column flex-lg-row\">\n<div class=\"esp d-flex align-items-center bor\"><strong>Notas de fondo:<\/strong> \u00c1mbar, pachul\u00ed y cuero.<\/div>\n<\/div>\n","protected":false},"excerpt":{"rendered":"<p>TO BE BORN TO SHINE FOR MAN \u00a0Es el nuevo lanzamiento exclusivo que se suma a la colecci\u00f3n \u00fanica de<\/p>\n","protected":false},"featured_media":88376,"comment_status":"open","ping_status":"closed","template":"","meta":{"nf_dc_page":""},"product_brand":[2029],"product_cat":[84],"product_tag":[3090],"class_list":{"0":"post-88365","1":"product","2":"type-product","3":"status-publish","4":"has-post-thumbnail","6":"product_brand-police","7":"product_cat-perfumeria","8":"product_tag-3090","10":"first","11":"instock","12":"shipping-taxable","13":"purchasable","14":"product-type-simple"},"_links":{"self":[{"href":"https:\/\/brandss.com.py\/index\/wp-json\/wp\/v2\/product\/88365","targetHints":{"allow":["GET"]}}],"collection":[{"href":"https:\/\/brandss.com.py\/index\/wp-json\/wp\/v2\/product"}],"about":[{"href":"https:\/\/brandss.com.py\/index\/wp-json\/wp\/v2\/types\/product"}],"replies":[{"embeddable":true,"href":"https:\/\/brandss.com.py\/index\/wp-json\/wp\/v2\/comments?post=88365"}],"version-history":[{"count":1,"href":"https:\/\/brandss.com.py\/index\/wp-json\/wp\/v2\/product\/88365\/revisions"}],"predecessor-version":[{"id":88377,"href":"https:\/\/brandss.com.py\/index\/wp-json\/wp\/v2\/product\/88365\/revisions\/88377"}],"wp:featuredmedia":[{"embeddable":true,"href":"https:\/\/brandss.com.py\/index\/wp-json\/wp\/v2\/media\/88376"}],"wp:attachment":[{"href":"https:\/\/brandss.com.py\/index\/wp-json\/wp\/v2\/media?parent=88365"}],"wp:term":[{"taxonomy":"product_brand","embeddable":true,"href":"https:\/\/brandss.com.py\/index\/wp-json\/wp\/v2\/product_brand?post=88365"},{"taxonomy":"product_cat","embeddable":true,"href":"https:\/\/brandss.com.py\/index\/wp-json\/wp\/v2\/product_cat?post=88365"},{"taxonomy":"product_tag","embeddable":true,"href":"https:\/\/brandss.com.py\/index\/wp-json\/wp\/v2\/product_tag?post=88365"}],"curies":[{"name":"wp","href":"https:\/\/api.w.org\/{rel}","templated":true}]}}