{"id":88383,"date":"2025-08-19T12:04:15","date_gmt":"2025-08-19T12:04:15","guid":{"rendered":"https:\/\/brandss.com.py\/index\/?post_type=product&#038;p=88383"},"modified":"2026-03-18T10:52:33","modified_gmt":"2026-03-18T10:52:33","slug":"spray-corporal-ard-al-zaafaran-al-dirham-wardi-200ml","status":"publish","type":"product","link":"https:\/\/brandss.com.py\/index\/producto\/spray-corporal-ard-al-zaafaran-al-dirham-wardi-200ml\/","title":{"rendered":"SPRAY CORPORAL ARD AL ZAAFARAN AL DIRHAM WARDI 200ML"},"content":{"rendered":"<p><img loading=\"lazy\" decoding=\"async\" class=\"\" src=\"https:\/\/fimgs.net\/mdimg\/dizajneri\/m.2917.jpg\" alt=\"Oudi Ard Al Zaafaran fragancia - una fragancia para Hombres y Mujeres 2016\" width=\"115\" height=\"115\" \/><\/p>\n<h1>AL DIRHAM WARDI<\/h1>\n<p>Dirham Wardi de Lattafa es un cautivador Eau de Parfum dise\u00f1ado espec\u00edficamente para mujeres. Esta fragancia fresca, dulce y floral es un verdadero testimonio de la exquisita artesan\u00eda de la perfumer\u00eda \u00e1rabe. Perfecto para todas las estaciones, especialmente durante la primavera y el verano, Dirham Wardi encarna la esencia de la feminidad y la elegancia, convirti\u00e9ndolo en un imprescindible en cualquier colecci\u00f3n de perfumes.<\/p>\n<p>&nbsp;<\/p>\n<h3>Notas Olfavitas<\/h3>\n<p>&nbsp;<\/p>\n<p><span dir=\"auto\">Dirham Wardi se abre con una refrescante y vibrante mezcla de grosella negra, azahar, pera y rosa, creando un tono vivo y encantador. El coraz\u00f3n de la fragancia revela un delicado bouquet de jazm\u00edn, iris y pralin\u00e9, que a\u00f1ade una capa de suave dulzura y elegancia floral. La experiencia concluye con un c\u00e1lido y sensual fondo de vainilla, haba tonka y pachul\u00ed, dejando una huella duradera, reconfortante y seductora.<\/span><\/p>\n<ul>\n<li><strong><span dir=\"auto\">Notas de salida:<\/span><\/strong><span dir=\"auto\">\u00a0Grosella negra, flor de naranja, pera, rosa.<\/span><\/li>\n<li><strong><span dir=\"auto\">Notas medias:<\/span><\/strong><span dir=\"auto\">\u00a0jazm\u00edn, iris, pralin\u00e9<\/span><\/li>\n<li><strong><span dir=\"auto\">Notas de fondo:<\/span><\/strong><span dir=\"auto\">\u00a0vainilla, haba tonka, pachul\u00ed<\/span><\/li>\n<\/ul>\n","protected":false},"excerpt":{"rendered":"<p>AL DIRHAM WARDI Dirham Wardi de Lattafa es un cautivador Eau de Parfum dise\u00f1ado espec\u00edficamente para mujeres. Esta fragancia fresca,<\/p>\n","protected":false},"featured_media":88384,"comment_status":"open","ping_status":"closed","template":"","meta":{"nf_dc_page":""},"product_brand":[110],"product_cat":[94],"product_tag":[921],"class_list":{"0":"post-88383","1":"product","2":"type-product","3":"status-publish","4":"has-post-thumbnail","6":"product_brand-ard-al-zaafaran","7":"product_cat-higiene-personal","8":"product_tag-921","10":"first","11":"instock","12":"sale","13":"shipping-taxable","14":"purchasable","15":"product-type-simple"},"_links":{"self":[{"href":"https:\/\/brandss.com.py\/index\/wp-json\/wp\/v2\/product\/88383","targetHints":{"allow":["GET"]}}],"collection":[{"href":"https:\/\/brandss.com.py\/index\/wp-json\/wp\/v2\/product"}],"about":[{"href":"https:\/\/brandss.com.py\/index\/wp-json\/wp\/v2\/types\/product"}],"replies":[{"embeddable":true,"href":"https:\/\/brandss.com.py\/index\/wp-json\/wp\/v2\/comments?post=88383"}],"version-history":[{"count":1,"href":"https:\/\/brandss.com.py\/index\/wp-json\/wp\/v2\/product\/88383\/revisions"}],"predecessor-version":[{"id":88386,"href":"https:\/\/brandss.com.py\/index\/wp-json\/wp\/v2\/product\/88383\/revisions\/88386"}],"wp:featuredmedia":[{"embeddable":true,"href":"https:\/\/brandss.com.py\/index\/wp-json\/wp\/v2\/media\/88384"}],"wp:attachment":[{"href":"https:\/\/brandss.com.py\/index\/wp-json\/wp\/v2\/media?parent=88383"}],"wp:term":[{"taxonomy":"product_brand","embeddable":true,"href":"https:\/\/brandss.com.py\/index\/wp-json\/wp\/v2\/product_brand?post=88383"},{"taxonomy":"product_cat","embeddable":true,"href":"https:\/\/brandss.com.py\/index\/wp-json\/wp\/v2\/product_cat?post=88383"},{"taxonomy":"product_tag","embeddable":true,"href":"https:\/\/brandss.com.py\/index\/wp-json\/wp\/v2\/product_tag?post=88383"}],"curies":[{"name":"wp","href":"https:\/\/api.w.org\/{rel}","templated":true}]}}