{"id":88387,"date":"2025-08-19T12:33:47","date_gmt":"2025-08-19T12:33:47","guid":{"rendered":"https:\/\/brandss.com.py\/index\/?post_type=product&#038;p=88387"},"modified":"2025-08-19T12:35:11","modified_gmt":"2025-08-19T12:35:11","slug":"perfume-femenino-lonkoom-the-girls-pink-edp-100ml","status":"publish","type":"product","link":"https:\/\/brandss.com.py\/index\/producto\/perfume-femenino-lonkoom-the-girls-pink-edp-100ml\/","title":{"rendered":"PERFUME FEMENINO LONKOOM THE GIRLS PINK EDP 100ML"},"content":{"rendered":"<p><img loading=\"lazy\" decoding=\"async\" class=\"\" src=\"https:\/\/lonkoom.my\/cdn\/shop\/files\/1_79da2e9c-32a3-4d5a-bd07-f0ad2dc1ade3_714x.png?v=1701281132\" alt=\"My Store\" width=\"139\" height=\"48\" \/><\/p>\n<h1>THE GIRLS PINK<\/h1>\n<p>Es un lanzamiento ic\u00f3nico de Lonkoom, dise\u00f1ado para mujeres delicadas con personalidades \u00fanicas. Girls Pink es una fragancia oriental femenina con una fuerte personalidad y una frescura sorprendente. Una fragancia en\u00e9rgica y voluptuosa que deja a quien la usa una sensaci\u00f3n impresionante. Destellos de naranja fresca y vibrante despiertan los sentidos y despiertan la curiosidad.<\/p>\n<p><img loading=\"lazy\" decoding=\"async\" class=\"alignleft\" src=\"https:\/\/my-test-11.slatic.net\/p\/a07a294fbf709fa244e3fff3b1fd3890.jpg\" width=\"440\" height=\"440\" \/><\/p>\n<h3>Notas Olfativas<\/h3>\n<p>&nbsp;<\/p>\n<p><span dir=\"auto\">Una fragancia oriental femenina con una fuerte personalidad y una frescura sorprendente. Una fragancia en\u00e9rgica y voluptuosa. <\/span><span dir=\"auto\">Chispas de naranja fresca y vibrante despiertan los sentidos.<\/span><\/p>\n<p><span dir=\"auto\">Floral Oriental.<\/span><br \/>\n<span dir=\"auto\"><strong>Notas de salida:<\/strong> Naranja, mandarina, flor de azahar y bergamota.<\/span><\/p>\n<p><span dir=\"auto\"><strong>Notas de coraz\u00f3n:<\/strong> Jazm\u00edn, rosa turca e ylang-ylang.<\/span><\/p>\n<p><span dir=\"auto\"><strong>Notas de fondo:<\/strong> Haba tonka, pachul\u00ed, opop\u00f3naco, vainilla, vetiver y almizcle blanco.<\/span><\/p>\n","protected":false},"excerpt":{"rendered":"<p>THE GIRLS PINK Es un lanzamiento ic\u00f3nico de Lonkoom, dise\u00f1ado para mujeres delicadas con personalidades \u00fanicas. Girls Pink es una<\/p>\n","protected":false},"featured_media":88390,"comment_status":"open","ping_status":"closed","template":"","meta":{"nf_dc_page":""},"product_brand":[],"product_cat":[84],"product_tag":[],"class_list":{"0":"post-88387","1":"product","2":"type-product","3":"status-publish","4":"has-post-thumbnail","6":"product_cat-perfumeria","8":"first","9":"instock","10":"shipping-taxable","11":"purchasable","12":"product-type-simple"},"_links":{"self":[{"href":"https:\/\/brandss.com.py\/index\/wp-json\/wp\/v2\/product\/88387","targetHints":{"allow":["GET"]}}],"collection":[{"href":"https:\/\/brandss.com.py\/index\/wp-json\/wp\/v2\/product"}],"about":[{"href":"https:\/\/brandss.com.py\/index\/wp-json\/wp\/v2\/types\/product"}],"replies":[{"embeddable":true,"href":"https:\/\/brandss.com.py\/index\/wp-json\/wp\/v2\/comments?post=88387"}],"version-history":[{"count":1,"href":"https:\/\/brandss.com.py\/index\/wp-json\/wp\/v2\/product\/88387\/revisions"}],"predecessor-version":[{"id":88399,"href":"https:\/\/brandss.com.py\/index\/wp-json\/wp\/v2\/product\/88387\/revisions\/88399"}],"wp:featuredmedia":[{"embeddable":true,"href":"https:\/\/brandss.com.py\/index\/wp-json\/wp\/v2\/media\/88390"}],"wp:attachment":[{"href":"https:\/\/brandss.com.py\/index\/wp-json\/wp\/v2\/media?parent=88387"}],"wp:term":[{"taxonomy":"product_brand","embeddable":true,"href":"https:\/\/brandss.com.py\/index\/wp-json\/wp\/v2\/product_brand?post=88387"},{"taxonomy":"product_cat","embeddable":true,"href":"https:\/\/brandss.com.py\/index\/wp-json\/wp\/v2\/product_cat?post=88387"},{"taxonomy":"product_tag","embeddable":true,"href":"https:\/\/brandss.com.py\/index\/wp-json\/wp\/v2\/product_tag?post=88387"}],"curies":[{"name":"wp","href":"https:\/\/api.w.org\/{rel}","templated":true}]}}