{"id":88400,"date":"2025-08-19T13:09:48","date_gmt":"2025-08-19T13:09:48","guid":{"rendered":"https:\/\/brandss.com.py\/index\/?post_type=product&#038;p=88400"},"modified":"2025-08-19T13:11:21","modified_gmt":"2025-08-19T13:11:21","slug":"perfume-femenino-lonkoom-the-girls-edp-100ml","status":"publish","type":"product","link":"https:\/\/brandss.com.py\/index\/producto\/perfume-femenino-lonkoom-the-girls-edp-100ml\/","title":{"rendered":"PERFUME FEMENINO LONKOOM THE GIRLS  EDP 100ML"},"content":{"rendered":"<p><img loading=\"lazy\" decoding=\"async\" class=\"\" src=\"https:\/\/lonkoom.my\/cdn\/shop\/files\/1_79da2e9c-32a3-4d5a-bd07-f0ad2dc1ade3_714x.png?v=1701281132\" alt=\"My Store\" width=\"107\" height=\"37\" \/><\/p>\n<h1>THE GIRLS<\/h1>\n<p>Es un lanzamiento ic\u00f3nico de Lonkoom, dise\u00f1ado para mujeres delicadas con personalidades \u00fanicas. The Girls es un perfume magn\u00e9tico con el poder m\u00e1gico de hacernos inolvidables.<img loading=\"lazy\" decoding=\"async\" class=\"alignleft\" src=\"https:\/\/p16-oec-va.ibyteimg.com\/tos-maliva-i-o3syd03w52-us\/872edd2b60d147a5b0ec62c154cdfa7f~tplv-o3syd03w52-origin-jpeg.jpeg?\" width=\"409\" height=\"564\" \/><\/p>\n<h3>\n<p>Notas Olfativas<\/h3>\n<p><span class=\"a-text-bold\"><span dir=\"auto\">\u00a0THE GIRLS <\/span><\/span><span dir=\"auto\">es una fragancia seductora con un predominio floral elegante. Es un perfume multifac\u00e9tico, perfecto para cualquier ocasi\u00f3n, ya sea formal o informal. Su aroma principal es a la vez acogedor y crea el ambiente perfecto para un momento alegre y agradable. <\/span><span dir=\"auto\">Se clasifica como una fragancia floral elegante para mujeres.\u00a0<\/span><\/p>\n<p><span dir=\"auto\">Lo primero que te impacta es el intenso y encantador aroma del Perfume LONKOOM. Esto se debe a una combinaci\u00f3n de notas de salida de lirio de los valles, bergamota y lim\u00f3n. <\/span><\/p>\n<p><span dir=\"auto\">A estas les sigue una mezcla perfecta de jazm\u00edn, rosa, vegetaci\u00f3n, melocot\u00f3n y grosella negra que conforman el coraz\u00f3n de este apasionado perfume.<\/span><\/p>\n<p><span dir=\"auto\">El ackee y el cannabis le dan al perfume femenino LONKOOM una sensaci\u00f3n refrescante, ligera y et\u00e9rea. <\/span><\/p>\n<p><span dir=\"auto\">La base del perfume no solo equilibra toda la composici\u00f3n.<\/span><\/p>\n<p>&nbsp;<\/p>\n<p>&nbsp;<\/p>\n<p><span class=\"a-list-item\"><span dir=\"auto\"><strong>Notas de salida:<\/strong> lirio de los valles, bergamota, lim\u00f3n.<\/span><\/span><\/p>\n<p><span class=\"a-list-item\"><span dir=\"auto\"><strong>Notas medias:<\/strong> jazm\u00edn, rosa, verdor, melocot\u00f3n, grosella negra.<\/span><\/span><\/p>\n<p><span class=\"a-list-item\"><span dir=\"auto\"><strong>Notas de fondo:<\/strong> ackee cannes.<\/span><\/span><\/p>\n","protected":false},"excerpt":{"rendered":"<p>THE GIRLS Es un lanzamiento ic\u00f3nico de Lonkoom, dise\u00f1ado para mujeres delicadas con personalidades \u00fanicas. The Girls es un perfume<\/p>\n","protected":false},"featured_media":88406,"comment_status":"open","ping_status":"closed","template":"","meta":{"nf_dc_page":""},"product_brand":[],"product_cat":[84],"product_tag":[],"class_list":{"0":"post-88400","1":"product","2":"type-product","3":"status-publish","4":"has-post-thumbnail","6":"product_cat-perfumeria","8":"first","9":"instock","10":"shipping-taxable","11":"purchasable","12":"product-type-simple"},"_links":{"self":[{"href":"https:\/\/brandss.com.py\/index\/wp-json\/wp\/v2\/product\/88400","targetHints":{"allow":["GET"]}}],"collection":[{"href":"https:\/\/brandss.com.py\/index\/wp-json\/wp\/v2\/product"}],"about":[{"href":"https:\/\/brandss.com.py\/index\/wp-json\/wp\/v2\/types\/product"}],"replies":[{"embeddable":true,"href":"https:\/\/brandss.com.py\/index\/wp-json\/wp\/v2\/comments?post=88400"}],"version-history":[{"count":1,"href":"https:\/\/brandss.com.py\/index\/wp-json\/wp\/v2\/product\/88400\/revisions"}],"predecessor-version":[{"id":88407,"href":"https:\/\/brandss.com.py\/index\/wp-json\/wp\/v2\/product\/88400\/revisions\/88407"}],"wp:featuredmedia":[{"embeddable":true,"href":"https:\/\/brandss.com.py\/index\/wp-json\/wp\/v2\/media\/88406"}],"wp:attachment":[{"href":"https:\/\/brandss.com.py\/index\/wp-json\/wp\/v2\/media?parent=88400"}],"wp:term":[{"taxonomy":"product_brand","embeddable":true,"href":"https:\/\/brandss.com.py\/index\/wp-json\/wp\/v2\/product_brand?post=88400"},{"taxonomy":"product_cat","embeddable":true,"href":"https:\/\/brandss.com.py\/index\/wp-json\/wp\/v2\/product_cat?post=88400"},{"taxonomy":"product_tag","embeddable":true,"href":"https:\/\/brandss.com.py\/index\/wp-json\/wp\/v2\/product_tag?post=88400"}],"curies":[{"name":"wp","href":"https:\/\/api.w.org\/{rel}","templated":true}]}}