{"id":88408,"date":"2025-08-19T14:10:23","date_gmt":"2025-08-19T14:10:23","guid":{"rendered":"https:\/\/brandss.com.py\/index\/?post_type=product&#038;p=88408"},"modified":"2025-08-19T14:17:20","modified_gmt":"2025-08-19T14:17:20","slug":"perfume-masculino-lonkoom-black-oud-edt-100ml","status":"publish","type":"product","link":"https:\/\/brandss.com.py\/index\/producto\/perfume-masculino-lonkoom-black-oud-edt-100ml\/","title":{"rendered":"PERFUME MASCULINO LONKOOM BLACK OUD EDT 100ML"},"content":{"rendered":"<p><img loading=\"lazy\" decoding=\"async\" class=\"\" src=\"https:\/\/lonkoom.my\/cdn\/shop\/files\/1_79da2e9c-32a3-4d5a-bd07-f0ad2dc1ade3_714x.png?v=1701281132\" alt=\"My Store\" width=\"139\" height=\"48\" \/><\/p>\n<h1>BLACK OUD<\/h1>\n<p data-start=\"306\" data-end=\"601\"><em><strong><span dir=\"auto\">Una fragancia profunda, magn\u00e9tica y atemporal.<\/span><\/strong><\/em><\/p>\n<p data-start=\"306\" data-end=\"601\">Descubre la fuerza y el misterio de\u00a0Black Oud\u00a0de\u00a0Lonkoom, una fragancia masculina profunda y elegante que combina la riqueza del oud con toques especiados y amaderados. Su aroma cautiva desde la primera pulverizaci\u00f3n, dejando una estela intensa, c\u00e1lida y envolvente, perfecta para hombres que buscan destacar con personalidad y clase.<\/p>\n<p data-start=\"306\" data-end=\"601\"><span dir=\"auto\">La botella, marcada por cortes sim\u00e9tricos y l\u00edneas precisas, expresa el equilibrio entre sabidur\u00eda y modernidad.<\/span><\/p>\n<p data-start=\"306\" data-end=\"601\"><img loading=\"lazy\" decoding=\"async\" class=\"alignleft\" src=\"https:\/\/m.media-amazon.com\/images\/I\/61Knrf7-FGL._SL1000_.jpg\" width=\"465\" height=\"465\" \/><\/p>\n<h3 data-start=\"306\" data-end=\"601\">Notas Olfativas<\/h3>\n<p data-start=\"306\" data-end=\"601\"><br data-start=\"353\" data-end=\"356\" \/><span dir=\"auto\">Black Oud <\/span><span dir=\"auto\">contin\u00faa la colecci\u00f3n Oud de Lonkoom con una composici\u00f3n que revela fuerza y sutileza a partes iguales.<\/span><br data-start=\"474\" data-end=\"477\" \/><span dir=\"auto\">La intensidad de la madera de agar se combina con especias envolventes y maderas nobles, en una creaci\u00f3n que derrocha elegancia y presencia.\u00a0<\/span><\/p>\n<p><span dir=\"auto\"><strong>Fragancia:<\/strong> Arom\u00e1tica amaderada<\/span><\/p>\n<p>&nbsp;<\/p>\n<p><span dir=\"auto\"><strong>Notas de salida:<\/strong> Lavanda, salvia, bergamota.<\/span><\/p>\n<p><span dir=\"auto\"><strong>Notas de coraz\u00f3n:<\/strong> Cris\u00f3foro, vaina de cacao, cardamomo.<\/span><\/p>\n<p><span dir=\"auto\"><strong>Notas de fondo:<\/strong> pachul\u00ed, cuero, vetiver<\/span><\/p>\n","protected":false},"excerpt":{"rendered":"<p>BLACK OUD Una fragancia profunda, magn\u00e9tica y atemporal. Descubre la fuerza y el misterio de\u00a0Black Oud\u00a0de\u00a0Lonkoom, una fragancia masculina profunda<\/p>\n","protected":false},"featured_media":88409,"comment_status":"open","ping_status":"closed","template":"","meta":{"nf_dc_page":""},"product_brand":[],"product_cat":[84],"product_tag":[],"class_list":{"0":"post-88408","1":"product","2":"type-product","3":"status-publish","4":"has-post-thumbnail","6":"product_cat-perfumeria","8":"first","9":"outofstock","10":"shipping-taxable","11":"purchasable","12":"product-type-simple"},"_links":{"self":[{"href":"https:\/\/brandss.com.py\/index\/wp-json\/wp\/v2\/product\/88408","targetHints":{"allow":["GET"]}}],"collection":[{"href":"https:\/\/brandss.com.py\/index\/wp-json\/wp\/v2\/product"}],"about":[{"href":"https:\/\/brandss.com.py\/index\/wp-json\/wp\/v2\/types\/product"}],"replies":[{"embeddable":true,"href":"https:\/\/brandss.com.py\/index\/wp-json\/wp\/v2\/comments?post=88408"}],"version-history":[{"count":1,"href":"https:\/\/brandss.com.py\/index\/wp-json\/wp\/v2\/product\/88408\/revisions"}],"predecessor-version":[{"id":88415,"href":"https:\/\/brandss.com.py\/index\/wp-json\/wp\/v2\/product\/88408\/revisions\/88415"}],"wp:featuredmedia":[{"embeddable":true,"href":"https:\/\/brandss.com.py\/index\/wp-json\/wp\/v2\/media\/88409"}],"wp:attachment":[{"href":"https:\/\/brandss.com.py\/index\/wp-json\/wp\/v2\/media?parent=88408"}],"wp:term":[{"taxonomy":"product_brand","embeddable":true,"href":"https:\/\/brandss.com.py\/index\/wp-json\/wp\/v2\/product_brand?post=88408"},{"taxonomy":"product_cat","embeddable":true,"href":"https:\/\/brandss.com.py\/index\/wp-json\/wp\/v2\/product_cat?post=88408"},{"taxonomy":"product_tag","embeddable":true,"href":"https:\/\/brandss.com.py\/index\/wp-json\/wp\/v2\/product_tag?post=88408"}],"curies":[{"name":"wp","href":"https:\/\/api.w.org\/{rel}","templated":true}]}}