{"id":88429,"date":"2025-08-19T17:00:12","date_gmt":"2025-08-19T17:00:12","guid":{"rendered":"https:\/\/brandss.com.py\/index\/?post_type=product&#038;p=88429"},"modified":"2025-08-19T17:01:18","modified_gmt":"2025-08-19T17:01:18","slug":"perfume-femenino-lonkoom-retro-pink-edp-100ml","status":"publish","type":"product","link":"https:\/\/brandss.com.py\/index\/producto\/perfume-femenino-lonkoom-retro-pink-edp-100ml\/","title":{"rendered":"PERFUME FEMENINO LONKOOM RETRO PINK EDP 100ML"},"content":{"rendered":"<p><img loading=\"lazy\" decoding=\"async\" class=\"\" src=\"https:\/\/lonkoom.my\/cdn\/shop\/files\/1_79da2e9c-32a3-4d5a-bd07-f0ad2dc1ade3_714x.png?v=1701281132\" alt=\"My Store\" width=\"122\" height=\"42\" \/><\/p>\n<h1>RETRO PINK<\/h1>\n<p>Una fragancia atractiva, retro rosa. Un aroma floral-frutado, este eau de parfum para mujer es perfecto para cualquier ocasi\u00f3n, formal o informal.<\/p>\n<div class=\"col-lg-4 col-sm-6 col-12 mb-lg-0 mb-3\">\n<div class=\"stands-out-content\">\n<div class=\"feature\"><strong><span dir=\"auto\">Mezcla de aromas vibrantes<img loading=\"lazy\" decoding=\"async\" class=\"alignleft\" src=\"https:\/\/i5.walmartimages.com\/asr\/d4d07a5f-3fa1-4230-9450-9b7275f4a79c.0ac624f017e62fac5ce6945aca479e55.jpeg?odnHeight=2000&amp;odnWidth=2000&amp;odnBg=FFFFFF\" width=\"646\" height=\"646\" \/><\/span><\/strong><\/div>\n<div><\/div>\n<div class=\"description\"><span dir=\"auto\">Combinando lichi afrutado y fresia floral con \u00e1mbar c\u00e1lido y almizcle, Retro Pink ofrece un perfil de fragancia \u00fanico que brinda una experiencia energizante y cautivadora para las mujeres.<\/span><\/div>\n<div><\/div>\n<\/div>\n<\/div>\n<div class=\"col-lg-4 col-sm-6 col-12 mb-lg-0 mb-3\">\n<div class=\"stands-out-content\">\n<div class=\"feature\"><strong><span dir=\"auto\">De larga duraci\u00f3n<\/span><\/strong><\/div>\n<div><\/div>\n<div class=\"description\"><span dir=\"auto\">Su formulaci\u00f3n EDP asegura una proyecci\u00f3n arom\u00e1tica de larga duraci\u00f3n, permitiendo que la fragancia perdure durante todo el d\u00eda, haci\u00e9ndola perfecta para mujeres que buscan longevidad en su perfume.<\/span><\/div>\n<div><\/div>\n<\/div>\n<\/div>\n<div class=\"col-lg-4 col-sm-6 col-12 mb-lg-0 mb-3\">\n<div class=\"stands-out-content\">\n<div class=\"feature\"><strong><span dir=\"auto\">Presentaci\u00f3n elegante<\/span><\/strong><\/div>\n<div><\/div>\n<div class=\"description\"><span dir=\"auto\">Presentado en una elegante botella con atomizador de 3,4 oz, Retro Pink no solo ofrece un aroma exquisito, sino que tambi\u00e9n sirve como un elegante agregado a cualquier tocador, mejorando la experiencia general.<\/span><\/div>\n<div><\/div>\n<\/div>\n<\/div>\n<h3><\/h3>\n<h3>Notas Olfativas<\/h3>\n<p>&nbsp;<\/p>\n<p>Retro Pink \u00a0es una fragancia de la familia olfativa Floral Frutal para Mujeres.\u00a0Retro Pink\u00a0se lanz\u00f3 en 2020.<\/p>\n<p><strong>Notas de salida:<\/strong> lichi y fresia.<\/p>\n<p><strong>Notas de coraz\u00f3n:<\/strong> jengibre, naranja, pimienta y jazm\u00edn.<\/p>\n<p><strong>Notas de fondo:<\/strong> \u00e1mbar, almizcle y jazm\u00edn.<\/p>\n","protected":false},"excerpt":{"rendered":"<p>RETRO PINK Una fragancia atractiva, retro rosa. Un aroma floral-frutado, este eau de parfum para mujer es perfecto para cualquier<\/p>\n","protected":false},"featured_media":88431,"comment_status":"open","ping_status":"closed","template":"","meta":{"nf_dc_page":""},"product_brand":[],"product_cat":[84],"product_tag":[],"class_list":{"0":"post-88429","1":"product","2":"type-product","3":"status-publish","4":"has-post-thumbnail","6":"product_cat-perfumeria","8":"first","9":"instock","10":"shipping-taxable","11":"purchasable","12":"product-type-simple"},"_links":{"self":[{"href":"https:\/\/brandss.com.py\/index\/wp-json\/wp\/v2\/product\/88429","targetHints":{"allow":["GET"]}}],"collection":[{"href":"https:\/\/brandss.com.py\/index\/wp-json\/wp\/v2\/product"}],"about":[{"href":"https:\/\/brandss.com.py\/index\/wp-json\/wp\/v2\/types\/product"}],"replies":[{"embeddable":true,"href":"https:\/\/brandss.com.py\/index\/wp-json\/wp\/v2\/comments?post=88429"}],"version-history":[{"count":1,"href":"https:\/\/brandss.com.py\/index\/wp-json\/wp\/v2\/product\/88429\/revisions"}],"predecessor-version":[{"id":88435,"href":"https:\/\/brandss.com.py\/index\/wp-json\/wp\/v2\/product\/88429\/revisions\/88435"}],"wp:featuredmedia":[{"embeddable":true,"href":"https:\/\/brandss.com.py\/index\/wp-json\/wp\/v2\/media\/88431"}],"wp:attachment":[{"href":"https:\/\/brandss.com.py\/index\/wp-json\/wp\/v2\/media?parent=88429"}],"wp:term":[{"taxonomy":"product_brand","embeddable":true,"href":"https:\/\/brandss.com.py\/index\/wp-json\/wp\/v2\/product_brand?post=88429"},{"taxonomy":"product_cat","embeddable":true,"href":"https:\/\/brandss.com.py\/index\/wp-json\/wp\/v2\/product_cat?post=88429"},{"taxonomy":"product_tag","embeddable":true,"href":"https:\/\/brandss.com.py\/index\/wp-json\/wp\/v2\/product_tag?post=88429"}],"curies":[{"name":"wp","href":"https:\/\/api.w.org\/{rel}","templated":true}]}}