{"id":88436,"date":"2025-08-19T17:22:30","date_gmt":"2025-08-19T17:22:30","guid":{"rendered":"https:\/\/brandss.com.py\/index\/?post_type=product&#038;p=88436"},"modified":"2026-03-17T12:58:15","modified_gmt":"2026-03-17T12:58:15","slug":"perfume-masculino-vurv-laurent-edp-100ml","status":"publish","type":"product","link":"https:\/\/brandss.com.py\/index\/producto\/perfume-masculino-vurv-laurent-edp-100ml\/","title":{"rendered":"PERFUME MASCULINO VURV LAURENT EDP 100ML"},"content":{"rendered":"<p><img loading=\"lazy\" decoding=\"async\" class=\"\" src=\"https:\/\/www.intenseoud.com\/cdn\/shop\/files\/Forever_Young_-_Vurv.jpg?v=1739047971\" alt=\"Salvage Eau De Parfum Spray 100ML (3.4 OZ) by Vurv | A Zesty, Spicy Blend  with Fresh Bergamot and a Warm, Woody Finish. | Intense Oud\" width=\"190\" height=\"190\" \/><\/p>\n<h1>LAURENT EAU DE PARFUM<\/h1>\n<p>Laurent EDP de V\u016brv es una fragancia masculina dise\u00f1ada para el hombre contempor\u00e1neo que equilibra sofisticaci\u00f3n y carisma.<\/p>\n<p>Es un perfume que proyecta seguridad, elegancia y magnetismo natural, convirti\u00e9ndose en un sello de estilo personal que acompa\u00f1a en cada ocasi\u00f3n importante.<\/p>\n<p>La experiencia comienza con una salida luminosa y chispeante de c\u00edtricos energizantes, como bergamota y lim\u00f3n, que aportan vitalidad inmediata<\/p>\n<p>. Estos acordes se ven enriquecidos por matices arom\u00e1ticos verdes, transmitiendo frescura, limpieza y una sensaci\u00f3n moderna que atrae desde el primer instante.<\/p>\n<p>En el coraz\u00f3n de Laurent se encuentra la fuerza de las notas arom\u00e1ticas y especiadas:<\/p>\n<p>lavanda refinada, cardamomo vibrante y geranio, que aportan un contraste entre frescura herbal y calidez especiada.<\/p>\n<p>Este equilibrio confiere a la fragancia un car\u00e1cter cl\u00e1sico pero con un giro moderno, perfecto para el hombre que sabe destacar sin excesos.<\/p>\n<p><img loading=\"lazy\" decoding=\"async\" class=\" wp-image-88437 alignleft\" src=\"https:\/\/brandss.com.py\/index\/wp-content\/uploads\/2025\/08\/LAURENT-D-400x287.jpg\" alt=\"\" width=\"322\" height=\"231\" srcset=\"https:\/\/brandss.com.py\/index\/wp-content\/uploads\/2025\/08\/LAURENT-D-400x287.jpg 400w, https:\/\/brandss.com.py\/index\/wp-content\/uploads\/2025\/08\/LAURENT-D-768x551.jpg 768w, https:\/\/brandss.com.py\/index\/wp-content\/uploads\/2025\/08\/LAURENT-D-430x308.jpg 430w, https:\/\/brandss.com.py\/index\/wp-content\/uploads\/2025\/08\/LAURENT-D-700x502.jpg 700w, https:\/\/brandss.com.py\/index\/wp-content\/uploads\/2025\/08\/LAURENT-D-150x108.jpg 150w, https:\/\/brandss.com.py\/index\/wp-content\/uploads\/2025\/08\/LAURENT-D.jpg 841w\" sizes=\"auto, (max-width: 322px) 100vw, 322px\" \/><\/p>\n<p>Notas de Salida<br \/>\nbergamota, lim\u00f3n o mandarina con un toque arom\u00e1tico sutil que a\u00f1aden espesor y vitalidad.<\/p>\n<p>Notas de Coraz\u00f3n<br \/>\nse abre con un bouquet amaderado-arom\u00e1tico, lavanda noble, geranio con un dejo verde y especiado.<br \/>\nCon una pizca de cardamomo, que aportan sofisticaci\u00f3n y un aire cl\u00e1sico moderno.<\/p>\n<p>Notas de Fondo<br \/>\nAl secarse, dejan una estela c\u00e1lida y envolvente: maderas como cedro y s\u00e1ndalo, combinadas con \u00e1mbar suave, vetiver profundo o almizcle limpio.<br \/>\nEstos ingredientes aportan calidez, elegancia y una estela memorable.<\/p>\n","protected":false},"excerpt":{"rendered":"<p>LAURENT EAU DE PARFUM Laurent EDP de V\u016brv es una fragancia masculina dise\u00f1ada para el hombre contempor\u00e1neo que equilibra sofisticaci\u00f3n<\/p>\n","protected":false},"featured_media":88438,"comment_status":"open","ping_status":"closed","template":"","meta":{"nf_dc_page":""},"product_brand":[785],"product_cat":[84],"product_tag":[817],"class_list":{"0":"post-88436","1":"product","2":"type-product","3":"status-publish","4":"has-post-thumbnail","6":"product_brand-vurv","7":"product_cat-perfumeria","8":"product_tag-817","10":"first","11":"instock","12":"shipping-taxable","13":"purchasable","14":"product-type-simple"},"_links":{"self":[{"href":"https:\/\/brandss.com.py\/index\/wp-json\/wp\/v2\/product\/88436","targetHints":{"allow":["GET"]}}],"collection":[{"href":"https:\/\/brandss.com.py\/index\/wp-json\/wp\/v2\/product"}],"about":[{"href":"https:\/\/brandss.com.py\/index\/wp-json\/wp\/v2\/types\/product"}],"replies":[{"embeddable":true,"href":"https:\/\/brandss.com.py\/index\/wp-json\/wp\/v2\/comments?post=88436"}],"version-history":[{"count":1,"href":"https:\/\/brandss.com.py\/index\/wp-json\/wp\/v2\/product\/88436\/revisions"}],"predecessor-version":[{"id":88441,"href":"https:\/\/brandss.com.py\/index\/wp-json\/wp\/v2\/product\/88436\/revisions\/88441"}],"wp:featuredmedia":[{"embeddable":true,"href":"https:\/\/brandss.com.py\/index\/wp-json\/wp\/v2\/media\/88438"}],"wp:attachment":[{"href":"https:\/\/brandss.com.py\/index\/wp-json\/wp\/v2\/media?parent=88436"}],"wp:term":[{"taxonomy":"product_brand","embeddable":true,"href":"https:\/\/brandss.com.py\/index\/wp-json\/wp\/v2\/product_brand?post=88436"},{"taxonomy":"product_cat","embeddable":true,"href":"https:\/\/brandss.com.py\/index\/wp-json\/wp\/v2\/product_cat?post=88436"},{"taxonomy":"product_tag","embeddable":true,"href":"https:\/\/brandss.com.py\/index\/wp-json\/wp\/v2\/product_tag?post=88436"}],"curies":[{"name":"wp","href":"https:\/\/api.w.org\/{rel}","templated":true}]}}