{"id":88456,"date":"2025-08-19T18:37:57","date_gmt":"2025-08-19T18:37:57","guid":{"rendered":"https:\/\/brandss.com.py\/index\/?post_type=product&#038;p=88456"},"modified":"2025-08-19T18:41:02","modified_gmt":"2025-08-19T18:41:02","slug":"perfume-femenino-lonkoom-noble-white-edp-100ml","status":"publish","type":"product","link":"https:\/\/brandss.com.py\/index\/producto\/perfume-femenino-lonkoom-noble-white-edp-100ml\/","title":{"rendered":"PERFUME FEMENINO LONKOOM NOBLE WHITE EDP 100ML"},"content":{"rendered":"<p><img loading=\"lazy\" decoding=\"async\" class=\"\" src=\"https:\/\/lonkoom.my\/cdn\/shop\/files\/1_79da2e9c-32a3-4d5a-bd07-f0ad2dc1ade3_714x.png?v=1701281132\" alt=\"My Store\" width=\"168\" height=\"58\" \/><\/p>\n<h1>NOBLE WHITE<\/h1>\n<p>Del\u00e9itese con la ingeniosa evoluci\u00f3n de Noble White, un lujoso EDP floral, amaderado y almizclado creado para dama que encarnan la gracia y la sofisticaci\u00f3n moderna. Esta fragancia meticulosamente estratificada desvela su historia a lo largo de las horas, transform\u00e1ndose con el d\u00eda mientras se adhiere como una segunda piel.<\/p>\n<p><strong>Elegancia duradera: <\/strong><\/p>\n<p>Esta eau de parfum en spray te envuelve en un lujoso aroma que evoluciona con tu d\u00eda a d\u00eda, desde el n\u00edtido enfoque de las reuniones matutinas hasta el brillo magn\u00e9tico de las celebraciones nocturnas. Su fragancia de revelaci\u00f3n lenta se adhiere como una segunda piel.<br \/>\n<img decoding=\"async\" class=\"alignleft\" src=\"https:\/\/m.media-amazon.com\/images\/I\/61AMwX+sazL._AC_SX522_.jpg\" \/><br \/>\n<strong>Ingredientes seguros y naturales: <\/strong><\/p>\n<p>Nuestra Perfumes para mujer de alta calidad est\u00e1 formulada con ingredientes naturales seguros para la piel, libres de materiales agresivos. Suficientemente suave para el uso diario, a la vez que proporciona una lujosa experiencia sensorial.<\/p>\n<p><strong>Lujo listo para regalar: <\/strong><\/p>\n<p>envasado en un elegante frasco con acento blanco, este perfume es un regalo muy especial para mujeres, ya sea para cumplea\u00f1os, aniversarios, vacaciones o para cuidarse. Amado por todo el mundo y chic sin esfuerzo.<\/p>\n<p><strong>Vers\u00e1til para cada momento: <\/strong><\/p>\n<p>Desde los d\u00edas de oficina hasta las cenas rom\u00e1nticas, LONKOOM Noble White se adapta a cualquier entorno. Su equilibrada mezcla de notas dulces y c\u00e1lidas lo convierte en un b\u00e1sico durante todo el a\u00f1o en la colecci\u00f3n de cualquier mujer moderna.<\/p>\n<p>&nbsp;<\/p>\n<h3>Notas Olfativas<\/h3>\n<p><strong>Notas de salida:<\/strong> Pomelo.<br \/>\n<strong>Notas de coraz\u00f3n:<\/strong> Cedro, Tuberosa, Jasm\u00edn.<br \/>\n<strong>Notas de fondo:<\/strong> Musgo, Haba Tonka, Cuero.<\/p>\n","protected":false},"excerpt":{"rendered":"<p>NOBLE WHITE Del\u00e9itese con la ingeniosa evoluci\u00f3n de Noble White, un lujoso EDP floral, amaderado y almizclado creado para dama<\/p>\n","protected":false},"featured_media":88457,"comment_status":"open","ping_status":"closed","template":"","meta":{"nf_dc_page":""},"product_brand":[],"product_cat":[84],"product_tag":[],"class_list":{"0":"post-88456","1":"product","2":"type-product","3":"status-publish","4":"has-post-thumbnail","6":"product_cat-perfumeria","8":"first","9":"instock","10":"shipping-taxable","11":"purchasable","12":"product-type-simple"},"_links":{"self":[{"href":"https:\/\/brandss.com.py\/index\/wp-json\/wp\/v2\/product\/88456","targetHints":{"allow":["GET"]}}],"collection":[{"href":"https:\/\/brandss.com.py\/index\/wp-json\/wp\/v2\/product"}],"about":[{"href":"https:\/\/brandss.com.py\/index\/wp-json\/wp\/v2\/types\/product"}],"replies":[{"embeddable":true,"href":"https:\/\/brandss.com.py\/index\/wp-json\/wp\/v2\/comments?post=88456"}],"version-history":[{"count":1,"href":"https:\/\/brandss.com.py\/index\/wp-json\/wp\/v2\/product\/88456\/revisions"}],"predecessor-version":[{"id":88463,"href":"https:\/\/brandss.com.py\/index\/wp-json\/wp\/v2\/product\/88456\/revisions\/88463"}],"wp:featuredmedia":[{"embeddable":true,"href":"https:\/\/brandss.com.py\/index\/wp-json\/wp\/v2\/media\/88457"}],"wp:attachment":[{"href":"https:\/\/brandss.com.py\/index\/wp-json\/wp\/v2\/media?parent=88456"}],"wp:term":[{"taxonomy":"product_brand","embeddable":true,"href":"https:\/\/brandss.com.py\/index\/wp-json\/wp\/v2\/product_brand?post=88456"},{"taxonomy":"product_cat","embeddable":true,"href":"https:\/\/brandss.com.py\/index\/wp-json\/wp\/v2\/product_cat?post=88456"},{"taxonomy":"product_tag","embeddable":true,"href":"https:\/\/brandss.com.py\/index\/wp-json\/wp\/v2\/product_tag?post=88456"}],"curies":[{"name":"wp","href":"https:\/\/api.w.org\/{rel}","templated":true}]}}