{"id":88471,"date":"2025-08-19T19:18:15","date_gmt":"2025-08-19T19:18:15","guid":{"rendered":"https:\/\/brandss.com.py\/index\/?post_type=product&#038;p=88471"},"modified":"2025-08-19T19:18:49","modified_gmt":"2025-08-19T19:18:49","slug":"bruma-corporal-femenino-lonkoom-noble-gold-250ml","status":"publish","type":"product","link":"https:\/\/brandss.com.py\/index\/producto\/bruma-corporal-femenino-lonkoom-noble-gold-250ml\/","title":{"rendered":"BRUMA CORPORAL FEMENINO LONKOOM NOBLE GOLD 250ML"},"content":{"rendered":"<p><img loading=\"lazy\" decoding=\"async\" class=\"\" src=\"https:\/\/lonkoom.my\/cdn\/shop\/files\/1_79da2e9c-32a3-4d5a-bd07-f0ad2dc1ade3_714x.png?v=1701281132\" alt=\"My Store\" width=\"151\" height=\"52\" \/><\/p>\n<h1>NOBLE GOLD<\/h1>\n<p><span dir=\"auto\">Es una explosi\u00f3n floral fresca de contrastes que crean una expresi\u00f3n suave de feminidad.<\/span><\/p>\n<p><img loading=\"lazy\" decoding=\"async\" class=\"alignleft\" src=\"https:\/\/lonkoom.my\/cdn\/shop\/files\/90683e9b36624836af73f8a45a40da90_tplv-aphluv4xwc-origin-jpeg.jpg?v=1699373171\" width=\"474\" height=\"632\" \/><\/p>\n<h3>\nNotas Olfativas<\/h3>\n<p><span dir=\"auto\">Una fragancia floral oriental con notas cautivadoras, enriquecida por una base amaderada de cachemira. <\/span><\/p>\n<p><span dir=\"auto\">Esta seductora y elegante combinaci\u00f3n es perfecta para quienes buscan sofisticaci\u00f3n y misterio. Las notas de salida de almendra, lim\u00f3n y bergamota ofrecen un comienzo fresco y vibrante, que se transforma r\u00e1pidamente en un coraz\u00f3n floral ex\u00f3tico y cremoso. <\/span><\/p>\n<p><span dir=\"auto\">La base est\u00e1 compuesta por ingredientes que la hacen envolvente y lujosa. Ideal para ocasiones especiales, una invitaci\u00f3n al refinamiento y a la belleza enigm\u00e1tica.<\/span><\/p>\n<p><span dir=\"auto\"><strong>Notas de salida:<\/strong> Almendra, Pralin\u00e9, Frutos Rojos.<br \/>\n<\/span><br \/>\n<span dir=\"auto\"><strong>Notas de coraz\u00f3n:<\/strong> Iris y Violeta.<br \/>\n<\/span><br \/>\n<span dir=\"auto\"><strong>Notas de fondo:<\/strong> Vetiver, Semilla de Cumar\u00fa.<\/span><\/p>\n","protected":false},"excerpt":{"rendered":"<p>NOBLE GOLD Es una explosi\u00f3n floral fresca de contrastes que crean una expresi\u00f3n suave de feminidad. Notas Olfativas Una fragancia<\/p>\n","protected":false},"featured_media":88477,"comment_status":"open","ping_status":"closed","template":"","meta":{"nf_dc_page":""},"product_brand":[],"product_cat":[84],"product_tag":[],"class_list":{"0":"post-88471","1":"product","2":"type-product","3":"status-publish","4":"has-post-thumbnail","6":"product_cat-perfumeria","8":"first","9":"instock","10":"shipping-taxable","11":"purchasable","12":"product-type-simple"},"_links":{"self":[{"href":"https:\/\/brandss.com.py\/index\/wp-json\/wp\/v2\/product\/88471","targetHints":{"allow":["GET"]}}],"collection":[{"href":"https:\/\/brandss.com.py\/index\/wp-json\/wp\/v2\/product"}],"about":[{"href":"https:\/\/brandss.com.py\/index\/wp-json\/wp\/v2\/types\/product"}],"replies":[{"embeddable":true,"href":"https:\/\/brandss.com.py\/index\/wp-json\/wp\/v2\/comments?post=88471"}],"version-history":[{"count":1,"href":"https:\/\/brandss.com.py\/index\/wp-json\/wp\/v2\/product\/88471\/revisions"}],"predecessor-version":[{"id":88482,"href":"https:\/\/brandss.com.py\/index\/wp-json\/wp\/v2\/product\/88471\/revisions\/88482"}],"wp:featuredmedia":[{"embeddable":true,"href":"https:\/\/brandss.com.py\/index\/wp-json\/wp\/v2\/media\/88477"}],"wp:attachment":[{"href":"https:\/\/brandss.com.py\/index\/wp-json\/wp\/v2\/media?parent=88471"}],"wp:term":[{"taxonomy":"product_brand","embeddable":true,"href":"https:\/\/brandss.com.py\/index\/wp-json\/wp\/v2\/product_brand?post=88471"},{"taxonomy":"product_cat","embeddable":true,"href":"https:\/\/brandss.com.py\/index\/wp-json\/wp\/v2\/product_cat?post=88471"},{"taxonomy":"product_tag","embeddable":true,"href":"https:\/\/brandss.com.py\/index\/wp-json\/wp\/v2\/product_tag?post=88471"}],"curies":[{"name":"wp","href":"https:\/\/api.w.org\/{rel}","templated":true}]}}