{"id":88483,"date":"2025-08-20T10:59:23","date_gmt":"2025-08-20T10:59:23","guid":{"rendered":"https:\/\/brandss.com.py\/index\/?post_type=product&#038;p=88483"},"modified":"2025-08-20T11:16:01","modified_gmt":"2025-08-20T11:16:01","slug":"perfume-femenino-lonkoom-forbidden-darkness-edp-100ml","status":"publish","type":"product","link":"https:\/\/brandss.com.py\/index\/producto\/perfume-femenino-lonkoom-forbidden-darkness-edp-100ml\/","title":{"rendered":"PERFUME FEMENINO LONKOOM FORBIDDEN DARKNESS EDP 100ML"},"content":{"rendered":"<p><img loading=\"lazy\" decoding=\"async\" class=\"\" src=\"https:\/\/lonkoom.my\/cdn\/shop\/files\/1_79da2e9c-32a3-4d5a-bd07-f0ad2dc1ade3_714x.png?v=1701281132\" alt=\"My Store\" width=\"154\" height=\"53\" \/><\/p>\n<h1>FORBIDDEN DARKNESS<\/h1>\n<p>Descubre el encanto de Forbidden Darkness, un perfume que evoca una experiencia sensorial \u00fanica. Una fragancia subversiva y moderna, de gran intensidad y longevidad, llena de misterio.<br \/>\nEl emblem\u00e1tico frasco, con su asa met\u00e1lica, se reinterpreta con un dise\u00f1o moderno y sofisticado. Una fragancia femenina cl\u00e1sica, perfecta para cualquier ocasi\u00f3n a lo largo del a\u00f1o.<\/p>\n<p><img loading=\"lazy\" decoding=\"async\" class=\"alignleft\" src=\"https:\/\/http2.mlstatic.com\/D_NQ_NP_2X_864928-MLA82415440179_022025-F.webp\" width=\"577\" height=\"443\" \/><\/p>\n<h3>Notas Olfativas<\/h3>\n<p>&nbsp;<\/p>\n<p>Su fragancia se despliega con notas de salida de almendra, bergamota, caf\u00e9 y lim\u00f3n fresco, creando una apertura vibrante y cautivadora.<br \/>\nEn el coraz\u00f3n, se entrelazan la rosa b\u00falgara, el jazm\u00edn sambac, la flor de azahar, el orris y la tuberosa, aportando una elegancia floral.<\/p>\n<p>Las notas de fondo, que incluyen cacao, madera de cashmere, cedro, canela, almizcle, pachul\u00ed, pralin\u00e9, s\u00e1ndalo, haba tonka, vainilla y \u00e1mbar, ofrecen una calidez envolvente.<\/p>\n<p>&nbsp;<\/p>\n<p><strong>Notas de salida:<\/strong> Almendra, Caf\u00e9, Bergamota, Lim\u00f3n.<\/p>\n<p><strong>Notas de coraz\u00f3n:<\/strong> Tuberosa, Jazm\u00edn Sambac, Azahar, Lirio, Rosa B\u00falgara.<\/p>\n<p><strong>Notas de fondo:<\/strong> Haba Tonka, Cacao, Vainilla, Pralin\u00e9, S\u00e1ndalo, Almizcle, \u00c1mbar, Cachemira, Canela, Pachul\u00ed, Cedro.<\/p>\n","protected":false},"excerpt":{"rendered":"<p>FORBIDDEN DARKNESS Descubre el encanto de Forbidden Darkness, un perfume que evoca una experiencia sensorial \u00fanica. Una fragancia subversiva y<\/p>\n","protected":false},"featured_media":88485,"comment_status":"open","ping_status":"closed","template":"","meta":{"nf_dc_page":""},"product_brand":[],"product_cat":[84],"product_tag":[],"class_list":{"0":"post-88483","1":"product","2":"type-product","3":"status-publish","4":"has-post-thumbnail","6":"product_cat-perfumeria","8":"first","9":"instock","10":"shipping-taxable","11":"purchasable","12":"product-type-simple"},"_links":{"self":[{"href":"https:\/\/brandss.com.py\/index\/wp-json\/wp\/v2\/product\/88483","targetHints":{"allow":["GET"]}}],"collection":[{"href":"https:\/\/brandss.com.py\/index\/wp-json\/wp\/v2\/product"}],"about":[{"href":"https:\/\/brandss.com.py\/index\/wp-json\/wp\/v2\/types\/product"}],"replies":[{"embeddable":true,"href":"https:\/\/brandss.com.py\/index\/wp-json\/wp\/v2\/comments?post=88483"}],"version-history":[{"count":1,"href":"https:\/\/brandss.com.py\/index\/wp-json\/wp\/v2\/product\/88483\/revisions"}],"predecessor-version":[{"id":88496,"href":"https:\/\/brandss.com.py\/index\/wp-json\/wp\/v2\/product\/88483\/revisions\/88496"}],"wp:featuredmedia":[{"embeddable":true,"href":"https:\/\/brandss.com.py\/index\/wp-json\/wp\/v2\/media\/88485"}],"wp:attachment":[{"href":"https:\/\/brandss.com.py\/index\/wp-json\/wp\/v2\/media?parent=88483"}],"wp:term":[{"taxonomy":"product_brand","embeddable":true,"href":"https:\/\/brandss.com.py\/index\/wp-json\/wp\/v2\/product_brand?post=88483"},{"taxonomy":"product_cat","embeddable":true,"href":"https:\/\/brandss.com.py\/index\/wp-json\/wp\/v2\/product_cat?post=88483"},{"taxonomy":"product_tag","embeddable":true,"href":"https:\/\/brandss.com.py\/index\/wp-json\/wp\/v2\/product_tag?post=88483"}],"curies":[{"name":"wp","href":"https:\/\/api.w.org\/{rel}","templated":true}]}}