{"id":88498,"date":"2025-08-20T11:45:52","date_gmt":"2025-08-20T11:45:52","guid":{"rendered":"https:\/\/brandss.com.py\/index\/?post_type=product&#038;p=88498"},"modified":"2026-03-17T13:22:16","modified_gmt":"2026-03-17T13:22:16","slug":"perfume-femenino-vurv-queenly-edp-100ml","status":"publish","type":"product","link":"https:\/\/brandss.com.py\/index\/producto\/perfume-femenino-vurv-queenly-edp-100ml\/","title":{"rendered":"PERFUME FEMENINO VURV QUEENLY EDP 100ML"},"content":{"rendered":"<p><img loading=\"lazy\" decoding=\"async\" class=\"\" src=\"https:\/\/www.intenseoud.com\/cdn\/shop\/files\/11_4c443c23-900e-4c53-8003-01e24077289f.jpg?v=1739059034\" alt=\"Bouquet Rouge Eau De Parfum Spray 100ML (3.4 OZ) By Vurv | An Exotic, Spicy  Blend Of Saffron, Amberwood &amp; Cedar For A Bold Scent With Woody Depth. |  Intense Oud\" width=\"207\" height=\"207\" \/><\/p>\n<h1>QUEENLY EAU DE PARFUM<\/h1>\n<p>Es una fragancia femenina dise\u00f1ada para mujeres que desean expresar sofisticaci\u00f3n, poder y encanto en cada momento.<\/p>\n<p>Desde su frasco rojo intenso con detalles dorados, transmite una esencia majestuosa, lujosa y elegante, inspirada en la realeza moderna.<\/p>\n<p>Queenly es una fragancia floral-oriental que combina lo luminoso de los c\u00edtricos, lo rom\u00e1ntico de las flores y la calidez de las maderas y la vainilla. Su estela es envolvente, elegante y con un aire seductor que no pasa desapercibido.<\/p>\n<p><img loading=\"lazy\" decoding=\"async\" class=\" wp-image-88504 alignleft\" src=\"https:\/\/brandss.com.py\/index\/wp-content\/uploads\/2025\/08\/queenly-400x287.jpg\" alt=\"\" width=\"312\" height=\"224\" srcset=\"https:\/\/brandss.com.py\/index\/wp-content\/uploads\/2025\/08\/queenly-400x287.jpg 400w, https:\/\/brandss.com.py\/index\/wp-content\/uploads\/2025\/08\/queenly-768x551.jpg 768w, https:\/\/brandss.com.py\/index\/wp-content\/uploads\/2025\/08\/queenly-430x308.jpg 430w, https:\/\/brandss.com.py\/index\/wp-content\/uploads\/2025\/08\/queenly-700x502.jpg 700w, https:\/\/brandss.com.py\/index\/wp-content\/uploads\/2025\/08\/queenly-150x108.jpg 150w, https:\/\/brandss.com.py\/index\/wp-content\/uploads\/2025\/08\/queenly.jpg 841w\" sizes=\"auto, (max-width: 312px) 100vw, 312px\" \/><\/p>\n<p data-start=\"550\" data-end=\"723\"><strong data-start=\"550\" data-end=\"561\">Notas de Salida:<\/strong> una fusi\u00f3n chispeante de notas c\u00edtricas y frutales que despiertan frescura y vitalidad, envolviendo los sentidos con una primera impresi\u00f3n luminosa y vibrante.<\/p>\n<p data-start=\"726\" data-end=\"975\"><strong data-start=\"726\" data-end=\"738\">Notas de Coraz\u00f3n:<\/strong> un bouquet floral cautivador donde predominan la <strong data-start=\"788\" data-end=\"796\">rosa<\/strong> y el <strong data-start=\"802\" data-end=\"812\">jazm\u00edn<\/strong>, emblemas de la feminidad y el romance. Estos acordes florales se entrelazan con delicadas notas blancas que aportan suavidad, sofisticaci\u00f3n y un aire seductor.<\/p>\n<p data-start=\"978\" data-end=\"1157\"><strong data-start=\"978\" data-end=\"988\">Notas de Fondo:<\/strong> se despliega una base c\u00e1lida y sensual de <strong data-start=\"1031\" data-end=\"1077\">\u00e1mbar, vainilla, almizcle y maderas suaves<\/strong>, que proporcionan car\u00e1cter, profundidad y una fijaci\u00f3n prolongada en la piel.<\/p>\n","protected":false},"excerpt":{"rendered":"<p>QUEENLY EAU DE PARFUM Es una fragancia femenina dise\u00f1ada para mujeres que desean expresar sofisticaci\u00f3n, poder y encanto en cada<\/p>\n","protected":false},"featured_media":88509,"comment_status":"open","ping_status":"closed","template":"","meta":{"nf_dc_page":""},"product_brand":[785],"product_cat":[84],"product_tag":[836],"class_list":{"0":"post-88498","1":"product","2":"type-product","3":"status-publish","4":"has-post-thumbnail","6":"product_brand-vurv","7":"product_cat-perfumeria","8":"product_tag-836","10":"first","11":"instock","12":"shipping-taxable","13":"purchasable","14":"product-type-simple"},"_links":{"self":[{"href":"https:\/\/brandss.com.py\/index\/wp-json\/wp\/v2\/product\/88498","targetHints":{"allow":["GET"]}}],"collection":[{"href":"https:\/\/brandss.com.py\/index\/wp-json\/wp\/v2\/product"}],"about":[{"href":"https:\/\/brandss.com.py\/index\/wp-json\/wp\/v2\/types\/product"}],"replies":[{"embeddable":true,"href":"https:\/\/brandss.com.py\/index\/wp-json\/wp\/v2\/comments?post=88498"}],"version-history":[{"count":1,"href":"https:\/\/brandss.com.py\/index\/wp-json\/wp\/v2\/product\/88498\/revisions"}],"predecessor-version":[{"id":88512,"href":"https:\/\/brandss.com.py\/index\/wp-json\/wp\/v2\/product\/88498\/revisions\/88512"}],"wp:featuredmedia":[{"embeddable":true,"href":"https:\/\/brandss.com.py\/index\/wp-json\/wp\/v2\/media\/88509"}],"wp:attachment":[{"href":"https:\/\/brandss.com.py\/index\/wp-json\/wp\/v2\/media?parent=88498"}],"wp:term":[{"taxonomy":"product_brand","embeddable":true,"href":"https:\/\/brandss.com.py\/index\/wp-json\/wp\/v2\/product_brand?post=88498"},{"taxonomy":"product_cat","embeddable":true,"href":"https:\/\/brandss.com.py\/index\/wp-json\/wp\/v2\/product_cat?post=88498"},{"taxonomy":"product_tag","embeddable":true,"href":"https:\/\/brandss.com.py\/index\/wp-json\/wp\/v2\/product_tag?post=88498"}],"curies":[{"name":"wp","href":"https:\/\/api.w.org\/{rel}","templated":true}]}}