{"id":88516,"date":"2025-08-20T12:34:47","date_gmt":"2025-08-20T12:34:47","guid":{"rendered":"https:\/\/brandss.com.py\/index\/?post_type=product&#038;p=88516"},"modified":"2025-08-20T12:36:27","modified_gmt":"2025-08-20T12:36:27","slug":"perfume-femenino-lonkoom-petal-reverie-edp-100ml","status":"publish","type":"product","link":"https:\/\/brandss.com.py\/index\/producto\/perfume-femenino-lonkoom-petal-reverie-edp-100ml\/","title":{"rendered":"PERFUME FEMENINO LONKOOM PETAL REVERIE EDP 100ML"},"content":{"rendered":"<p><img loading=\"lazy\" decoding=\"async\" class=\"\" src=\"https:\/\/lonkoom.my\/cdn\/shop\/files\/1_79da2e9c-32a3-4d5a-bd07-f0ad2dc1ade3_714x.png?v=1701281132\" alt=\"My Store\" width=\"151\" height=\"52\" \/><\/p>\n<h1>PETAL REVERIE<\/h1>\n<p><span dir=\"auto\">Perfume Petal Reverie para mujer. Su aroma, al tacto, ofrece una sutil experiencia de belleza natural con una fragancia floral y frutal \u00fanica.\u00a0<\/span><\/p>\n<p><img loading=\"lazy\" decoding=\"async\" class=\"alignleft\" src=\"https:\/\/glamourybelleza.es\/cdn\/shop\/files\/4_e2d61e0c-8dd3-4938-bcdf-850fb2e47af3.jpg?v=1735610953&amp;width=767\" width=\"400\" height=\"400\" \/><\/p>\n<p>&nbsp;<\/p>\n<h3>Notas Olfativas<\/h3>\n<p>&nbsp;<\/p>\n<p><span dir=\"auto\">Frutas frescas de mango, naranja y lim\u00f3n, con un elegante aroma a lirio, ylang-ylang y violeta. De larga duraci\u00f3n, ideal para mujeres que buscan naturalidad, elegancia y vitalidad, revelando un encanto \u00fanico para cualquier ocasi\u00f3n.<\/span><\/p>\n<p><span dir=\"auto\">Fragancia: floral afrutada<\/span><\/p>\n<p><strong>Notas de salida:<\/strong> mango, naranja, lim\u00f3n.<\/p>\n<p><strong>Notas de coraz\u00f3n:<\/strong> frangipani, ylang-ylang, violeta.<\/p>\n<p><strong>Notas de fondo:<\/strong> grosella negra, ar\u00e1ndano, trigo.<\/p>\n","protected":false},"excerpt":{"rendered":"<p>PETAL REVERIE Perfume Petal Reverie para mujer. Su aroma, al tacto, ofrece una sutil experiencia de belleza natural con una<\/p>\n","protected":false},"featured_media":88517,"comment_status":"open","ping_status":"closed","template":"","meta":{"nf_dc_page":""},"product_brand":[],"product_cat":[84],"product_tag":[],"class_list":{"0":"post-88516","1":"product","2":"type-product","3":"status-publish","4":"has-post-thumbnail","6":"product_cat-perfumeria","8":"first","9":"instock","10":"shipping-taxable","11":"purchasable","12":"product-type-simple"},"_links":{"self":[{"href":"https:\/\/brandss.com.py\/index\/wp-json\/wp\/v2\/product\/88516","targetHints":{"allow":["GET"]}}],"collection":[{"href":"https:\/\/brandss.com.py\/index\/wp-json\/wp\/v2\/product"}],"about":[{"href":"https:\/\/brandss.com.py\/index\/wp-json\/wp\/v2\/types\/product"}],"replies":[{"embeddable":true,"href":"https:\/\/brandss.com.py\/index\/wp-json\/wp\/v2\/comments?post=88516"}],"version-history":[{"count":1,"href":"https:\/\/brandss.com.py\/index\/wp-json\/wp\/v2\/product\/88516\/revisions"}],"predecessor-version":[{"id":88525,"href":"https:\/\/brandss.com.py\/index\/wp-json\/wp\/v2\/product\/88516\/revisions\/88525"}],"wp:featuredmedia":[{"embeddable":true,"href":"https:\/\/brandss.com.py\/index\/wp-json\/wp\/v2\/media\/88517"}],"wp:attachment":[{"href":"https:\/\/brandss.com.py\/index\/wp-json\/wp\/v2\/media?parent=88516"}],"wp:term":[{"taxonomy":"product_brand","embeddable":true,"href":"https:\/\/brandss.com.py\/index\/wp-json\/wp\/v2\/product_brand?post=88516"},{"taxonomy":"product_cat","embeddable":true,"href":"https:\/\/brandss.com.py\/index\/wp-json\/wp\/v2\/product_cat?post=88516"},{"taxonomy":"product_tag","embeddable":true,"href":"https:\/\/brandss.com.py\/index\/wp-json\/wp\/v2\/product_tag?post=88516"}],"curies":[{"name":"wp","href":"https:\/\/api.w.org\/{rel}","templated":true}]}}