{"id":88531,"date":"2025-08-20T13:07:38","date_gmt":"2025-08-20T13:07:38","guid":{"rendered":"https:\/\/brandss.com.py\/index\/?post_type=product&#038;p=88531"},"modified":"2025-08-20T13:08:30","modified_gmt":"2025-08-20T13:08:30","slug":"perfume-femenino-lonkoom-petal-muse-edp-100ml","status":"publish","type":"product","link":"https:\/\/brandss.com.py\/index\/producto\/perfume-femenino-lonkoom-petal-muse-edp-100ml\/","title":{"rendered":"PERFUME FEMENINO LONKOOM PETAL MUSE EDP 100ML"},"content":{"rendered":"<p><img loading=\"lazy\" decoding=\"async\" class=\"\" src=\"https:\/\/lonkoom.my\/cdn\/shop\/files\/1_79da2e9c-32a3-4d5a-bd07-f0ad2dc1ade3_714x.png?v=1701281132\" alt=\"My Store\" width=\"142\" height=\"49\" \/><\/p>\n<h1>PETAL MUSE<\/h1>\n<p>Tiene un aroma \u00fanico, elegante y dulce, una apariencia elegante y un elegante envase exterior. Tras abrirlo, se siente una intensa dulzura, lista para estallar, brillando hasta el fondo.<\/p>\n<p><img loading=\"lazy\" decoding=\"async\" class=\"alignleft\" src=\"https:\/\/glamourybelleza.es\/cdn\/shop\/files\/4_405b6eff-32f7-411c-be0f-9b595d166edf.jpg?v=1735610903&amp;width=767\" width=\"463\" height=\"463\" \/><\/p>\n<h3><\/h3>\n<h3>Notas Olfativas<\/h3>\n<p>&nbsp;<\/p>\n<p>Petal muse es una fragancia femenina de la familia vainilla oriental, su mezcla equilibrada de notas dulces y c\u00e1lidas lo convierte en un elemento b\u00e1sico durante todo el a\u00f1o en la colecci\u00f3n de todas las mujeres modernas.<\/p>\n<p>Disfruta de una cautivadora mezcla de caf\u00e9 y c\u00edtricos, floreciendo en un coraz\u00f3n de flor de azahar fresca, tuberosa, jazm\u00edn, y acomodarse en una base c\u00e1lida y sensual de almizcle, vainilla, pachul\u00ed.<\/p>\n<p>Perfecto para mujeres que anhelan una fragancia que evolucione con elegancia durante todo el d\u00eda.<\/p>\n<p>&nbsp;<\/p>\n<p>&nbsp;<\/p>\n<p>&nbsp;<\/p>\n<p><span dir=\"auto\"><strong>Notas de salida:<\/strong> caf\u00e9, naranja.<\/span><\/p>\n<p><span dir=\"auto\"><strong>Notas de coraz\u00f3n:<\/strong> flor de azahar fresca, tuberosa, jazm\u00edn.<\/span><\/p>\n<p data-spm-anchor-id=\"a2a0e.pdp_revamp.product_detail.i2.102b3abaaIwFQE\"><span dir=\"auto\"><strong>Notas de fondo:<\/strong> Almizcle, vainilla, pachul\u00ed.<\/span><\/p>\n","protected":false},"excerpt":{"rendered":"<p>PETAL MUSE Tiene un aroma \u00fanico, elegante y dulce, una apariencia elegante y un elegante envase exterior. Tras abrirlo, se<\/p>\n","protected":false},"featured_media":88534,"comment_status":"open","ping_status":"closed","template":"","meta":{"nf_dc_page":""},"product_brand":[],"product_cat":[84],"product_tag":[],"class_list":{"0":"post-88531","1":"product","2":"type-product","3":"status-publish","4":"has-post-thumbnail","6":"product_cat-perfumeria","8":"first","9":"instock","10":"shipping-taxable","11":"purchasable","12":"product-type-simple"},"_links":{"self":[{"href":"https:\/\/brandss.com.py\/index\/wp-json\/wp\/v2\/product\/88531","targetHints":{"allow":["GET"]}}],"collection":[{"href":"https:\/\/brandss.com.py\/index\/wp-json\/wp\/v2\/product"}],"about":[{"href":"https:\/\/brandss.com.py\/index\/wp-json\/wp\/v2\/types\/product"}],"replies":[{"embeddable":true,"href":"https:\/\/brandss.com.py\/index\/wp-json\/wp\/v2\/comments?post=88531"}],"version-history":[{"count":1,"href":"https:\/\/brandss.com.py\/index\/wp-json\/wp\/v2\/product\/88531\/revisions"}],"predecessor-version":[{"id":88542,"href":"https:\/\/brandss.com.py\/index\/wp-json\/wp\/v2\/product\/88531\/revisions\/88542"}],"wp:featuredmedia":[{"embeddable":true,"href":"https:\/\/brandss.com.py\/index\/wp-json\/wp\/v2\/media\/88534"}],"wp:attachment":[{"href":"https:\/\/brandss.com.py\/index\/wp-json\/wp\/v2\/media?parent=88531"}],"wp:term":[{"taxonomy":"product_brand","embeddable":true,"href":"https:\/\/brandss.com.py\/index\/wp-json\/wp\/v2\/product_brand?post=88531"},{"taxonomy":"product_cat","embeddable":true,"href":"https:\/\/brandss.com.py\/index\/wp-json\/wp\/v2\/product_cat?post=88531"},{"taxonomy":"product_tag","embeddable":true,"href":"https:\/\/brandss.com.py\/index\/wp-json\/wp\/v2\/product_tag?post=88531"}],"curies":[{"name":"wp","href":"https:\/\/api.w.org\/{rel}","templated":true}]}}