{"id":88532,"date":"2025-08-20T13:16:04","date_gmt":"2025-08-20T13:16:04","guid":{"rendered":"https:\/\/brandss.com.py\/index\/?post_type=product&#038;p=88532"},"modified":"2026-03-17T13:23:04","modified_gmt":"2026-03-17T13:23:04","slug":"perfume-femenino-vurv-kiara-soul-edp-100ml","status":"publish","type":"product","link":"https:\/\/brandss.com.py\/index\/producto\/perfume-femenino-vurv-kiara-soul-edp-100ml\/","title":{"rendered":"PERFUME FEMENINO VURV KIARA SOUL EDP 100ML"},"content":{"rendered":"<p><img loading=\"lazy\" decoding=\"async\" class=\"\" src=\"https:\/\/www.intenseoud.com\/cdn\/shop\/files\/11_4c443c23-900e-4c53-8003-01e24077289f.jpg?v=1739059034\" alt=\"Bouquet Rouge Eau De Parfum Spray 100ML (3.4 OZ) By Vurv | An Exotic, Spicy Blend Of Saffron, Amberwood &amp; Cedar For A Bold Scent With Woody Depth. | Intense Oud\" width=\"217\" height=\"217\" \/><\/p>\n<h1>KIARA SOUL EAU DE PARFUM<\/h1>\n<p><span class=\"relative -mx-px my-[-0.2rem] rounded px-px py-[0.2rem] transition-colors duration-100 ease-in-out\"><span dir=\"auto\">Es una fragancia refinada y elegante que encarna la feminidad con un toque sofisticado. <\/span><\/span><span class=\"relative -mx-px my-[-0.2rem] rounded px-px py-[0.2rem] transition-colors duration-100 ease-in-out\"><span dir=\"auto\">Esta fragancia est\u00e1 dise\u00f1ada para cautivar los sentidos, ofreciendo una armoniosa combinaci\u00f3n de notas florales y frutales que crean una impresi\u00f3n duradera.\u00a0<\/span><\/span><\/p>\n<p><span class=\"relative -mx-px my-[-0.2rem] rounded px-px py-[0.2rem] transition-colors duration-100 ease-in-out\"><span dir=\"auto\">La composici\u00f3n de Kiara Soul se abre con el aroma dulce y \u00e1cido del lichi y el ruibarbo, equilibrado por la intensidad c\u00edtrica de la bergamota y la c\u00e1lida especia de la nuez moscada.\u00a0<\/span><\/span><\/p>\n<p><span class=\"relative -mx-px my-[-0.2rem] rounded px-px py-[0.2rem] transition-colors duration-100 ease-in-out\"><span dir=\"auto\">El coraz\u00f3n revela un bouquet de rosa turca, lirio de los valles y peon\u00eda, que le aporta profundidad y complejidad.\u00a0<\/span><\/span><\/p>\n<p><span class=\"relative -mx-px my-[-0.2rem] rounded px-px py-[0.2rem] transition-colors duration-100 ease-in-out\"><span dir=\"auto\">La fragancia se asienta sobre una base cremosa de vainilla, incienso, almizcle blanco, cachemira y maderas, dejando una estela suave y seductora\u00a0<\/span><\/span><span dir=\"auto\">.<\/span><\/p>\n<p><span class=\"relative -mx-px my-[-0.2rem] rounded px-px py-[0.2rem] transition-colors duration-100 ease-in-out\"><span dir=\"auto\">Esta fragancia es ideal para mujeres que aprecian una mezcla de frescura y calidez, lo que la hace adecuada tanto para el d\u00eda como para la noche.<\/span><\/span><\/p>\n<p><img loading=\"lazy\" decoding=\"async\" class=\" wp-image-88535 alignleft\" src=\"https:\/\/brandss.com.py\/index\/wp-content\/uploads\/2025\/08\/kiara-soul-d-400x283.jpeg\" alt=\"\" width=\"313\" height=\"222\" srcset=\"https:\/\/brandss.com.py\/index\/wp-content\/uploads\/2025\/08\/kiara-soul-d-400x283.jpeg 400w, https:\/\/brandss.com.py\/index\/wp-content\/uploads\/2025\/08\/kiara-soul-d-768x543.jpeg 768w, https:\/\/brandss.com.py\/index\/wp-content\/uploads\/2025\/08\/kiara-soul-d-430x304.jpeg 430w, https:\/\/brandss.com.py\/index\/wp-content\/uploads\/2025\/08\/kiara-soul-d-700x495.jpeg 700w, https:\/\/brandss.com.py\/index\/wp-content\/uploads\/2025\/08\/kiara-soul-d-150x106.jpeg 150w, https:\/\/brandss.com.py\/index\/wp-content\/uploads\/2025\/08\/kiara-soul-d.jpeg 841w\" sizes=\"auto, (max-width: 313px) 100vw, 313px\" \/><\/p>\n<p><strong><span dir=\"auto\">Notas de salida:\u00a0<\/span><\/strong><span class=\"relative -mx-px my-[-0.2rem] rounded px-px py-[0.2rem] transition-colors duration-100 ease-in-out\"><span dir=\"auto\">lichi, ruibarbo, bergamota, nuez moscada.<\/span><\/span><\/p>\n<p><strong><span dir=\"auto\">Notas de coraz\u00f3n: <\/span><\/strong><span class=\"relative -mx-px my-[-0.2rem] rounded px-px py-[0.2rem] transition-colors duration-100 ease-in-out\"><span dir=\"auto\">rosa turca, lirio de los valles, peon\u00eda.<\/span><\/span><\/p>\n<p><strong><span dir=\"auto\">Notas de fondo:\u00a0<\/span><\/strong><span class=\"relative -mx-px my-[-0.2rem] rounded px-px py-[0.2rem] transition-colors duration-100 ease-in-out\"><span dir=\"auto\">vainilla, incienso, almizcle blanco, cachemira, maderas.<\/span><\/span><\/p>\n","protected":false},"excerpt":{"rendered":"<p>KIARA SOUL EAU DE PARFUM Es una fragancia refinada y elegante que encarna la feminidad con un toque sofisticado. Esta<\/p>\n","protected":false},"featured_media":88544,"comment_status":"open","ping_status":"closed","template":"","meta":{"nf_dc_page":""},"product_brand":[785],"product_cat":[84],"product_tag":[837],"class_list":{"0":"post-88532","1":"product","2":"type-product","3":"status-publish","4":"has-post-thumbnail","6":"product_brand-vurv","7":"product_cat-perfumeria","8":"product_tag-837","10":"first","11":"instock","12":"shipping-taxable","13":"purchasable","14":"product-type-simple"},"_links":{"self":[{"href":"https:\/\/brandss.com.py\/index\/wp-json\/wp\/v2\/product\/88532","targetHints":{"allow":["GET"]}}],"collection":[{"href":"https:\/\/brandss.com.py\/index\/wp-json\/wp\/v2\/product"}],"about":[{"href":"https:\/\/brandss.com.py\/index\/wp-json\/wp\/v2\/types\/product"}],"replies":[{"embeddable":true,"href":"https:\/\/brandss.com.py\/index\/wp-json\/wp\/v2\/comments?post=88532"}],"version-history":[{"count":2,"href":"https:\/\/brandss.com.py\/index\/wp-json\/wp\/v2\/product\/88532\/revisions"}],"predecessor-version":[{"id":88548,"href":"https:\/\/brandss.com.py\/index\/wp-json\/wp\/v2\/product\/88532\/revisions\/88548"}],"wp:featuredmedia":[{"embeddable":true,"href":"https:\/\/brandss.com.py\/index\/wp-json\/wp\/v2\/media\/88544"}],"wp:attachment":[{"href":"https:\/\/brandss.com.py\/index\/wp-json\/wp\/v2\/media?parent=88532"}],"wp:term":[{"taxonomy":"product_brand","embeddable":true,"href":"https:\/\/brandss.com.py\/index\/wp-json\/wp\/v2\/product_brand?post=88532"},{"taxonomy":"product_cat","embeddable":true,"href":"https:\/\/brandss.com.py\/index\/wp-json\/wp\/v2\/product_cat?post=88532"},{"taxonomy":"product_tag","embeddable":true,"href":"https:\/\/brandss.com.py\/index\/wp-json\/wp\/v2\/product_tag?post=88532"}],"curies":[{"name":"wp","href":"https:\/\/api.w.org\/{rel}","templated":true}]}}