{"id":88578,"date":"2025-08-20T18:34:09","date_gmt":"2025-08-20T18:34:09","guid":{"rendered":"https:\/\/brandss.com.py\/index\/?post_type=product&#038;p=88578"},"modified":"2026-03-17T12:50:19","modified_gmt":"2026-03-17T12:50:19","slug":"perfume-femenino-vurv-forever-young-edp-100ml","status":"publish","type":"product","link":"https:\/\/brandss.com.py\/index\/producto\/perfume-femenino-vurv-forever-young-edp-100ml\/","title":{"rendered":"PERFUME FEMENINO VURV FOREVER YOUNG EDP 100ML"},"content":{"rendered":"<p><img loading=\"lazy\" decoding=\"async\" class=\"\" src=\"https:\/\/www.intenseoud.com\/cdn\/shop\/files\/11_4c443c23-900e-4c53-8003-01e24077289f.jpg?v=1739059034\" alt=\"Bouquet Rouge Eau De Parfum Spray 100ML (3.4 OZ) By Vurv | An Exotic, Spicy Blend Of Saffron, Amberwood &amp; Cedar For A Bold Scent With Woody Depth. | Intense Oud\" width=\"192\" height=\"192\" \/><\/p>\n<h1>FOREVER YOUNG<\/h1>\n<p>Esta fragancia combina lo jugoso y chispeante con lo rom\u00e1ntico y envolvente, desembocando en una base c\u00e1lida y adulta. La frambuesa y nerol\u00ed crean una salida vibrante, la rosa aporta un centro emotivo, y la vainilla con almizcle cierran con una estela seductora y duradera.<\/p>\n<h3>Notas Olfativas<\/h3>\n<p>Forever Young es una fragancia frutal floral que mezcla frambuesa y nerol\u00ed brillantes con un coraz\u00f2n de rosa profunda y una base c\u00e1lida y envolvente de vainilla, \u00e1mbar maderado y almizcle. Ideal para la mujer moderna que desea transmitir romanticismo, frescura y sensualidad elegante en cada momento.<\/p>\n<p><img loading=\"lazy\" decoding=\"async\" class=\" wp-image-88586 alignleft\" src=\"https:\/\/brandss.com.py\/index\/wp-content\/uploads\/2025\/08\/YOUNG-WOMEN-D-400x287.jpeg\" alt=\"\" width=\"273\" height=\"196\" srcset=\"https:\/\/brandss.com.py\/index\/wp-content\/uploads\/2025\/08\/YOUNG-WOMEN-D-400x287.jpeg 400w, https:\/\/brandss.com.py\/index\/wp-content\/uploads\/2025\/08\/YOUNG-WOMEN-D-768x551.jpeg 768w, https:\/\/brandss.com.py\/index\/wp-content\/uploads\/2025\/08\/YOUNG-WOMEN-D-430x308.jpeg 430w, https:\/\/brandss.com.py\/index\/wp-content\/uploads\/2025\/08\/YOUNG-WOMEN-D-700x502.jpeg 700w, https:\/\/brandss.com.py\/index\/wp-content\/uploads\/2025\/08\/YOUNG-WOMEN-D-150x108.jpeg 150w, https:\/\/brandss.com.py\/index\/wp-content\/uploads\/2025\/08\/YOUNG-WOMEN-D.jpeg 841w\" sizes=\"auto, (max-width: 273px) 100vw, 273px\" \/><strong><span dir=\"auto\">Notas de salida:<\/span><\/strong><span dir=\"auto\">\u00a0<\/span><span dir=\"auto\">Frambuesa, Lim\u00f3n, Nerol.<\/span><\/p>\n<p><strong><span dir=\"auto\">Nota de coraz\u00f3n:<\/span><\/strong><span dir=\"auto\">\u00a0<\/span><span dir=\"auto\">Rosa.<\/span><\/p>\n<p><strong><span dir=\"auto\">Notas de fondo:<\/span><\/strong><span dir=\"auto\">\u00a0<\/span><span dir=\"auto\">Rosa y vainilla.<\/span><\/p>\n<p>&nbsp;<\/p>\n<p>&nbsp;<\/p>\n","protected":false},"excerpt":{"rendered":"<p>FOREVER YOUNG Esta fragancia combina lo jugoso y chispeante con lo rom\u00e1ntico y envolvente, desembocando en una base c\u00e1lida y<\/p>\n","protected":false},"featured_media":88590,"comment_status":"open","ping_status":"closed","template":"","meta":{"nf_dc_page":""},"product_brand":[785],"product_cat":[84],"product_tag":[810],"class_list":{"0":"post-88578","1":"product","2":"type-product","3":"status-publish","4":"has-post-thumbnail","6":"product_brand-vurv","7":"product_cat-perfumeria","8":"product_tag-810","10":"first","11":"instock","12":"shipping-taxable","13":"purchasable","14":"product-type-simple"},"_links":{"self":[{"href":"https:\/\/brandss.com.py\/index\/wp-json\/wp\/v2\/product\/88578","targetHints":{"allow":["GET"]}}],"collection":[{"href":"https:\/\/brandss.com.py\/index\/wp-json\/wp\/v2\/product"}],"about":[{"href":"https:\/\/brandss.com.py\/index\/wp-json\/wp\/v2\/types\/product"}],"replies":[{"embeddable":true,"href":"https:\/\/brandss.com.py\/index\/wp-json\/wp\/v2\/comments?post=88578"}],"version-history":[{"count":3,"href":"https:\/\/brandss.com.py\/index\/wp-json\/wp\/v2\/product\/88578\/revisions"}],"predecessor-version":[{"id":91420,"href":"https:\/\/brandss.com.py\/index\/wp-json\/wp\/v2\/product\/88578\/revisions\/91420"}],"wp:featuredmedia":[{"embeddable":true,"href":"https:\/\/brandss.com.py\/index\/wp-json\/wp\/v2\/media\/88590"}],"wp:attachment":[{"href":"https:\/\/brandss.com.py\/index\/wp-json\/wp\/v2\/media?parent=88578"}],"wp:term":[{"taxonomy":"product_brand","embeddable":true,"href":"https:\/\/brandss.com.py\/index\/wp-json\/wp\/v2\/product_brand?post=88578"},{"taxonomy":"product_cat","embeddable":true,"href":"https:\/\/brandss.com.py\/index\/wp-json\/wp\/v2\/product_cat?post=88578"},{"taxonomy":"product_tag","embeddable":true,"href":"https:\/\/brandss.com.py\/index\/wp-json\/wp\/v2\/product_tag?post=88578"}],"curies":[{"name":"wp","href":"https:\/\/api.w.org\/{rel}","templated":true}]}}