{"id":88607,"date":"2025-08-21T11:01:15","date_gmt":"2025-08-21T11:01:15","guid":{"rendered":"https:\/\/brandss.com.py\/index\/?post_type=product&#038;p=88607"},"modified":"2025-08-21T11:02:50","modified_gmt":"2025-08-21T11:02:50","slug":"perfume-femenino-lonkoom-tropical-temptation-edp-50ml","status":"publish","type":"product","link":"https:\/\/brandss.com.py\/index\/producto\/perfume-femenino-lonkoom-tropical-temptation-edp-50ml\/","title":{"rendered":"PERFUME FEMENINO LONKOOM TROPICAL TEMPTATION EDP 50ML"},"content":{"rendered":"<p><img loading=\"lazy\" decoding=\"async\" class=\"\" src=\"https:\/\/lonkoom.my\/cdn\/shop\/files\/1_79da2e9c-32a3-4d5a-bd07-f0ad2dc1ade3_714x.png?v=1701281132\" alt=\"My Store\" width=\"131\" height=\"45\" \/><\/p>\n<h1>TROPICAL TEMPTATION<\/h1>\n<p>Una fragancia floral afrutada, c\u00e1lida y seductora, con una mezcla de frutas tropicales y flores cautivadoras. Experimenta este aroma seductor y roc\u00edalo para lucir una dama sofisticada y con estilo.<\/p>\n<h3>Notas Olfativas<\/h3>\n<div><span dir=\"auto\">Tropical Temptation, un aroma floral c\u00e1lido, fascinado por muchas flores, un toque seductor, inyectado y de aspecto elegante.<\/span><\/div>\n<p class=\"QN2lPu\"><span dir=\"auto\"><strong>Familia Olfativa:<\/strong> Floral-Frutal Oriental.<\/span><\/p>\n<p class=\"QN2lPu\"><span dir=\"auto\"><strong>Nota de salida:<\/strong> maracuy\u00e1, pomelo, pi\u00f1a, mandarina, fresa.<\/span><\/p>\n<p class=\"QN2lPu\"><span dir=\"auto\"><strong>Nota de coraz\u00f3n:<\/strong> peon\u00eda, orqu\u00eddea, frutos rojos, jazm\u00edn, lirio.<\/span><\/p>\n<p class=\"QN2lPu\"><span dir=\"auto\"><strong>Nota de fondo:<\/strong> almizcle, madera, musgo de roble.<\/span><\/p>\n","protected":false},"excerpt":{"rendered":"<p>TROPICAL TEMPTATION Una fragancia floral afrutada, c\u00e1lida y seductora, con una mezcla de frutas tropicales y flores cautivadoras. Experimenta este<\/p>\n","protected":false},"featured_media":88608,"comment_status":"open","ping_status":"closed","template":"","meta":{"nf_dc_page":""},"product_brand":[],"product_cat":[84],"product_tag":[],"class_list":{"0":"post-88607","1":"product","2":"type-product","3":"status-publish","4":"has-post-thumbnail","6":"product_cat-perfumeria","8":"first","9":"instock","10":"shipping-taxable","11":"purchasable","12":"product-type-simple"},"_links":{"self":[{"href":"https:\/\/brandss.com.py\/index\/wp-json\/wp\/v2\/product\/88607","targetHints":{"allow":["GET"]}}],"collection":[{"href":"https:\/\/brandss.com.py\/index\/wp-json\/wp\/v2\/product"}],"about":[{"href":"https:\/\/brandss.com.py\/index\/wp-json\/wp\/v2\/types\/product"}],"replies":[{"embeddable":true,"href":"https:\/\/brandss.com.py\/index\/wp-json\/wp\/v2\/comments?post=88607"}],"version-history":[{"count":1,"href":"https:\/\/brandss.com.py\/index\/wp-json\/wp\/v2\/product\/88607\/revisions"}],"predecessor-version":[{"id":88612,"href":"https:\/\/brandss.com.py\/index\/wp-json\/wp\/v2\/product\/88607\/revisions\/88612"}],"wp:featuredmedia":[{"embeddable":true,"href":"https:\/\/brandss.com.py\/index\/wp-json\/wp\/v2\/media\/88608"}],"wp:attachment":[{"href":"https:\/\/brandss.com.py\/index\/wp-json\/wp\/v2\/media?parent=88607"}],"wp:term":[{"taxonomy":"product_brand","embeddable":true,"href":"https:\/\/brandss.com.py\/index\/wp-json\/wp\/v2\/product_brand?post=88607"},{"taxonomy":"product_cat","embeddable":true,"href":"https:\/\/brandss.com.py\/index\/wp-json\/wp\/v2\/product_cat?post=88607"},{"taxonomy":"product_tag","embeddable":true,"href":"https:\/\/brandss.com.py\/index\/wp-json\/wp\/v2\/product_tag?post=88607"}],"curies":[{"name":"wp","href":"https:\/\/api.w.org\/{rel}","templated":true}]}}