{"id":88613,"date":"2025-08-21T11:23:21","date_gmt":"2025-08-21T11:23:21","guid":{"rendered":"https:\/\/brandss.com.py\/index\/?post_type=product&#038;p=88613"},"modified":"2025-08-21T11:25:10","modified_gmt":"2025-08-21T11:25:10","slug":"perfume-femenino-lonkoom-island-romance-edp-50ml","status":"publish","type":"product","link":"https:\/\/brandss.com.py\/index\/producto\/perfume-femenino-lonkoom-island-romance-edp-50ml\/","title":{"rendered":"PERFUME FEMENINO LONKOOM ISLAND ROMANCE EDP 50ML"},"content":{"rendered":"<p><img loading=\"lazy\" decoding=\"async\" class=\"\" src=\"https:\/\/lonkoom.my\/cdn\/shop\/files\/1_79da2e9c-32a3-4d5a-bd07-f0ad2dc1ade3_714x.png?v=1701281132\" alt=\"My Store\" width=\"125\" height=\"43\" \/><\/p>\n<h1>ISLAND ROMANCE<\/h1>\n<p>Una fragancia para mujer con un aroma fresco, como el de unas vacaciones en una isla tropical. Su aroma perdura todo el d\u00eda con una mezcla de frutas y flores que evocan una sensaci\u00f3n dulce y seductora.<\/p>\n<ul>\n<li>\n<div><span dir=\"auto\">Un aroma fresco, como unas vacaciones en una isla tropical.<\/span><\/div>\n<\/li>\n<li>\n<div><span dir=\"auto\">Una mezcla de aromas frutales y florales.<\/span><\/div>\n<\/li>\n<li>\n<div><span dir=\"auto\">Perfume duradero durante todo el d\u00eda.<\/span><\/div>\n<\/li>\n<li>\n<div><span dir=\"auto\">Perfecto para mujeres que aman la frescura y la seducci\u00f3n.<\/span><\/div>\n<\/li>\n<li>\n<div data-spm-anchor-id=\"a2o4m.pdp_revamp.product_detail.i4.330324400PZKXy\"><span dir=\"auto\">Tama\u00f1o 50 ml, c\u00f3modo de usar, f\u00e1cil de transportar.<\/span><\/div>\n<\/li>\n<\/ul>\n<h3>Notas Olfativas<\/h3>\n<p class=\"QN2lPu\"><span dir=\"auto\">Island Romance es una fragancia que d<\/span><span dir=\"auto\">esprende un fresco aroma afrutado de ciruela y manzana, y finaliza con un suave aroma amaderado y almizclado.<\/span><\/p>\n<p class=\"QN2lPu\">\n<p class=\"QN2lPu\"><span dir=\"auto\">Fragancia: Oriental Afrutado<\/span><\/p>\n<p class=\"QN2lPu\"><span dir=\"auto\"><strong>Nota de salida:<\/strong> ciruela, manzana.<\/span><\/p>\n<p class=\"QN2lPu\"><span dir=\"auto\"><strong>Notas de coraz\u00f3n:<\/strong> madera.<\/span><\/p>\n<p class=\"QN2lPu\"><span dir=\"auto\"><strong>Nota de fondo:<\/strong> Almizcle.<\/span><\/p>\n","protected":false},"excerpt":{"rendered":"<p>ISLAND ROMANCE Una fragancia para mujer con un aroma fresco, como el de unas vacaciones en una isla tropical. Su<\/p>\n","protected":false},"featured_media":88614,"comment_status":"open","ping_status":"closed","template":"","meta":{"nf_dc_page":""},"product_brand":[],"product_cat":[84],"product_tag":[],"class_list":{"0":"post-88613","1":"product","2":"type-product","3":"status-publish","4":"has-post-thumbnail","6":"product_cat-perfumeria","8":"first","9":"instock","10":"shipping-taxable","11":"purchasable","12":"product-type-simple"},"_links":{"self":[{"href":"https:\/\/brandss.com.py\/index\/wp-json\/wp\/v2\/product\/88613","targetHints":{"allow":["GET"]}}],"collection":[{"href":"https:\/\/brandss.com.py\/index\/wp-json\/wp\/v2\/product"}],"about":[{"href":"https:\/\/brandss.com.py\/index\/wp-json\/wp\/v2\/types\/product"}],"replies":[{"embeddable":true,"href":"https:\/\/brandss.com.py\/index\/wp-json\/wp\/v2\/comments?post=88613"}],"version-history":[{"count":1,"href":"https:\/\/brandss.com.py\/index\/wp-json\/wp\/v2\/product\/88613\/revisions"}],"predecessor-version":[{"id":88618,"href":"https:\/\/brandss.com.py\/index\/wp-json\/wp\/v2\/product\/88613\/revisions\/88618"}],"wp:featuredmedia":[{"embeddable":true,"href":"https:\/\/brandss.com.py\/index\/wp-json\/wp\/v2\/media\/88614"}],"wp:attachment":[{"href":"https:\/\/brandss.com.py\/index\/wp-json\/wp\/v2\/media?parent=88613"}],"wp:term":[{"taxonomy":"product_brand","embeddable":true,"href":"https:\/\/brandss.com.py\/index\/wp-json\/wp\/v2\/product_brand?post=88613"},{"taxonomy":"product_cat","embeddable":true,"href":"https:\/\/brandss.com.py\/index\/wp-json\/wp\/v2\/product_cat?post=88613"},{"taxonomy":"product_tag","embeddable":true,"href":"https:\/\/brandss.com.py\/index\/wp-json\/wp\/v2\/product_tag?post=88613"}],"curies":[{"name":"wp","href":"https:\/\/api.w.org\/{rel}","templated":true}]}}