{"id":88631,"date":"2025-08-21T13:33:41","date_gmt":"2025-08-21T13:33:41","guid":{"rendered":"https:\/\/brandss.com.py\/index\/?post_type=product&#038;p=88631"},"modified":"2025-08-21T13:34:38","modified_gmt":"2025-08-21T13:34:38","slug":"perfume-femenino-lonkoom-noble-ruby-edp-100ml","status":"publish","type":"product","link":"https:\/\/brandss.com.py\/index\/producto\/perfume-femenino-lonkoom-noble-ruby-edp-100ml\/","title":{"rendered":"PERFUME FEMENINO LONKOOM NOBLE RUBY EDP 100ML"},"content":{"rendered":"<p><img loading=\"lazy\" decoding=\"async\" class=\"\" src=\"https:\/\/lonkoom.my\/cdn\/shop\/files\/1_79da2e9c-32a3-4d5a-bd07-f0ad2dc1ade3_714x.png?v=1701281132\" alt=\"My Store\" width=\"133\" height=\"46\" \/><\/p>\n<h1>NOBLE RUBY<\/h1>\n<p><span dir=\"auto\">Es una fragancia con la combinaci\u00f3n perfecta de elegancia, pasi\u00f3n y feminidad atemporal. Su rico aroma afrutado-floral, envuelto en c\u00e1lidas y sensuales notas de fondo, lo convierte en una opci\u00f3n irresistible para mujeres seguras de s\u00ed mismas. <\/span><span dir=\"auto\">El perfume Noble Ruby<\/span><span dir=\"auto\"> te garantiza una impresi\u00f3n elegante y duradera dondequiera que vayas. <\/span><\/p>\n<p><span dir=\"auto\">Es una fragancia premium que encarna la audacia, la elegancia y la gracia. Creado para quienes aprecian el lujo con un toque de sensualidad, Noble Ruby ofrece un aroma cautivador que lo dice todo sin necesidad de palabras. Ya sea para el d\u00eda a d\u00eda o para una ocasi\u00f3n especial, este perfume est\u00e1 dise\u00f1ado para hacerte inolvidable.\u00a0<\/span><\/p>\n<p><img loading=\"lazy\" decoding=\"async\" class=\"alignleft\" src=\"https:\/\/down-my.img.susercontent.com\/file\/my-11134207-7rasg-mb55tsf71frf83.webp\" width=\"393\" height=\"393\" \/><\/p>\n<h3>Notas Olfativas<\/h3>\n<p>&nbsp;<\/p>\n<p>Noble Rubi es una fragancia femenina frutal floral, a<span dir=\"auto\">roma dulce, sensual y dimensional.Una apertura afrutada y picante irresistible que es vibrante y llama la atenci\u00f3n. El coraz\u00f3n floral a\u00f1ade un toque de feminidad y elegancia, otorgando al aroma profundidad y encanto rom\u00e1ntico. La base es c\u00e1lida, cremosa y sensual y deja una impresi\u00f3n duradera que perdura durante todo el d\u00eda.<\/span><\/p>\n<p data-spm-anchor-id=\"a2a0e.pdp_revamp.product_detail.i1.7155125caYe8S9\">\n<ul style=\"font-weight: 400\">\n<li><b><strong>Notas de salida:<\/strong><\/b> lim\u00f3n, mandarina, naranja roja, Argentina.<\/li>\n<li><b><strong>Notas de coraz\u00f3n:<\/strong><\/b> cilantro, jazm\u00edn, artemisia, nuez moscada, albahaca.<\/li>\n<li><b><strong>Notas de fondo:<\/strong><\/b> aceite de abedul, madera de acacia, pachul\u00ed, vetiver.<\/li>\n<\/ul>\n<p style=\"font-weight: 400\">\n","protected":false},"excerpt":{"rendered":"<p>NOBLE RUBY Es una fragancia con la combinaci\u00f3n perfecta de elegancia, pasi\u00f3n y feminidad atemporal. Su rico aroma afrutado-floral, envuelto<\/p>\n","protected":false},"featured_media":88632,"comment_status":"open","ping_status":"closed","template":"","meta":{"nf_dc_page":""},"product_brand":[],"product_cat":[84],"product_tag":[],"class_list":{"0":"post-88631","1":"product","2":"type-product","3":"status-publish","4":"has-post-thumbnail","6":"product_cat-perfumeria","8":"first","9":"instock","10":"shipping-taxable","11":"purchasable","12":"product-type-simple"},"_links":{"self":[{"href":"https:\/\/brandss.com.py\/index\/wp-json\/wp\/v2\/product\/88631","targetHints":{"allow":["GET"]}}],"collection":[{"href":"https:\/\/brandss.com.py\/index\/wp-json\/wp\/v2\/product"}],"about":[{"href":"https:\/\/brandss.com.py\/index\/wp-json\/wp\/v2\/types\/product"}],"replies":[{"embeddable":true,"href":"https:\/\/brandss.com.py\/index\/wp-json\/wp\/v2\/comments?post=88631"}],"version-history":[{"count":1,"href":"https:\/\/brandss.com.py\/index\/wp-json\/wp\/v2\/product\/88631\/revisions"}],"predecessor-version":[{"id":88638,"href":"https:\/\/brandss.com.py\/index\/wp-json\/wp\/v2\/product\/88631\/revisions\/88638"}],"wp:featuredmedia":[{"embeddable":true,"href":"https:\/\/brandss.com.py\/index\/wp-json\/wp\/v2\/media\/88632"}],"wp:attachment":[{"href":"https:\/\/brandss.com.py\/index\/wp-json\/wp\/v2\/media?parent=88631"}],"wp:term":[{"taxonomy":"product_brand","embeddable":true,"href":"https:\/\/brandss.com.py\/index\/wp-json\/wp\/v2\/product_brand?post=88631"},{"taxonomy":"product_cat","embeddable":true,"href":"https:\/\/brandss.com.py\/index\/wp-json\/wp\/v2\/product_cat?post=88631"},{"taxonomy":"product_tag","embeddable":true,"href":"https:\/\/brandss.com.py\/index\/wp-json\/wp\/v2\/product_tag?post=88631"}],"curies":[{"name":"wp","href":"https:\/\/api.w.org\/{rel}","templated":true}]}}