{"id":88648,"date":"2025-08-21T16:50:18","date_gmt":"2025-08-21T16:50:18","guid":{"rendered":"https:\/\/brandss.com.py\/index\/?post_type=product&#038;p=88648"},"modified":"2025-08-21T16:51:57","modified_gmt":"2025-08-21T16:51:57","slug":"perfume-femenino-lonkoom-24k-burgundy-edp-100ml","status":"publish","type":"product","link":"https:\/\/brandss.com.py\/index\/producto\/perfume-femenino-lonkoom-24k-burgundy-edp-100ml\/","title":{"rendered":"PERFUME FEMENINO LONKOOM 24K BURGUNDY EDP 100ML"},"content":{"rendered":"<p><img loading=\"lazy\" decoding=\"async\" class=\"\" src=\"https:\/\/lonkoom.my\/cdn\/shop\/files\/1_79da2e9c-32a3-4d5a-bd07-f0ad2dc1ade3_714x.png?v=1701281132\" alt=\"My Store\" width=\"142\" height=\"49\" \/><\/p>\n<h1>24K BURGUNDY<\/h1>\n<p>Descubre la esencia del lujo y la sofisticaci\u00f3n con el perfume femenino 24K Burgundy, una fragancia que captura la esencia de la feminidad en cada gota. Dise\u00f1ado para mujeres de todas las edades, este perfume se destaca por su aroma floral-frutal creando un aroma que es tanto refrescante como cautivador.<\/p>\n<p>El perfume 24K Burgundy es m\u00e1s que una fragancia, es la expresi\u00f3n de una actitud ante la vida. Cada aplicaci\u00f3n es como envolver la piel en una capa invisible de seda, suave y lujosa. Su estructura arom\u00e1tica \u00fanica se revela en diferentes niveles con el cambio del tiempo y la temperatura del cuerpo, como si evolucionara con cada movimiento y estado de \u00e1nimo de la mujer.<\/p>\n<p><img loading=\"lazy\" decoding=\"async\" class=\"alignleft\" src=\"https:\/\/my-test-11.slatic.net\/p\/82e4847afe407a77a87ad4adfbc929a5.jpg\" width=\"535\" height=\"535\" \/><\/p>\n<h3>Notas Olfativas<\/h3>\n<p>24k Burgundy un aroma c\u00edtrico, limpio y amaderado. Disfruta de una cautivadora mezcla de vigorizante mezcla de c\u00edtricos, notas cl\u00e1sicas y una fragancia de madera limpia y fresca, floreciendo en un coraz\u00f3n de rosa fresca, jazm\u00edn, mimosa e ylang-ylang, y estableci\u00e9ndose en una base c\u00e1lida y sensual de pachul\u00ed, almizcle, vainilla, vetiver, haba tonka y mirra roja.<\/p>\n<p>Perfecto para mujeres que anhelan una fragancia que evolucione con elegancia durante todo el d\u00eda.<\/p>\n<p><strong>Notas de salida:<\/strong> naranja, mandarina, bergamota y azahar.<\/p>\n<p><strong>Notas de coraz\u00f3n:<\/strong> rosa fresca, jazm\u00edn, mimosa e ylang-ylang.<\/p>\n<p><strong>Notas de fondo:<\/strong> pachul\u00ed, almizcle, vainilla, vetiver, haba tonka y mirra roja.<\/p>\n","protected":false},"excerpt":{"rendered":"<p>24K BURGUNDY Descubre la esencia del lujo y la sofisticaci\u00f3n con el perfume femenino 24K Burgundy, una fragancia que captura<\/p>\n","protected":false},"featured_media":88649,"comment_status":"open","ping_status":"closed","template":"","meta":{"nf_dc_page":""},"product_brand":[],"product_cat":[84],"product_tag":[],"class_list":{"0":"post-88648","1":"product","2":"type-product","3":"status-publish","4":"has-post-thumbnail","6":"product_cat-perfumeria","8":"first","9":"instock","10":"shipping-taxable","11":"purchasable","12":"product-type-simple"},"_links":{"self":[{"href":"https:\/\/brandss.com.py\/index\/wp-json\/wp\/v2\/product\/88648","targetHints":{"allow":["GET"]}}],"collection":[{"href":"https:\/\/brandss.com.py\/index\/wp-json\/wp\/v2\/product"}],"about":[{"href":"https:\/\/brandss.com.py\/index\/wp-json\/wp\/v2\/types\/product"}],"replies":[{"embeddable":true,"href":"https:\/\/brandss.com.py\/index\/wp-json\/wp\/v2\/comments?post=88648"}],"version-history":[{"count":1,"href":"https:\/\/brandss.com.py\/index\/wp-json\/wp\/v2\/product\/88648\/revisions"}],"predecessor-version":[{"id":88657,"href":"https:\/\/brandss.com.py\/index\/wp-json\/wp\/v2\/product\/88648\/revisions\/88657"}],"wp:featuredmedia":[{"embeddable":true,"href":"https:\/\/brandss.com.py\/index\/wp-json\/wp\/v2\/media\/88649"}],"wp:attachment":[{"href":"https:\/\/brandss.com.py\/index\/wp-json\/wp\/v2\/media?parent=88648"}],"wp:term":[{"taxonomy":"product_brand","embeddable":true,"href":"https:\/\/brandss.com.py\/index\/wp-json\/wp\/v2\/product_brand?post=88648"},{"taxonomy":"product_cat","embeddable":true,"href":"https:\/\/brandss.com.py\/index\/wp-json\/wp\/v2\/product_cat?post=88648"},{"taxonomy":"product_tag","embeddable":true,"href":"https:\/\/brandss.com.py\/index\/wp-json\/wp\/v2\/product_tag?post=88648"}],"curies":[{"name":"wp","href":"https:\/\/api.w.org\/{rel}","templated":true}]}}