{"id":88658,"date":"2025-08-21T18:05:40","date_gmt":"2025-08-21T18:05:40","guid":{"rendered":"https:\/\/brandss.com.py\/index\/?post_type=product&#038;p=88658"},"modified":"2025-08-21T18:09:25","modified_gmt":"2025-08-21T18:09:25","slug":"perfume-femenino-lonkoom-24k-nude-rose-edp-100ml","status":"publish","type":"product","link":"https:\/\/brandss.com.py\/index\/producto\/perfume-femenino-lonkoom-24k-nude-rose-edp-100ml\/","title":{"rendered":"PERFUME FEMENINO LONKOOM 24K NUDE ROSE EDP 100ML"},"content":{"rendered":"<p><img loading=\"lazy\" decoding=\"async\" class=\"\" src=\"https:\/\/lonkoom.my\/cdn\/shop\/files\/1_79da2e9c-32a3-4d5a-bd07-f0ad2dc1ade3_714x.png?v=1701281132\" alt=\"My Store\" width=\"125\" height=\"43\" \/><\/p>\n<h1>24K NUDE ROSE<\/h1>\n<p><em><strong>Rubor delicado en el aire.<\/strong><\/em><\/p>\n<p>En el suave rubor del amanecer, florece 24k Nude Rose un susurro luminoso de pura feminidad. Elaborada para el espiritu que abraza su brillo juvenil, es un aroma de dulce inocencia y suave confianza, radiante para cada nuevo comienzo.<img loading=\"lazy\" decoding=\"async\" class=\"alignright\" src=\"https:\/\/images.tokopedia.net\/img\/cache\/700\/VqbcmM\/2025\/3\/26\/198a7717-aa4b-4e4c-93b3-eecb76e808f0.jpg\" width=\"380\" height=\"380\" \/><\/p>\n<p>Ligera, sin esfuerzo, inolvidablemente pura. Envuelta en un rubor luminoso, es tu firma fresca y hermosa.<\/p>\n<p>&nbsp;<\/p>\n<h3>Notas Olfativas<\/h3>\n<p>&nbsp;<\/p>\n<p>Del\u00e9itate con el aroma fresco floral y polvorienta con un suave toque dulce que se encuentra en la 24k Nude Rose.<\/p>\n<p>Imagina el guisante de olor iluminado por el sol y la c\u00edtrica bergamota brillando como el roc\u00edo de la ma\u00f1ana, despleg\u00e1ndose en notas de coraz\u00f3n de peon\u00eda aterciopelada y la esencia apenas perceptible de la rosa desnuda.<\/p>\n<p>Este tierno ramo se asienta en una recofortante caricia de almizcle limpio.<\/p>\n<p><img loading=\"lazy\" decoding=\"async\" class=\"alignleft\" src=\"https:\/\/http2.mlstatic.com\/D_NQ_NP_2X_769560-CBT81971380937_012025-F-perfume-floral-lonkoom-24k-nude-rose-para-mujer-100ml.webp\" width=\"379\" height=\"330\" \/>Perfecto para mujeres que anhelan una fragancia que evolucione con elegancia durante todo el d\u00eda. Su mezcla equilibrada de notas dulces y c\u00e1lidas lo convierte en un elemento b\u00e1sico durante todo el a\u00f1o en la colecci\u00f3n de todas las mujeres modernas.<\/p>\n<p>&nbsp;<\/p>\n<p><strong>Notas de salida:<\/strong> guisantes dulces, bergamota.<\/p>\n<p><strong>Notas de coraz\u00f3n:<\/strong> peon\u00eda fresca, rosa.<\/p>\n<p><strong>Notas de fondo:<\/strong> almizcle.<\/p>\n<p>&nbsp;<\/p>\n","protected":false},"excerpt":{"rendered":"<p>24K NUDE ROSE Rubor delicado en el aire. En el suave rubor del amanecer, florece 24k Nude Rose un susurro<\/p>\n","protected":false},"featured_media":88659,"comment_status":"open","ping_status":"closed","template":"","meta":{"nf_dc_page":""},"product_brand":[],"product_cat":[84],"product_tag":[],"class_list":{"0":"post-88658","1":"product","2":"type-product","3":"status-publish","4":"has-post-thumbnail","6":"product_cat-perfumeria","8":"first","9":"instock","10":"shipping-taxable","11":"purchasable","12":"product-type-simple"},"_links":{"self":[{"href":"https:\/\/brandss.com.py\/index\/wp-json\/wp\/v2\/product\/88658","targetHints":{"allow":["GET"]}}],"collection":[{"href":"https:\/\/brandss.com.py\/index\/wp-json\/wp\/v2\/product"}],"about":[{"href":"https:\/\/brandss.com.py\/index\/wp-json\/wp\/v2\/types\/product"}],"replies":[{"embeddable":true,"href":"https:\/\/brandss.com.py\/index\/wp-json\/wp\/v2\/comments?post=88658"}],"version-history":[{"count":1,"href":"https:\/\/brandss.com.py\/index\/wp-json\/wp\/v2\/product\/88658\/revisions"}],"predecessor-version":[{"id":88666,"href":"https:\/\/brandss.com.py\/index\/wp-json\/wp\/v2\/product\/88658\/revisions\/88666"}],"wp:featuredmedia":[{"embeddable":true,"href":"https:\/\/brandss.com.py\/index\/wp-json\/wp\/v2\/media\/88659"}],"wp:attachment":[{"href":"https:\/\/brandss.com.py\/index\/wp-json\/wp\/v2\/media?parent=88658"}],"wp:term":[{"taxonomy":"product_brand","embeddable":true,"href":"https:\/\/brandss.com.py\/index\/wp-json\/wp\/v2\/product_brand?post=88658"},{"taxonomy":"product_cat","embeddable":true,"href":"https:\/\/brandss.com.py\/index\/wp-json\/wp\/v2\/product_cat?post=88658"},{"taxonomy":"product_tag","embeddable":true,"href":"https:\/\/brandss.com.py\/index\/wp-json\/wp\/v2\/product_tag?post=88658"}],"curies":[{"name":"wp","href":"https:\/\/api.w.org\/{rel}","templated":true}]}}