{"id":88675,"date":"2025-08-21T19:19:10","date_gmt":"2025-08-21T19:19:10","guid":{"rendered":"https:\/\/brandss.com.py\/index\/?post_type=product&#038;p=88675"},"modified":"2025-08-22T10:29:40","modified_gmt":"2025-08-22T10:29:40","slug":"perfume-masculino-lonkoom-regal-gold-edp-100ml","status":"publish","type":"product","link":"https:\/\/brandss.com.py\/index\/producto\/perfume-masculino-lonkoom-regal-gold-edp-100ml\/","title":{"rendered":"PERFUME MASCULINO LONKOOM REGAL GOLD EDP 100ML"},"content":{"rendered":"<p><img loading=\"lazy\" decoding=\"async\" class=\"\" src=\"https:\/\/lonkoom.my\/cdn\/shop\/files\/1_79da2e9c-32a3-4d5a-bd07-f0ad2dc1ade3_714x.png?v=1701281132\" alt=\"My Store\" width=\"79\" height=\"27\" \/><\/p>\n<h1>REGAL GOLD<\/h1>\n<p>Es el aroma de un hombre guapo, caballeroso, rom\u00e1ntico, c\u00e1lido, moderno y lujoso de una manera que no es exagerada, pero a\u00fan as\u00ed con su propia personalidad.Transmitiendo una sensaci\u00f3n de sensualidad y misterio, d\u00e1ndole la apariencia de un hombre inteligente y digno, pero a la vez moderno, encantador y digno de ser buscado sin esfuerzo, poderoso, formidable e inquebrantable.<\/p>\n<p><img loading=\"lazy\" decoding=\"async\" class=\"alignleft\" src=\"https:\/\/my-test-11.slatic.net\/p\/25b3855ff9e65b4e9ae5c639b60ea6e3.png\" width=\"432\" height=\"432\" \/><\/p>\n<h3>Notas Olfativas<\/h3>\n<p>Aroma c\u00e1lido con un toque especiado.<\/p>\n<p><span dir=\"auto\"><strong>Notas de salida:<\/strong> orqu\u00eddea, heliotropo, mandarina.<\/span><\/p>\n<p><span dir=\"auto\"><strong>Notas de coraz\u00f3n:<\/strong> gourmand, fruta tropical.<\/span><\/p>\n<p><span dir=\"auto\"><strong>Notas de fondo:<\/strong> vainilla, almizcle, s\u00e1ndalo.<\/span><\/p>\n","protected":false},"excerpt":{"rendered":"<p>REGAL GOLD Es el aroma de un hombre guapo, caballeroso, rom\u00e1ntico, c\u00e1lido, moderno y lujoso de una manera que no<\/p>\n","protected":false},"featured_media":88676,"comment_status":"open","ping_status":"closed","template":"","meta":{"nf_dc_page":""},"product_brand":[],"product_cat":[84],"product_tag":[],"class_list":{"0":"post-88675","1":"product","2":"type-product","3":"status-publish","4":"has-post-thumbnail","6":"product_cat-perfumeria","8":"first","9":"outofstock","10":"shipping-taxable","11":"purchasable","12":"product-type-simple"},"_links":{"self":[{"href":"https:\/\/brandss.com.py\/index\/wp-json\/wp\/v2\/product\/88675","targetHints":{"allow":["GET"]}}],"collection":[{"href":"https:\/\/brandss.com.py\/index\/wp-json\/wp\/v2\/product"}],"about":[{"href":"https:\/\/brandss.com.py\/index\/wp-json\/wp\/v2\/types\/product"}],"replies":[{"embeddable":true,"href":"https:\/\/brandss.com.py\/index\/wp-json\/wp\/v2\/comments?post=88675"}],"version-history":[{"count":1,"href":"https:\/\/brandss.com.py\/index\/wp-json\/wp\/v2\/product\/88675\/revisions"}],"predecessor-version":[{"id":88682,"href":"https:\/\/brandss.com.py\/index\/wp-json\/wp\/v2\/product\/88675\/revisions\/88682"}],"wp:featuredmedia":[{"embeddable":true,"href":"https:\/\/brandss.com.py\/index\/wp-json\/wp\/v2\/media\/88676"}],"wp:attachment":[{"href":"https:\/\/brandss.com.py\/index\/wp-json\/wp\/v2\/media?parent=88675"}],"wp:term":[{"taxonomy":"product_brand","embeddable":true,"href":"https:\/\/brandss.com.py\/index\/wp-json\/wp\/v2\/product_brand?post=88675"},{"taxonomy":"product_cat","embeddable":true,"href":"https:\/\/brandss.com.py\/index\/wp-json\/wp\/v2\/product_cat?post=88675"},{"taxonomy":"product_tag","embeddable":true,"href":"https:\/\/brandss.com.py\/index\/wp-json\/wp\/v2\/product_tag?post=88675"}],"curies":[{"name":"wp","href":"https:\/\/api.w.org\/{rel}","templated":true}]}}